{"id":36,"date":"2013-04-26T15:54:23","date_gmt":"2013-04-26T13:54:23","guid":{"rendered":"http:\/\/kymenlaaksonosakunta.fi\/kyoseniorit\/?page_id=36"},"modified":"2026-03-08T16:10:48","modified_gmt":"2026-03-08T14:10:48","slug":"tervetuloa","status":"publish","type":"page","link":"http:\/\/kymenlaaksonosakunta.fi\/seniorit\/","title":{"rendered":"Tervetuloa!"},"content":{"rendered":"<p><strong><a href=\"http:\/\/kymenlaaksonosakunta.fi\/seniorit\/wp-content\/uploads\/2023\/09\/Seniorisitsit2023ryhmakuva.jpg\"><img loading=\"lazy\" decoding=\"async\" class=\"alignnone size-large wp-image-913\" src=\"http:\/\/kymenlaaksonosakunta.fi\/seniorit\/wp-content\/uploads\/2023\/09\/Seniorisitsit2023ryhmakuva-1024x514.jpg\" alt=\"Ryhm\u00e4kuva seniorisitseilt\u00e4\" width=\"660\" height=\"331\" srcset=\"http:\/\/kymenlaaksonosakunta.fi\/seniorit\/wp-content\/uploads\/2023\/09\/Seniorisitsit2023ryhmakuva-1024x514.jpg 1024w, http:\/\/kymenlaaksonosakunta.fi\/seniorit\/wp-content\/uploads\/2023\/09\/Seniorisitsit2023ryhmakuva-300x151.jpg 300w, http:\/\/kymenlaaksonosakunta.fi\/seniorit\/wp-content\/uploads\/2023\/09\/Seniorisitsit2023ryhmakuva-768x386.jpg 768w, http:\/\/kymenlaaksonosakunta.fi\/seniorit\/wp-content\/uploads\/2023\/09\/Seniorisitsit2023ryhmakuva-1536x771.jpg 1536w, http:\/\/kymenlaaksonosakunta.fi\/seniorit\/wp-content\/uploads\/2023\/09\/Seniorisitsit2023ryhmakuva.jpg 2048w\" sizes=\"auto, (max-width: 660px) 100vw, 660px\" \/><\/a><\/strong><\/p>\n<p><strong>Kymenlaakson Osakunnan Seniorit ry\u00a0<\/strong>on tammikuussa 1996 perustettu\u00a0<a href=\"http:\/\/kymenlaaksonosakunta.fi\" target=\"_blank\" rel=\"noopener\">Kymenlaakson Osakunnan<\/a> seniorij\u00e4rjest\u00f6. J\u00e4rjest\u00f6 kokoaa yhteen Osakunnan entiset j\u00e4senet ja pit\u00e4\u00e4 tiiviisti yhteytt\u00e4 Osakuntaan. KyOn Seniorit ry j\u00e4rjest\u00e4\u00e4 monenlaista toimintaa aina p\u00f6yt\u00e4juhlista ja illanvietoista kulttuurivierailuihin ja koko perheen ulkoilup\u00e4iviin.<\/p>\n<p>Kymenlaakson osakunnan seniorit ry lakkautettiin rekister\u00f6ityneen\u00e4 yhdistyksen\u00e4 2026. Senioreiden yhteydenpidon ja yhteisen toiminnan jatkosta, esim. rekister\u00f6itym\u00e4tt\u00f6m\u00e4n\u00e4 yhdistyksen\u00e4 tai viestiryhmin\u00e4, keskustellaan.<\/p>\n<figure id=\"attachment_516\" aria-describedby=\"caption-attachment-516\" style=\"width: 660px\" class=\"wp-caption aligncenter\"><a href=\"http:\/\/kymenlaaksonosakunta.fi\/seniorit\/wp-content\/uploads\/2013\/04\/DSC_0429.jpg\" rel=\"attachment wp-att-516\"><img loading=\"lazy\" decoding=\"async\" class=\"size-large wp-image-516\" src=\"http:\/\/kymenlaaksonosakunta.fi\/seniorit\/wp-content\/uploads\/2013\/04\/DSC_0429-1024x680.jpg\" alt=\"Senioreita j\u00e4rjest\u00f6n 20-vuotisjuhlilla 16.1.2016 ravintola Hima&amp;Salissa.\" width=\"660\" height=\"438\" srcset=\"http:\/\/kymenlaaksonosakunta.fi\/seniorit\/wp-content\/uploads\/2013\/04\/DSC_0429-1024x680.jpg 1024w, http:\/\/kymenlaaksonosakunta.fi\/seniorit\/wp-content\/uploads\/2013\/04\/DSC_0429-300x199.jpg 300w, http:\/\/kymenlaaksonosakunta.fi\/seniorit\/wp-content\/uploads\/2013\/04\/DSC_0429-768x510.jpg 768w\" sizes=\"auto, (max-width: 660px) 100vw, 660px\" \/><\/a><figcaption id=\"caption-attachment-516\" class=\"wp-caption-text\">Senioreita j\u00e4rjest\u00f6n 20-vuotisjuhlilla 16.1.2016 ravintola Hima&amp;Salissa.<\/figcaption><\/figure>\n","protected":false},"excerpt":{"rendered":"<p>Kymenlaakson Osakunnan Seniorit ry\u00a0on tammikuussa 1996 perustettu\u00a0Kymenlaakson Osakunnan seniorij\u00e4rjest\u00f6. J\u00e4rjest\u00f6 kokoaa yhteen Osakunnan entiset j\u00e4senet ja pit\u00e4\u00e4 tiiviisti yhteytt\u00e4 Osakuntaan. KyOn Seniorit ry j\u00e4rjest\u00e4\u00e4 monenlaista toimintaa aina p\u00f6yt\u00e4juhlista ja illanvietoista kulttuurivierailuihin ja koko perheen ulkoilup\u00e4iviin. Kymenlaakson osakunnan seniorit ry lakkautettiin rekister\u00f6ityneen\u00e4 yhdistyksen\u00e4 2026. Senioreiden yhteydenpidon ja yhteisen toiminnan jatkosta, esim. rekister\u00f6itym\u00e4tt\u00f6m\u00e4n\u00e4 yhdistyksen\u00e4 tai viestiryhmin\u00e4, keskustellaan.<\/p>\n","protected":false},"author":1,"featured_media":0,"parent":0,"menu_order":1,"comment_status":"closed","ping_status":"open","template":"","meta":{"footnotes":""},"class_list":["post-36","page","type-page","status-publish","hentry"],"_links":{"self":[{"href":"http:\/\/kymenlaaksonosakunta.fi\/seniorit\/wp-json\/wp\/v2\/pages\/36","targetHints":{"allow":["GET"]}}],"collection":[{"href":"http:\/\/kymenlaaksonosakunta.fi\/seniorit\/wp-json\/wp\/v2\/pages"}],"about":[{"href":"http:\/\/kymenlaaksonosakunta.fi\/seniorit\/wp-json\/wp\/v2\/types\/page"}],"author":[{"embeddable":true,"href":"http:\/\/kymenlaaksonosakunta.fi\/seniorit\/wp-json\/wp\/v2\/users\/1"}],"replies":[{"embeddable":true,"href":"http:\/\/kymenlaaksonosakunta.fi\/seniorit\/wp-json\/wp\/v2\/comments?post=36"}],"version-history":[{"count":28,"href":"http:\/\/kymenlaaksonosakunta.fi\/seniorit\/wp-json\/wp\/v2\/pages\/36\/revisions"}],"predecessor-version":[{"id":986,"href":"http:\/\/kymenlaaksonosakunta.fi\/seniorit\/wp-json\/wp\/v2\/pages\/36\/revisions\/986"}],"wp:attachment":[{"href":"http:\/\/kymenlaaksonosakunta.fi\/seniorit\/wp-json\/wp\/v2\/media?parent=36"}],"curies":[{"name":"wp","href":"https:\/\/api.w.org\/{rel}","templated":true}]}}