{"id":46,"date":"2013-04-26T15:57:18","date_gmt":"2013-04-26T13:57:18","guid":{"rendered":"http:\/\/kymenlaaksonosakunta.fi\/kyoseniorit\/?page_id=46"},"modified":"2026-03-08T15:58:20","modified_gmt":"2026-03-08T13:58:20","slug":"jaseneksi","status":"publish","type":"page","link":"http:\/\/kymenlaaksonosakunta.fi\/seniorit\/jaseneksi\/","title":{"rendered":"J\u00e4senyys"},"content":{"rendered":"<h3>Liity j\u00e4seneksi<\/h3>\n<p>Kymenlaakson Osakunnan Seniorit ry:n j\u00e4seneksi ovat tervetulleita kaikki Kymenlaakson Osakunnan entiset j\u00e4senet sek\u00e4 muut kymenlaaksohengess\u00e4 kunnostautuneet. Muistathan, ett\u00e4 olet valmistuttuasi automaattisesti Kymenlaakson Osakunnan alumnij\u00e4sen.<\/p>\n<p>J\u00e4seneksi liityt\u00e4\u00e4n\u00a0maksamalla j\u00e4senmaksu. J\u00e4senmaksun suuruus p\u00e4\u00e4tet\u00e4\u00e4n kuluvalle vuodelle vuosikokouksessa kev\u00e4\u00e4ll\u00e4. Jos maksat j\u00e4senmaksun muulta kuin omalta tililt\u00e4si, j\u00e4t\u00e4 viite pois ja kirjoita viestikentt\u00e4\u00e4n oma nimesi.<\/p>\n<h4>Vuoden 2025 j\u00e4senmaksu<\/h4>\n<p><strong>Maksun saaja:<\/strong> Kymenlaakson Osakunnan Seniorit ry<br \/>\n<strong>Saajan tilinumero:<\/strong> Nordea FI82 1010 3000 2029 86<br \/>\n<strong>Maksun m\u00e4\u00e4r\u00e4<\/strong>: 20 euroa<br \/>\n<strong>Viite:\u00a0<\/strong>20200<\/p>\n<p>J\u00e4senmaksu kattaa kalenterivuoden (tammikuusta joulukuuhun).<\/p>\n<p>Vuoden 2025 j\u00e4senmaksu on p\u00e4\u00e4tetty kev\u00e4\u00e4n vuosikokouksessa.<\/p>\n<p>Uusi j\u00e4sen: Maksamisen j\u00e4lkeen t\u00e4yt\u00e4 alla oleva s\u00e4hk\u00f6inen lomake, jonka perusteella j\u00e4senrekisterin yll\u00e4pit\u00e4j\u00e4 lis\u00e4\u00e4 tietosi j\u00e4senrekisteriin.<\/p>\n<h5><strong>UKK j\u00e4senmaksusta<\/strong><\/h5>\n<p><em>Haluaisin liitty\u00e4 j\u00e4seneksi, mutta on jo loppuvuosi. Kannattaako minun maksaa j\u00e4senmaksu loppuvalta vuodelta?<\/em><\/p>\n<p>Jos loppuvuonna j\u00e4rjestet\u00e4\u00e4n tapahtumia, joihin j\u00e4senten osallistumista tuetaan sponssimaksulla, sinun kannattaa maksaa j\u00e4senmaksu.<br \/>\nJos taas haluat osallistua vain ns. ilmaisiin tapahtumiin, voit odottaa seuraavan vuoden j\u00e4senmaksuohjeita.<br \/>\nToisaalta, jos haluat olla \u00e4\u00e4nivaltainen vuosikokouksessa, on sinun liitytt\u00e4v\u00e4 j\u00e4seneksi ja maksettava j\u00e4senmaksu ennen vuosikokousta.<br \/>\nJ\u00e4senmaksu on pysynyt samana jo pitk\u00e4\u00e4n. Jos j\u00e4senmaksun maksaa alkuvuodesta edellisvuoden summalla, ja maksun suuruus muuttuu vuosikokouksen my\u00f6t\u00e4, taloudenhoitaja perii sinulta puuttuvan summan.<\/p>\n<h4>J\u00e4sentietolomake<\/h4>\n<p><a href=\"http:\/\/kymenlaaksonosakunta.fi\/seniorit\/wp-content\/uploads\/2019\/03\/Tietosuojaseloste-Kymenlaakson-Osakunnan-Seniorit-ry-j\u00e4senrekisterist\u00e4.pdf\" target=\"_blank\" rel=\"noopener\">Tietosuojaseloste (pdf)<\/a><\/p>\n\n<div class=\"wpcf7 no-js\" id=\"wpcf7-f279-o1\" lang=\"fi\" dir=\"ltr\">\n<div class=\"screen-reader-response\"><p role=\"status\" aria-live=\"polite\" aria-atomic=\"true\"><\/p> <ul><\/ul><\/div>\n<form action=\"\/seniorit\/wp-json\/wp\/v2\/pages\/46#wpcf7-f279-o1\" method=\"post\" class=\"wpcf7-form init\" aria-label=\"Yhteydenottolomake\" novalidate=\"novalidate\" data-status=\"init\">\n<div style=\"display: none;\">\n<input type=\"hidden\" name=\"_wpcf7\" value=\"279\" \/>\n<input type=\"hidden\" name=\"_wpcf7_version\" value=\"5.9.8\" \/>\n<input type=\"hidden\" name=\"_wpcf7_locale\" value=\"fi\" \/>\n<input type=\"hidden\" name=\"_wpcf7_unit_tag\" value=\"wpcf7-f279-o1\" \/>\n<input type=\"hidden\" name=\"_wpcf7_container_post\" value=\"0\" \/>\n<input type=\"hidden\" name=\"_wpcf7_posted_data_hash\" value=\"\" \/>\n<\/div>\n<p>Nimi *\n<\/p>\n<p><span class=\"wpcf7-form-control-wrap\" data-name=\"nimi\"><input size=\"40\" maxlength=\"400\" class=\"wpcf7-form-control wpcf7-text wpcf7-validates-as-required\" aria-required=\"true\" aria-invalid=\"false\" value=\"\" type=\"text\" name=\"nimi\" \/><\/span>\n<\/p>\n<p>Kotipaikka *\n<\/p>\n<p><span class=\"wpcf7-form-control-wrap\" data-name=\"kotipaikka\"><input size=\"40\" maxlength=\"400\" class=\"wpcf7-form-control wpcf7-text wpcf7-validates-as-required\" aria-required=\"true\" aria-invalid=\"false\" value=\"\" type=\"text\" name=\"kotipaikka\" \/><\/span>\n<\/p>\n<p>S\u00e4hk\u00f6posti *\n<\/p>\n<p><span class=\"wpcf7-form-control-wrap\" data-name=\"email\"><input size=\"40\" maxlength=\"400\" class=\"wpcf7-form-control wpcf7-email wpcf7-validates-as-required wpcf7-text wpcf7-validates-as-email\" aria-required=\"true\" aria-invalid=\"false\" value=\"\" type=\"email\" name=\"email\" \/><\/span>\n<\/p>\n<p>Senioreihin liittymisvuosi *\n<\/p>\n<p><span class=\"wpcf7-form-control-wrap\" data-name=\"liittymisvuosi\"><input size=\"40\" maxlength=\"400\" class=\"wpcf7-form-control wpcf7-text wpcf7-validates-as-required\" aria-required=\"true\" aria-invalid=\"false\" value=\"\" type=\"text\" name=\"liittymisvuosi\" \/><\/span>\n<\/p>\n<p>Aika Kymenlaakson Osakunnan j\u00e4senen\u00e4 *\n<\/p>\n<p><span class=\"wpcf7-form-control-wrap\" data-name=\"osakuntavuodet\"><input size=\"40\" maxlength=\"400\" class=\"wpcf7-form-control wpcf7-text wpcf7-validates-as-required\" aria-required=\"true\" aria-invalid=\"false\" value=\"\" type=\"text\" name=\"osakuntavuodet\" \/><\/span>\n<\/p>\n<p>Kotiseutu Kymenlaaksossa\/muualla *\n<\/p>\n<p><span class=\"wpcf7-form-control-wrap\" data-name=\"kymenlaakso\"><input size=\"40\" maxlength=\"400\" class=\"wpcf7-form-control wpcf7-text wpcf7-validates-as-required\" aria-required=\"true\" aria-invalid=\"false\" value=\"\" type=\"text\" name=\"kymenlaakso\" \/><\/span>\n<\/p>\n<p><input class=\"wpcf7-form-control wpcf7-submit has-spinner\" type=\"submit\" value=\"L\u00e4het\u00e4\" \/>\n<\/p><div class=\"wpcf7-response-output\" aria-hidden=\"true\"><\/div>\n<\/form>\n<\/div>\n\n<h3>Tietoa tapahtumista ja toiminnasta<\/h3>\n<p>Tapahtumista kerrotaan useammalla kanavalla<\/p>\n<ul>\n<li>WhatsApp-ryhm\u00e4ss\u00e4 Kyo Seniorit<\/li>\n<li>S\u00e4hk\u00f6postilistalta <em>tiedotus(at)seniorit.kymenlaaksonosakunta.fi<\/em>. Ohjeet s\u00e4hk\u00f6postilistalle liittymiseen l\u00f6yd\u00e4t <a href=\"http:\/\/kymenlaaksonosakunta.fi\/seniorit\/wp-content\/uploads\/2020\/02\/Senioreiden-s\u00e4hk\u00f6postilista-K\u00e4ytt\u00e4j\u00e4n-ohjeet.pdf\" target=\"_blank\" rel=\"noopener\">t\u00e4\u00e4lt\u00e4<\/a>. Listalle liityt\u00e4\u00e4n t\u00e4ytt\u00e4m\u00e4ll\u00e4\u00a0<a href=\"http:\/\/mail.kymenlaaksonosakunta.fi\/mailman\/listinfo\/tiedotus_seniorit.kymenlaaksonosakunta.fi\">lomake<\/a>.<\/li>\n<li>Facebook: Senioreiden oma ryhm\u00e4 <a href=\"https:\/\/www.facebook.com\/groups\/190077034397393\/\" target=\"_blank\" rel=\"noopener\">Kymenlaakson Osakunnan Seniori ry<\/a>.<\/li>\n<\/ul>\n<h3>J\u00e4senedut<\/h3>\n<p>Liittym\u00e4ll\u00e4 j\u00e4seneksi saat alennusta eri tapahtumien ja vierailujen hinnoista ja olet \u00e4\u00e4nioikeutettu vuosikokouksessa.<\/p>\n","protected":false},"excerpt":{"rendered":"<p>Liity j\u00e4seneksi Kymenlaakson Osakunnan Seniorit ry:n j\u00e4seneksi ovat tervetulleita kaikki Kymenlaakson Osakunnan entiset j\u00e4senet sek\u00e4 muut kymenlaaksohengess\u00e4 kunnostautuneet. Muistathan, ett\u00e4 olet valmistuttuasi automaattisesti Kymenlaakson Osakunnan alumnij\u00e4sen. J\u00e4seneksi liityt\u00e4\u00e4n\u00a0maksamalla j\u00e4senmaksu. J\u00e4senmaksun suuruus p\u00e4\u00e4tet\u00e4\u00e4n kuluvalle vuodelle vuosikokouksessa kev\u00e4\u00e4ll\u00e4. Jos maksat j\u00e4senmaksun muulta kuin omalta tililt\u00e4si, j\u00e4t\u00e4 viite pois ja kirjoita viestikentt\u00e4\u00e4n oma nimesi. Vuoden 2025 j\u00e4senmaksu Maksun &hellip; <a href=\"http:\/\/kymenlaaksonosakunta.fi\/seniorit\/jaseneksi\/\" class=\"more-link\">Jatka artikkeliin <span class=\"screen-reader-text\">J\u00e4senyys<\/span><\/a><\/p>\n","protected":false},"author":1,"featured_media":0,"parent":0,"menu_order":3,"comment_status":"closed","ping_status":"open","template":"","meta":{"footnotes":""},"class_list":["post-46","page","type-page","status-publish","hentry"],"_links":{"self":[{"href":"http:\/\/kymenlaaksonosakunta.fi\/seniorit\/wp-json\/wp\/v2\/pages\/46","targetHints":{"allow":["GET"]}}],"collection":[{"href":"http:\/\/kymenlaaksonosakunta.fi\/seniorit\/wp-json\/wp\/v2\/pages"}],"about":[{"href":"http:\/\/kymenlaaksonosakunta.fi\/seniorit\/wp-json\/wp\/v2\/types\/page"}],"author":[{"embeddable":true,"href":"http:\/\/kymenlaaksonosakunta.fi\/seniorit\/wp-json\/wp\/v2\/users\/1"}],"replies":[{"embeddable":true,"href":"http:\/\/kymenlaaksonosakunta.fi\/seniorit\/wp-json\/wp\/v2\/comments?post=46"}],"version-history":[{"count":50,"href":"http:\/\/kymenlaaksonosakunta.fi\/seniorit\/wp-json\/wp\/v2\/pages\/46\/revisions"}],"predecessor-version":[{"id":984,"href":"http:\/\/kymenlaaksonosakunta.fi\/seniorit\/wp-json\/wp\/v2\/pages\/46\/revisions\/984"}],"wp:attachment":[{"href":"http:\/\/kymenlaaksonosakunta.fi\/seniorit\/wp-json\/wp\/v2\/media?parent=46"}],"curies":[{"name":"wp","href":"https:\/\/api.w.org\/{rel}","templated":true}]}}