{"id":53,"date":"2013-04-26T15:58:53","date_gmt":"2013-04-26T13:58:53","guid":{"rendered":"http:\/\/kymenlaaksonosakunta.fi\/kyoseniorit\/?page_id=53"},"modified":"2021-09-05T23:43:36","modified_gmt":"2021-09-05T20:43:36","slug":"saannot","status":"publish","type":"page","link":"http:\/\/kymenlaaksonosakunta.fi\/seniorit\/saannot\/","title":{"rendered":"S\u00e4\u00e4nn\u00f6t"},"content":{"rendered":"<address>Hyv\u00e4ksytty yhdistyksen kokouksessa toukokuussa 2021.<\/address>\n<h3>1. Yhdistyksen nimi, kotipaikka ja perustamisajankohta<\/h3>\n<p>Yhdistyksen nimi on Kymenlaakson Osakunnan Seniorit ry, sen kotipaikka on Helsinki ja se on perustettu marraskuussa 1995.<\/p>\n<h3>2. Tarkoitus ja toiminnan laatu<\/h3>\n<p>Yhdistyksen tarkoituksena on koota yhteen Kymenlaakson Osakunnan entiset j\u00e4senet, edist\u00e4\u00e4 osakuntaharrastuksen levi\u00e4mist\u00e4 kymenlaaksolaisten ylioppilaiden keskuudessa sek\u00e4 tukea aatteellisesti ja taloudellisesti Kymenlaakson Osakunnan toimintaa.<\/p>\n<p>Tarkoituksensa toteuttamiseksi yhdistys<\/p>\n<ul>\n<li>j\u00e4rjest\u00e4\u00e4 j\u00e4senilleen ja osakuntalaisille kulttuuri-, keskustelu- ja koulutustilaisuuksia sek\u00e4 retki\u00e4 ja juhlia,<\/li>\n<li>harjoittaa tutkimus-, tiedotus- ja julkaisutoimintaa,<\/li>\n<li>on yhteisty\u00f6ss\u00e4 muiden osakuntien seniorij\u00e4rjest\u00f6jen kanssa ja Helsingin yliopiston alumniyhdistyksen kanssa.<\/li>\n<\/ul>\n<p>Toimintansa tukemiseksi yhdistys voi<\/p>\n<ul>\n<li>ottaa vastaan lahjoituksia, avustuksia ja testamentteja,<\/li>\n<li>j\u00e4rjest\u00e4\u00e4 asianmukaisen luvan saatuaan rahanker\u00e4yksi\u00e4 ja arpajaisia,<\/li>\n<li>omistaa toimintaansa varten tarpeellista kiinte\u00e4\u00e4 ja irtainta omaisuutta.<\/li>\n<\/ul>\n<h3>3. J\u00e4senet<\/h3>\n<p>Yhdistyksen j\u00e4seniksi voivat liitty\u00e4 Kymenlaakson Osakunnan entiset j\u00e4senet sek\u00e4 muut yhdistyksen toiminnasta kiinnostuneet. J\u00e4seneksi hakevan tulee hyv\u00e4ksy\u00e4 yhdistyksen tarkoitus ja s\u00e4\u00e4nn\u00f6t. J\u00e4senhakemuksen hyv\u00e4ksymisest\u00e4 p\u00e4\u00e4tt\u00e4\u00e4 yhdistyksen hallitus. Yhdistyksen kokous voi kutsua kunniaj\u00e4seneksi Kymenlaakson Osakunnan tai maakunnan hyv\u00e4ksi toimineen henkil\u00f6n.<\/p>\n<h3>4. J\u00e4senen eroaminen ja erottaminen<\/h3>\n<p>J\u00e4senell\u00e4 on oikeus erota yhdistyksest\u00e4 ilmoittamalla siit\u00e4 kirjallisesti hallitukselle tai sen puheenjohtajalle taikka ilmoittamalla erosta yhdistyksen kokouksessa merkitt\u00e4v\u00e4ksi p\u00f6yt\u00e4kirjaan. Hallitus voi erottaa j\u00e4senen yhdistyksest\u00e4 seuraavista syist\u00e4:<\/p>\n<ul>\n<li>J\u00e4sen on j\u00e4tt\u00e4nyt er\u00e4\u00e4ntyneen j\u00e4senmaksunsa maksamatta tai muuten\u00a0j\u00e4tt\u00e4nyt t\u00e4ytt\u00e4m\u00e4tt\u00e4 ne velvoitukset, joihin h\u00e4n on yhdistykseen liittym\u00e4ll\u00e4 sitoutunut.<\/li>\n<li>J\u00e4sen on menettelyll\u00e4\u00e4n yhdistyksess\u00e4 tai sen ulkopuolella huomattavasti vahingoittanut yhdistyst\u00e4.<\/li>\n<li>J\u00e4sen ei en\u00e4\u00e4 t\u00e4yt\u00e4 laissa taikka yhdistyksen s\u00e4\u00e4nn\u00f6iss\u00e4 mainittuja j\u00e4senyyden ehtoja.<\/li>\n<\/ul>\n<h3>5. J\u00e4senmaksu<\/h3>\n<p>J\u00e4senilt\u00e4 peritt\u00e4v\u00e4n j\u00e4senmaksun suuruudesta p\u00e4\u00e4tt\u00e4\u00e4 vuosikokous. Kunniaj\u00e4senilt\u00e4 ei perit\u00e4 j\u00e4senmaksua.<\/p>\n<h3>6. Hallitus<\/h3>\n<p>Yhdistyksen asioita hoitaa hallitus, johon kuuluu vuosikokouksessa valitut puheenjohtaja ja kahdesta viiteen muuta j\u00e4sent\u00e4. Hallituksen toimikausi on vuosikokousten v\u00e4linen aika.<\/p>\n<p>Hallitus valitsee keskuudestaan varapuheenjohtajan sek\u00e4 ottaa keskuudestaan tai ulkopuoleltaan sihteerin, taloudenhoitajan ja muut tarvittavat toimihenkil\u00f6t. Hallitus kokoontuu puheenjohtajan tai h\u00e4nen estyneen\u00e4 ollessaan varapuheenjohtajan kutsusta, kun he katsovat siihen olevan aihetta tai v\u00e4hint\u00e4\u00e4n puolet hallituksen j\u00e4senist\u00e4 sit\u00e4 vaatii.<\/p>\n<p>Hallitus on p\u00e4\u00e4t\u00f6svaltainen, kun v\u00e4hint\u00e4\u00e4n puolet sen j\u00e4senist\u00e4, puheenjohtaja tai varapuheenjohtaja mukaanluettuna on l\u00e4sn\u00e4. \u00c4\u00e4nestykset ratkaistaan yksinkertaisella \u00e4\u00e4nten enemmist\u00f6ll\u00e4. \u00c4\u00e4nten menness\u00e4 tasan ratkaisee puheenjohtajan \u00e4\u00e4ni, vaaleissa kuitenkin arpa.<\/p>\n<h3>7. Yhdistyksen nimen kirjoittaminen<\/h3>\n<p>Yhdistyksen nimen kirjoittaa hallituksen puheenjohtaja tai varapuheenjohtaja yhdess\u00e4 jonkun muun hallituksen j\u00e4senen kanssa, kaksi yhdess\u00e4.<\/p>\n<h3>8. Tilikausi ja tilintarkastus<\/h3>\n<p>Yhdistyksen tilikausi on kalenterivuosi. Toiminnantarkastajien toimikausi on tilikausi. Tilinp\u00e4\u00e4t\u00f6s tarvittavine asiakirjoineen ja hallituksen toimintakertomus on annettava toiminnantarkastajille viimeist\u00e4\u00e4n kaksi viikkoa ennen vuosikokousta. Toiminnantarkastajien tulee antaa kirjallinen lausuntonsa viimeist\u00e4\u00e4n viikkoa ennen vuosikokousta hallitukselle.<\/p>\n<p>Hallitus on velvollinen suunnittelemaan ja esitt\u00e4m\u00e4\u00e4n<\/p>\n<ul>\n<li>toimintasuunnitelman ja siihen perustuvan talousarvion sille tilikaudelle, jolla vuosikokous pidet\u00e4\u00e4n,<\/li>\n<li>sek\u00e4 lis\u00e4ksi toimintasuunnitelman ja talousarvion seuraavan tilikauden tammi\u2013toukokuulle.<\/li>\n<\/ul>\n<h3>9. Yhdistyksen kokoukset<\/h3>\n<p>Yhdistyksen vuosikokous pidet\u00e4\u00e4n vuosittain hallituksen m\u00e4\u00e4r\u00e4\u00e4m\u00e4n\u00e4 p\u00e4iv\u00e4n\u00e4 tammi\u2013toukokuussa. Ylim\u00e4\u00e4r\u00e4inen kokous pidet\u00e4\u00e4n, kun yhdistyksen kokous niin p\u00e4\u00e4tt\u00e4\u00e4 tai kun hallitus katsoo siihen olevan aihetta tai kun v\u00e4hint\u00e4\u00e4n kymmenesosa (1\/10) yhdistyksen \u00e4\u00e4nioikeutetuista j\u00e4senist\u00e4 sit\u00e4 hallitukselta erityisesti ilmoitettua asiaa varten kirjallisesti vaatii. Kokous on pidett\u00e4v\u00e4 kolmenkymmenen vuorokauden kuluessa siit\u00e4, kun vaatimus sen pit\u00e4misest\u00e4 on esitetty hallitukselle.<\/p>\n<p>Yhdistyksen kokouksissa on jokaisella j\u00e4senell\u00e4 yksi \u00e4\u00e4ni. Yhdistyksen kokouksen p\u00e4\u00e4t\u00f6kseksi tulee, ellei s\u00e4\u00e4nn\u00f6iss\u00e4 ole toisin m\u00e4\u00e4r\u00e4tty, se mielipide, jota on kannattanut yli puolet annetuista \u00e4\u00e4nist\u00e4. \u00c4\u00e4nestykset ratkaistaan yksinkertaisella \u00e4\u00e4nten enemmist\u00f6ll\u00e4. \u00c4\u00e4nten menness\u00e4 tasan ratkaisee kokouksen puheenjohtajan \u00e4\u00e4ni, vaaleissa kuitenkin arpa.<\/p>\n<p>Yhdistyksen kokoukseen voidaan hallituksen p\u00e4\u00e4t\u00f6ksell\u00e4 j\u00e4rjest\u00e4\u00e4 et\u00e4osallistumismahdollisuus tietoliikenneyhteydell\u00e4 tai muuta teknist\u00e4 apuv\u00e4linett\u00e4 k\u00e4ytt\u00e4en.<\/p>\n<h3>10. Yhdistyksen kokousten koollekutsuminen<\/h3>\n<p>Hallituksen on kutsuttava yhdistyksen kokoukset koolle v\u00e4hint\u00e4\u00e4n 14 vuorokautta ennen kokousta j\u00e4senille l\u00e4hetetyll\u00e4 kirjallisella kutsulla.<\/p>\n<h3>11. Vuosikokous<\/h3>\n<p>Yhdistyksen vuosikokouksessa k\u00e4sitell\u00e4\u00e4n seuraavat asiat:<\/p>\n<ol>\n<li>kokouksen avaus<\/li>\n<li>valitaan kokouksen puheenjohtaja, sihteeri, kaksi p\u00f6yt\u00e4kirjantarkastajaa ja tarvittaessa kaksi \u00e4\u00e4ntenlaskijaa<\/li>\n<li>todetaan kokouksen laillisuus ja p\u00e4\u00e4t\u00f6svaltaisuus<\/li>\n<li>hyv\u00e4ksyt\u00e4\u00e4n kokouksen ty\u00f6j\u00e4rjestys<\/li>\n<li>esitet\u00e4\u00e4n tilinp\u00e4\u00e4t\u00f6s, toimintakertomus ja toiminnantarkastajien lausunto<\/li>\n<li>p\u00e4\u00e4tet\u00e4\u00e4n tilinp\u00e4\u00e4t\u00f6ksen vahvistamisesta ja vastuuvapauden my\u00f6nt\u00e4misest\u00e4 hallitukselle ja muille vastuuvelvollisille<\/li>\n<li>vahvistetaan toimintasuunnitelma, tulo- ja menoarvio sek\u00e4 j\u00e4senmaksun suuruus<\/li>\n<li>valitaan hallituksen puheenjohtaja ja muut j\u00e4senet<\/li>\n<li>valitaan yksi tai kaksi toiminnantarkastajaa ja heille varatoiminnantarkastajat<\/li>\n<li>k\u00e4sitell\u00e4\u00e4n muut kokouskutsussa mainitut asiat<\/li>\n<\/ol>\n<p>Mik\u00e4li yhdistyksen j\u00e4sen haluaa saada jonkin asian yhdistyksen vuosikokouksen k\u00e4sitelt\u00e4v\u00e4ksi, on h\u00e4nen ilmoitettava siit\u00e4 kirjallisesti hallitukselle niin hyviss\u00e4 ajoin, ett\u00e4 asia voidaan sis\u00e4llytt\u00e4\u00e4 kokouskutsuun.<\/p>\n<h3>12. S\u00e4\u00e4nt\u00f6jen muuttaminen ja yhdistyksen purkaminen<\/h3>\n<p>P\u00e4\u00e4t\u00f6s s\u00e4\u00e4nt\u00f6jen muuttamisesta ja yhdistyksen purkamisesta on teht\u00e4v\u00e4 yhdistyksen kokouksessa v\u00e4hint\u00e4\u00e4n kolmen nelj\u00e4sosan (3\/4) enemmist\u00f6ll\u00e4 annetuista \u00e4\u00e4nist\u00e4. Kokouskutsussa on mainittava s\u00e4\u00e4nt\u00f6jen muuttamisesta tai yhdistyksen purkamisesta.<\/p>\n<p>Yhdistyksen purkautuessa siirret\u00e4\u00e4n yhdistyksen varat Kymenlaakson Osakunnan Stipendirahastoon. Yhdistyksen tullessa lakkautetuksi k\u00e4ytet\u00e4\u00e4n varat samalla tavalla.<\/p>\n","protected":false},"excerpt":{"rendered":"<p>Hyv\u00e4ksytty yhdistyksen kokouksessa toukokuussa 2021. 1. Yhdistyksen nimi, kotipaikka ja perustamisajankohta Yhdistyksen nimi on Kymenlaakson Osakunnan Seniorit ry, sen kotipaikka on Helsinki ja se on perustettu marraskuussa 1995. 2. Tarkoitus ja toiminnan laatu Yhdistyksen tarkoituksena on koota yhteen Kymenlaakson Osakunnan entiset j\u00e4senet, edist\u00e4\u00e4 osakuntaharrastuksen levi\u00e4mist\u00e4 kymenlaaksolaisten ylioppilaiden keskuudessa sek\u00e4 tukea aatteellisesti ja taloudellisesti Kymenlaakson Osakunnan &hellip; <a href=\"http:\/\/kymenlaaksonosakunta.fi\/seniorit\/saannot\/\" class=\"more-link\">Jatka artikkeliin <span class=\"screen-reader-text\">S\u00e4\u00e4nn\u00f6t<\/span><\/a><\/p>\n","protected":false},"author":1,"featured_media":0,"parent":0,"menu_order":4,"comment_status":"closed","ping_status":"open","template":"","meta":{"footnotes":""},"class_list":["post-53","page","type-page","status-publish","hentry"],"_links":{"self":[{"href":"http:\/\/kymenlaaksonosakunta.fi\/seniorit\/wp-json\/wp\/v2\/pages\/53","targetHints":{"allow":["GET"]}}],"collection":[{"href":"http:\/\/kymenlaaksonosakunta.fi\/seniorit\/wp-json\/wp\/v2\/pages"}],"about":[{"href":"http:\/\/kymenlaaksonosakunta.fi\/seniorit\/wp-json\/wp\/v2\/types\/page"}],"author":[{"embeddable":true,"href":"http:\/\/kymenlaaksonosakunta.fi\/seniorit\/wp-json\/wp\/v2\/users\/1"}],"replies":[{"embeddable":true,"href":"http:\/\/kymenlaaksonosakunta.fi\/seniorit\/wp-json\/wp\/v2\/comments?post=53"}],"version-history":[{"count":8,"href":"http:\/\/kymenlaaksonosakunta.fi\/seniorit\/wp-json\/wp\/v2\/pages\/53\/revisions"}],"predecessor-version":[{"id":847,"href":"http:\/\/kymenlaaksonosakunta.fi\/seniorit\/wp-json\/wp\/v2\/pages\/53\/revisions\/847"}],"wp:attachment":[{"href":"http:\/\/kymenlaaksonosakunta.fi\/seniorit\/wp-json\/wp\/v2\/media?parent=53"}],"curies":[{"name":"wp","href":"https:\/\/api.w.org\/{rel}","templated":true}]}}