{"id":56,"date":"2013-04-26T16:00:37","date_gmt":"2013-04-26T14:00:37","guid":{"rendered":"http:\/\/kymenlaaksonosakunta.fi\/kyoseniorit\/?page_id=56"},"modified":"2024-12-01T07:44:30","modified_gmt":"2024-12-01T05:44:30","slug":"toiminta","status":"publish","type":"page","link":"http:\/\/kymenlaaksonosakunta.fi\/seniorit\/toiminta\/","title":{"rendered":"Toiminta"},"content":{"rendered":"<p>Seniorit j\u00e4rjest\u00e4v\u00e4t monenlaista toimintaa j\u00e4senten toiveiden mukaan. Perinteeksi muodostuneita tapahtumia ovat esimerkiksi kuukausittaiset seniorioluet, osakunnalla j\u00e4rjestett\u00e4v\u00e4t seniorip\u00e4iv\u00e4lliset sek\u00e4 Kallion baarikierros. Viime vuosina on k\u00e4yty klassikkoravintoloissa, museoissa ja retkeilty. Seniorit osallistuvat my\u00f6s Osakunnan tapahtumiin kuten helmikuun loppupuolella j\u00e4rjestett\u00e4viin vuosijuhliin, rapujuhliin alkusyksyst\u00e4 sek\u00e4 rajanylitykseen loka-marraskuun vaihteessa. Senioreiden tapaamisissa hienointa on tietysti vanhojen osakuntayst\u00e4vien tapaaminen ja eri sukupolvien osakuntalaisiin tutustuminen.<\/p>\n<p>Ilmoitamme tulevista tapahtumista<\/p>\n<ul>\n<li>Senioreiden s\u00e4hk\u00f6postilistalla <em><a href=\"mailto:kyo-seniorit@helsinki.fi\">tiedotus@seniorit.kymenlaaksonosakunta.fi<\/a><\/em><\/li>\n<li>WhatsApp-ryhm\u00e4ss\u00e4<\/li>\n<li>Facebookissa Kymenlaakson Osakunnan senioreiden ryhm\u00e4ss\u00e4.<\/li>\n<\/ul>\n<p>Mik\u00e4li sinulla on toiveita tai ideoita tulevan toiminnan suhteen, ota rohkeasti yhteytt\u00e4 hallitukseen!<\/p>\n<p>Tervetuloa mukaan!<\/p>\n","protected":false},"excerpt":{"rendered":"<p>Seniorit j\u00e4rjest\u00e4v\u00e4t monenlaista toimintaa j\u00e4senten toiveiden mukaan. Perinteeksi muodostuneita tapahtumia ovat esimerkiksi kuukausittaiset seniorioluet, osakunnalla j\u00e4rjestett\u00e4v\u00e4t seniorip\u00e4iv\u00e4lliset sek\u00e4 Kallion baarikierros. Viime vuosina on k\u00e4yty klassikkoravintoloissa, museoissa ja retkeilty. Seniorit osallistuvat my\u00f6s Osakunnan tapahtumiin kuten helmikuun loppupuolella j\u00e4rjestett\u00e4viin vuosijuhliin, rapujuhliin alkusyksyst\u00e4 sek\u00e4 rajanylitykseen loka-marraskuun vaihteessa. Senioreiden tapaamisissa hienointa on tietysti vanhojen osakuntayst\u00e4vien tapaaminen ja eri sukupolvien &hellip; <a href=\"http:\/\/kymenlaaksonosakunta.fi\/seniorit\/toiminta\/\" class=\"more-link\">Jatka artikkeliin <span class=\"screen-reader-text\">Toiminta<\/span><\/a><\/p>\n","protected":false},"author":1,"featured_media":0,"parent":0,"menu_order":5,"comment_status":"closed","ping_status":"open","template":"","meta":{"footnotes":""},"class_list":["post-56","page","type-page","status-publish","hentry"],"_links":{"self":[{"href":"http:\/\/kymenlaaksonosakunta.fi\/seniorit\/wp-json\/wp\/v2\/pages\/56","targetHints":{"allow":["GET"]}}],"collection":[{"href":"http:\/\/kymenlaaksonosakunta.fi\/seniorit\/wp-json\/wp\/v2\/pages"}],"about":[{"href":"http:\/\/kymenlaaksonosakunta.fi\/seniorit\/wp-json\/wp\/v2\/types\/page"}],"author":[{"embeddable":true,"href":"http:\/\/kymenlaaksonosakunta.fi\/seniorit\/wp-json\/wp\/v2\/users\/1"}],"replies":[{"embeddable":true,"href":"http:\/\/kymenlaaksonosakunta.fi\/seniorit\/wp-json\/wp\/v2\/comments?post=56"}],"version-history":[{"count":18,"href":"http:\/\/kymenlaaksonosakunta.fi\/seniorit\/wp-json\/wp\/v2\/pages\/56\/revisions"}],"predecessor-version":[{"id":968,"href":"http:\/\/kymenlaaksonosakunta.fi\/seniorit\/wp-json\/wp\/v2\/pages\/56\/revisions\/968"}],"wp:attachment":[{"href":"http:\/\/kymenlaaksonosakunta.fi\/seniorit\/wp-json\/wp\/v2\/media?parent=56"}],"curies":[{"name":"wp","href":"https:\/\/api.w.org\/{rel}","templated":true}]}}