{"id":72,"date":"2013-04-26T16:10:59","date_gmt":"2013-04-26T14:10:59","guid":{"rendered":"http:\/\/kymenlaaksonosakunta.fi\/kyoseniorit\/?page_id=72"},"modified":"2025-04-28T17:37:42","modified_gmt":"2025-04-28T14:37:42","slug":"yhteystiedot","status":"publish","type":"page","link":"http:\/\/kymenlaaksonosakunta.fi\/seniorit\/yhteystiedot\/","title":{"rendered":"Yhteystiedot"},"content":{"rendered":"<h3>Kymenlaakson Osakunnan Seniorit ry<\/h3>\n<ul>\n<li>Seniorit ry:n j\u00e4senist\u00f6n s\u00e4hk\u00f6postilista:\u00a0tiedotus(at)seniorit.kymenlaaksonosakunta.fi.<\/li>\n<li>Kymenlaakson Osakunnan Seniorit ry\u00a0<a href=\"http:\/\/www.facebook.com\/groups\/190077034397393\/\" target=\"_blank\" rel=\"noopener\">Facebook-ryhm\u00e4<\/a><\/li>\n<\/ul>\n<h3>Hallitus 2024\u20132025<\/h3>\n<h4><\/h4>\n<h4>Hallituksen puheenjohtaja<\/h4>\n<ul>\n<li>Tuukka Mustap\u00e4\u00e4, kyoseniorit@gmail.com<\/li>\n<\/ul>\n<h4>Hallituksen j\u00e4senet<\/h4>\n<ul>\n<li>Milja Ahtosalo (sihteeri)<\/li>\n<li>Anni Jokiniemi (tiedotusvastaava, varapuheenjohtaja)<\/li>\n<li>Joni Salo (taloudenhoitaja, j\u00e4sensihteeri)<\/li>\n<\/ul>\n<h3>S\u00e4hk\u00f6postilistalle liittyminen<\/h3>\n<p>Lis\u00e4tietoa tulevista tapahtumista saat\u00a0s\u00e4hk\u00f6postilistaltamme tiedotus(at)seniorit.kymenlaaksonosakunta.fi.<\/p>\n<p>Listalle liityt\u00e4\u00e4n t\u00e4ytt\u00e4m\u00e4ll\u00e4 <a href=\"http:\/\/mail.kymenlaaksonosakunta.fi\/mailman\/listinfo\/tiedotus_seniorit.kymenlaaksonosakunta.fi\" target=\"_blank\" rel=\"noopener\">lomake<\/a>.<\/p>\n<p>Jos s\u00e4hk\u00f6postilistalle liittyminen ei jostain syyst\u00e4 onnistu, l\u00e4het\u00e4 viesti hallituksen puheenjohtajalle, joka selvitt\u00e4\u00e4 asian.<\/p>\n","protected":false},"excerpt":{"rendered":"<p>Kymenlaakson Osakunnan Seniorit ry Seniorit ry:n j\u00e4senist\u00f6n s\u00e4hk\u00f6postilista:\u00a0tiedotus(at)seniorit.kymenlaaksonosakunta.fi. Kymenlaakson Osakunnan Seniorit ry\u00a0Facebook-ryhm\u00e4 Hallitus 2024\u20132025 Hallituksen puheenjohtaja Tuukka Mustap\u00e4\u00e4, kyoseniorit@gmail.com Hallituksen j\u00e4senet Milja Ahtosalo (sihteeri) Anni Jokiniemi (tiedotusvastaava, varapuheenjohtaja) Joni Salo (taloudenhoitaja, j\u00e4sensihteeri) S\u00e4hk\u00f6postilistalle liittyminen Lis\u00e4tietoa tulevista tapahtumista saat\u00a0s\u00e4hk\u00f6postilistaltamme tiedotus(at)seniorit.kymenlaaksonosakunta.fi. Listalle liityt\u00e4\u00e4n t\u00e4ytt\u00e4m\u00e4ll\u00e4 lomake. Jos s\u00e4hk\u00f6postilistalle liittyminen ei jostain syyst\u00e4 onnistu, l\u00e4het\u00e4 viesti hallituksen puheenjohtajalle, joka &hellip; <a href=\"http:\/\/kymenlaaksonosakunta.fi\/seniorit\/yhteystiedot\/\" class=\"more-link\">Jatka artikkeliin <span class=\"screen-reader-text\">Yhteystiedot<\/span><\/a><\/p>\n","protected":false},"author":1,"featured_media":0,"parent":0,"menu_order":8,"comment_status":"closed","ping_status":"open","template":"","meta":{"footnotes":""},"class_list":["post-72","page","type-page","status-publish","hentry"],"_links":{"self":[{"href":"http:\/\/kymenlaaksonosakunta.fi\/seniorit\/wp-json\/wp\/v2\/pages\/72","targetHints":{"allow":["GET"]}}],"collection":[{"href":"http:\/\/kymenlaaksonosakunta.fi\/seniorit\/wp-json\/wp\/v2\/pages"}],"about":[{"href":"http:\/\/kymenlaaksonosakunta.fi\/seniorit\/wp-json\/wp\/v2\/types\/page"}],"author":[{"embeddable":true,"href":"http:\/\/kymenlaaksonosakunta.fi\/seniorit\/wp-json\/wp\/v2\/users\/1"}],"replies":[{"embeddable":true,"href":"http:\/\/kymenlaaksonosakunta.fi\/seniorit\/wp-json\/wp\/v2\/comments?post=72"}],"version-history":[{"count":41,"href":"http:\/\/kymenlaaksonosakunta.fi\/seniorit\/wp-json\/wp\/v2\/pages\/72\/revisions"}],"predecessor-version":[{"id":974,"href":"http:\/\/kymenlaaksonosakunta.fi\/seniorit\/wp-json\/wp\/v2\/pages\/72\/revisions\/974"}],"wp:attachment":[{"href":"http:\/\/kymenlaaksonosakunta.fi\/seniorit\/wp-json\/wp\/v2\/media?parent=72"}],"curies":[{"name":"wp","href":"https:\/\/api.w.org\/{rel}","templated":true}]}}