{"id":34,"date":"2016-08-22T21:53:51","date_gmt":"2016-08-22T18:53:51","guid":{"rendered":"http:\/\/kymenlaaksonosakunta.fi\/uudetsivut\/?page_id=34"},"modified":"2019-11-13T21:16:42","modified_gmt":"2019-11-13T19:16:42","slug":"kypsalehti","status":"publish","type":"page","link":"http:\/\/kymenlaaksonosakunta.fi\/sv\/kypsalehti\/","title":{"rendered":"Kyps\u00e4"},"content":{"rendered":"<p>Kyps\u00e4 on osakunnan 30-vuotias j\u00e4senlehti, joka ilmestyy nyky\u00e4\u00e4n s\u00e4hk\u00f6isen\u00e4. Lehte\u00e4 luotsaa p\u00e4\u00e4toimittaja apunaan toimituskunta, mutta kuka tahansa osakuntalainen voi l\u00e4hett\u00e4\u00e4 julkaistavaksi tekstej\u00e4\u00e4n, runojaan, valokuviaan tai piirroksiaan. Kaikki ideat otetaan ilolla vastaan!<\/p>\n<p>P\u00e4\u00e4toimittajalta saa juttuideoita, henkist\u00e4 tukea sek\u00e4 kirjoittajaegon p\u00f6nkityst\u00e4. HUOM! Vuoden 2017 alussa poistui k\u00e4yt\u00f6st\u00e4 osoite\u00a0<em>kyo-kyps\u00e4 \u00e4t helsinki.fi<\/em>, eli p\u00e4\u00e4toimittajan ja toimituskunnan tavoittaa nyky\u00e4\u00e4n p\u00e4\u00e4toimittajan omasta s\u00e4hk\u00f6postiosoitteesta: <a href=\"mailto:paatoimittaja@kypsa.kymenlaaksonosakunta.fi\">paatoimittaja@kypsa.kymenlaaksonosakunta.fi<\/a>.<\/p>\n<p>Kyps\u00e4\u00e4 voit lukea sen omilta sivuilta: <a href=\"http:\/\/kypsa.kymenlaaksonosakunta.fi\">kypsa.kymenlaaksonosakunta.fi<\/a>. Vanhoja kyps\u00e4-lehti\u00e4 vuosilta 2006-2017 voit lukea klikkaamalla niiden kansikuvia t\u00e4st\u00e4.<\/p>\n<h4>2017<\/h4>\n<p><a href=\"http:\/\/kymenlaaksonosakunta.fi\/sv\/kypsa\/2017_1_kypsa.pdf\/\"><img loading=\"lazy\" decoding=\"async\" class=\"alignnone\" src=\"http:\/\/kymenlaaksonosakunta.fi\/images\/kyo_images\/kypsa\/kypsa17.1.png\" alt=\"\" width=\"149\" height=\"212\" \/><\/a> <a href=\"http:\/\/kymenlaaksonosakunta.fi\/sv\/kypsa\/2017_2_kypsa.pdf\/\"><img loading=\"lazy\" decoding=\"async\" class=\"alignnone\" src=\"http:\/\/kymenlaaksonosakunta.fi\/images\/kyo_images\/kypsa\/kypsa17.2.png\" alt=\"\" width=\"150\" height=\"213\" \/><\/a> <a href=\"http:\/\/kymenlaaksonosakunta.fi\/sv\/kypsa\/2017_3_kypsa.pdf\/\"><img loading=\"lazy\" decoding=\"async\" class=\"alignnone\" src=\"http:\/\/kymenlaaksonosakunta.fi\/images\/kyo_images\/kypsa\/kypsa17.3.png\" alt=\"\" width=\"150\" height=\"213\" \/><\/a><\/p>\n<h4>2016<\/h4>\n<p><a href=\"http:\/\/kymenlaaksonosakunta.fi\/sv\/kypsa\/2016_1_kypsa.pdf\/\"><img loading=\"lazy\" decoding=\"async\" class=\"alignnone\" src=\"http:\/\/kymenlaaksonosakunta.fi\/images\/kyo_images\/kypsa\/kypsa16.1.jpg\" alt=\"\" width=\"149\" height=\"212\" \/><\/a>\u00a0<a href=\"http:\/\/kymenlaaksonosakunta.fi\/sv\/kypsa\/2016_2_kypsa.pdf\/\"><img loading=\"lazy\" decoding=\"async\" class=\"alignnone\" src=\"http:\/\/kymenlaaksonosakunta.fi\/images\/kyo_images\/kypsa\/kypsa16.2.jpg\" width=\"150\" height=\"212\" \/><\/a>\u00a0<a href=\"http:\/\/kymenlaaksonosakunta.fi\/sv\/kypsa\/2016_3_kypsa.pdf\/\"><img loading=\"lazy\" decoding=\"async\" class=\"alignnone\" src=\"http:\/\/kymenlaaksonosakunta.fi\/images\/kyo_images\/kypsa\/kypsa16.3.jpg\" alt=\"\" width=\"150\" height=\"213\" \/><\/a>\u00a0<a href=\"http:\/\/kymenlaaksonosakunta.fi\/sv\/kypsa\/2016_4_kypsa.pdf\/\"><img loading=\"lazy\" decoding=\"async\" class=\"alignnone\" src=\"http:\/\/kymenlaaksonosakunta.fi\/images\/kyo_images\/kypsa\/kypsa16.4.jpg\" width=\"151\" height=\"214\" \/><\/a><\/p>\n<h4>2015<\/h4>\n<p><a href=\"http:\/\/kymenlaaksonosakunta.fi\/sv\/kypsa\/2015_1_kypsa.pdf\/\"><img loading=\"lazy\" decoding=\"async\" class=\"alignnone\" src=\"http:\/\/kymenlaaksonosakunta.fi\/images\/kyo_images\/kypsa\/kypsa15.1.jpg\" alt=\"\" width=\"149\" height=\"211\" \/><\/a>\u00a0<a href=\"http:\/\/kymenlaaksonosakunta.fi\/sv\/kypsa\/2015_2_kypsa.pdf\/\"><img loading=\"lazy\" decoding=\"async\" class=\"alignnone\" src=\"http:\/\/kymenlaaksonosakunta.fi\/images\/kyo_images\/kypsa\/kypsa15.2.png\" width=\"148\" height=\"210\" \/><\/a>\u00a0<a href=\"http:\/\/kymenlaaksonosakunta.fi\/sv\/kypsa\/2015_3_kypsa.pdf\/\"><img loading=\"lazy\" decoding=\"async\" class=\"alignnone\" src=\"http:\/\/kymenlaaksonosakunta.fi\/images\/kyo_images\/kypsa\/kypsa15.3.jpg\" alt=\"\" width=\"148\" height=\"210\" \/><\/a>\u00a0<a href=\"http:\/\/kymenlaaksonosakunta.fi\/sv\/kypsa\/2015_4_kypsa.pdf\/\"><img loading=\"lazy\" decoding=\"async\" class=\"alignnone\" src=\"http:\/\/kymenlaaksonosakunta.fi\/images\/kyo_images\/kypsa\/kypsa15.4.jpg\" width=\"150\" height=\"213\" \/><\/a><\/p>\n<h4>2014<\/h4>\n<p><a href=\"http:\/\/kymenlaaksonosakunta.fi\/sv\/kypsa\/2014_1_kypsa.pdf\/\"><img loading=\"lazy\" decoding=\"async\" class=\"alignnone\" src=\"http:\/\/kymenlaaksonosakunta.fi\/images\/kyo_images\/kypsa\/kypsa14.1.png\" alt=\"\" width=\"149\" height=\"212\" \/><\/a>\u00a0<a href=\"http:\/\/kymenlaaksonosakunta.fi\/sv\/kypsa\/2014_2_kypsa.pdf\/\"><img loading=\"lazy\" decoding=\"async\" class=\"alignnone\" src=\"http:\/\/kymenlaaksonosakunta.fi\/images\/kyo_images\/kypsa\/kypsa14.2.png\" width=\"150\" height=\"213\" \/><\/a>\u00a0<a href=\"http:\/\/kymenlaaksonosakunta.fi\/sv\/kypsa\/2014_3_kypsa.pdf\/\"><img loading=\"lazy\" decoding=\"async\" class=\"alignnone\" src=\"http:\/\/kymenlaaksonosakunta.fi\/images\/kyo_images\/kypsa\/kypsa14.3.png\" alt=\"\" width=\"149\" height=\"212\" \/><\/a>\u00a0<a href=\"http:\/\/kymenlaaksonosakunta.fi\/sv\/kypsa\/2014_4_kypsa.pdf\/\"><img loading=\"lazy\" decoding=\"async\" class=\"alignnone\" src=\"http:\/\/kymenlaaksonosakunta.fi\/images\/kyo_images\/kypsa\/kypsa14.4.png\" width=\"147\" height=\"209\" \/><\/a><\/p>\n<h4>2013<\/h4>\n<p><a href=\"http:\/\/kymenlaaksonosakunta.fi\/sv\/kypsa\/2013_1_kypsa.pdf\/\"><img loading=\"lazy\" decoding=\"async\" class=\"alignnone\" src=\"http:\/\/kymenlaaksonosakunta.fi\/images\/kyo_images\/kypsa\/kypsa13.1.png\" alt=\"\" width=\"151\" height=\"214\" \/><\/a>\u00a0<a href=\"http:\/\/kymenlaaksonosakunta.fi\/sv\/kypsa\/2013_2_kypsa.pdf\/\"><img loading=\"lazy\" decoding=\"async\" class=\"alignnone\" src=\"http:\/\/kymenlaaksonosakunta.fi\/images\/kyo_images\/kypsa\/kypsa13.2.png\" width=\"146\" height=\"215\" \/><\/a>\u00a0<a href=\"http:\/\/kymenlaaksonosakunta.fi\/sv\/kypsa\/2013_3_kypsa.pdf\/\"><img loading=\"lazy\" decoding=\"async\" class=\"alignnone\" src=\"http:\/\/kymenlaaksonosakunta.fi\/images\/kyo_images\/kypsa\/kypsa13.3.png\" alt=\"\" width=\"152\" height=\"216\" \/><\/a>\u00a0<a href=\"http:\/\/kymenlaaksonosakunta.fi\/sv\/kypsa\/2013_4_kypsa.pdf\/\"><img loading=\"lazy\" decoding=\"async\" class=\"alignnone\" src=\"http:\/\/kymenlaaksonosakunta.fi\/images\/kyo_images\/kypsa\/kypsa13.4.png\" width=\"152\" height=\"216\" \/><\/a><\/p>\n<h4>2012<\/h4>\n<p><a href=\"http:\/\/kymenlaaksonosakunta.fi\/sv\/kypsa\/2012_1_kypsa.pdf\/\"><img loading=\"lazy\" decoding=\"async\" class=\"alignnone\" src=\"http:\/\/kymenlaaksonosakunta.fi\/images\/kyo_images\/kypsa\/kypsa12.1.png\" alt=\"\" width=\"151\" height=\"214\" \/><\/a>\u00a0<a href=\"http:\/\/kymenlaaksonosakunta.fi\/sv\/kypsa\/2012_2_kypsa.pdf\/\"><img loading=\"lazy\" decoding=\"async\" class=\"alignnone\" src=\"http:\/\/kymenlaaksonosakunta.fi\/images\/kyo_images\/kypsa\/kypsa12.2.png\" width=\"151\" height=\"214\" \/><\/a>\u00a0<a href=\"http:\/\/kymenlaaksonosakunta.fi\/sv\/kypsa\/2012_3_kypsa.pdf\/\"><img loading=\"lazy\" decoding=\"async\" class=\"alignnone\" src=\"http:\/\/kymenlaaksonosakunta.fi\/images\/kyo_images\/kypsa\/kypsa12.3.png\" alt=\"\" width=\"151\" height=\"215\" \/><\/a>\u00a0<a href=\"http:\/\/kymenlaaksonosakunta.fi\/sv\/kypsa\/2012_4_kypsa.pdf\/\"><img loading=\"lazy\" decoding=\"async\" class=\"alignnone\" src=\"http:\/\/kymenlaaksonosakunta.fi\/images\/kyo_images\/kypsa\/kypsa12.4.png\" width=\"151\" height=\"214\" \/><\/a><\/p>\n<h4>2011<\/h4>\n<p><a href=\"http:\/\/kymenlaaksonosakunta.fi\/sv\/kypsa\/2011_1_kypsa.pdf\/\"><img loading=\"lazy\" decoding=\"async\" class=\"alignnone\" src=\"http:\/\/kymenlaaksonosakunta.fi\/images\/kyo_images\/kypsa\/kypsa11.1.png\" alt=\"\" width=\"152\" height=\"215\" \/><\/a>\u00a0<a href=\"http:\/\/kymenlaaksonosakunta.fi\/sv\/kypsa\/2011_2_kypsa.pdf\/\"><img loading=\"lazy\" decoding=\"async\" class=\"alignnone\" src=\"http:\/\/kymenlaaksonosakunta.fi\/images\/kyo_images\/kypsa\/kypsa11.2.png\" width=\"152\" height=\"215\" \/><\/a>\u00a0<a href=\"http:\/\/kymenlaaksonosakunta.fi\/sv\/kypsa\/2011_3_kypsa.pdf\/\"><img loading=\"lazy\" decoding=\"async\" class=\"alignnone\" src=\"http:\/\/kymenlaaksonosakunta.fi\/images\/kyo_images\/kypsa\/kypsa11.3.png\" alt=\"\" width=\"152\" height=\"216\" \/><\/a>\u00a0<a href=\"http:\/\/kymenlaaksonosakunta.fi\/sv\/kypsa\/2011_4_kypsa.pdf\/\"><img loading=\"lazy\" decoding=\"async\" class=\"alignnone\" src=\"http:\/\/kymenlaaksonosakunta.fi\/images\/kyo_images\/kypsa\/kypsa11.4.png\" width=\"152\" height=\"216\" \/><\/a><\/p>\n<h4>2010<\/h4>\n<p><a href=\"http:\/\/kymenlaaksonosakunta.fi\/sv\/kypsa\/2010_1_kypsa.pdf\/\"><img loading=\"lazy\" decoding=\"async\" class=\"alignnone\" src=\"http:\/\/kymenlaaksonosakunta.fi\/images\/kyo_images\/kypsa\/kypsa10.1.png\" alt=\"\" width=\"152\" height=\"214\" \/><\/a>\u00a0<a href=\"http:\/\/kymenlaaksonosakunta.fi\/sv\/kypsa\/2010_2_kypsa.pdf\/\"><img loading=\"lazy\" decoding=\"async\" class=\"alignnone\" src=\"http:\/\/kymenlaaksonosakunta.fi\/images\/kyo_images\/kypsa\/kypsa10.2.png\" width=\"152\" height=\"215\" \/><\/a>\u00a0<a href=\"http:\/\/kymenlaaksonosakunta.fi\/sv\/kypsa\/2010_3_kypsa.pdf\/\"><img loading=\"lazy\" decoding=\"async\" class=\"alignnone\" src=\"http:\/\/kymenlaaksonosakunta.fi\/images\/kyo_images\/kypsa\/kypsa10.3.png\" alt=\"\" width=\"153\" height=\"216\" \/><\/a>\u00a0<a href=\"http:\/\/kymenlaaksonosakunta.fi\/sv\/kypsa\/2010_4_kypsa.pdf\/\"><img loading=\"lazy\" decoding=\"async\" class=\"alignnone\" src=\"http:\/\/kymenlaaksonosakunta.fi\/images\/kyo_images\/kypsa\/kypsa10.4.png\" width=\"152\" height=\"216\" \/><\/a><\/p>\n<h4>2009<\/h4>\n<p><a href=\"http:\/\/kymenlaaksonosakunta.fi\/sv\/kypsa\/2009_1_kypsa.pdf\/\"><img loading=\"lazy\" decoding=\"async\" class=\"alignnone\" src=\"http:\/\/kymenlaaksonosakunta.fi\/images\/kyo_images\/kypsa\/kypsa09.1.png\" alt=\"\" width=\"153\" height=\"216\" \/><\/a>\u00a0<a href=\"http:\/\/kymenlaaksonosakunta.fi\/sv\/kypsa\/2009_2_kypsa.pdf\/\"><img loading=\"lazy\" decoding=\"async\" class=\"alignnone\" src=\"http:\/\/kymenlaaksonosakunta.fi\/images\/kyo_images\/kypsa\/kypsa09.2.png\" width=\"153\" height=\"217\" \/><\/a>\u00a0<a href=\"http:\/\/kymenlaaksonosakunta.fi\/sv\/kypsa\/2009_3_kypsa.pdf\/\"><img loading=\"lazy\" decoding=\"async\" class=\"alignnone\" src=\"http:\/\/kymenlaaksonosakunta.fi\/images\/kyo_images\/kypsa\/kypsa09.3.png\" alt=\"\" width=\"153\" height=\"217\" \/><\/a>\u00a0<a href=\"http:\/\/kymenlaaksonosakunta.fi\/sv\/kypsa\/2009_4_kypsa.pdf\/\"><img loading=\"lazy\" decoding=\"async\" class=\"alignnone\" src=\"http:\/\/kymenlaaksonosakunta.fi\/images\/kyo_images\/kypsa\/kypsa09.4.png\" width=\"151\" height=\"214\" \/><\/a><\/p>\n<h4>2008<\/h4>\n<p><a href=\"http:\/\/kymenlaaksonosakunta.fi\/sv\/kypsa\/2008_1_kypsa.pdf\/\"><img loading=\"lazy\" decoding=\"async\" class=\"alignnone\" src=\"http:\/\/kymenlaaksonosakunta.fi\/images\/kyo_images\/kypsa\/kypsa08.1.png\" alt=\"\" width=\"152\" height=\"215\" \/><\/a>\u00a0<a href=\"http:\/\/kymenlaaksonosakunta.fi\/sv\/kypsa\/2008_2_kypsa.pdf\/\"><img loading=\"lazy\" decoding=\"async\" class=\"alignnone\" src=\"http:\/\/kymenlaaksonosakunta.fi\/images\/kyo_images\/kypsa\/kypsa08.2.png\" width=\"152\" height=\"216\" \/><\/a>\u00a0<a href=\"http:\/\/kymenlaaksonosakunta.fi\/sv\/kypsa\/2008_3_kypsa.pdf\/\"><img loading=\"lazy\" decoding=\"async\" class=\"alignnone\" src=\"http:\/\/kymenlaaksonosakunta.fi\/images\/kyo_images\/kypsa\/kypsa08.3.png\" alt=\"\" width=\"151\" height=\"211\" \/><\/a>\u00a0<a href=\"http:\/\/kymenlaaksonosakunta.fi\/sv\/kypsa\/2008_4_kypsa.pdf\/\"><img loading=\"lazy\" decoding=\"async\" class=\"alignnone\" src=\"http:\/\/kymenlaaksonosakunta.fi\/images\/kyo_images\/kypsa\/kypsa08.4.png\" width=\"153\" height=\"217\" \/><\/a><\/p>\n<h4>2007<\/h4>\n<p><a href=\"http:\/\/kymenlaaksonosakunta.fi\/sv\/kypsa\/2007_1_kypsa.pdf\/\"><img loading=\"lazy\" decoding=\"async\" class=\"alignnone\" src=\"http:\/\/kymenlaaksonosakunta.fi\/images\/kyo_images\/kypsa\/kypsa07.1.png\" alt=\"\" width=\"152\" height=\"215\" \/><\/a>\u00a0<a href=\"http:\/\/kymenlaaksonosakunta.fi\/sv\/kypsa\/2007_2_kypsa.pdf\/\"><img loading=\"lazy\" decoding=\"async\" class=\"alignnone\" src=\"http:\/\/kymenlaaksonosakunta.fi\/images\/kyo_images\/kypsa\/kypsa07.2.png\" width=\"152\" height=\"216\" \/><\/a>\u00a0<a href=\"http:\/\/kymenlaaksonosakunta.fi\/sv\/kypsa\/2007_3_kypsa.pdf\/\"><img loading=\"lazy\" decoding=\"async\" class=\"alignnone\" src=\"http:\/\/kymenlaaksonosakunta.fi\/images\/kyo_images\/kypsa\/kypsa07.3.png\" alt=\"\" width=\"153\" height=\"216\" \/><\/a>\u00a0<a href=\"http:\/\/kymenlaaksonosakunta.fi\/sv\/kypsa\/2007_4_kypsa.pdf\/\"><img loading=\"lazy\" decoding=\"async\" class=\"alignnone\" src=\"http:\/\/kymenlaaksonosakunta.fi\/images\/kyo_images\/kypsa\/kypsa07.4.png\" width=\"153\" height=\"217\" \/><\/a><\/p>\n<h4>2006<\/h4>\n<p><a href=\"http:\/\/kymenlaaksonosakunta.fi\/sv\/kypsa\/2006_1_kypsa.pdf\/\"><img loading=\"lazy\" decoding=\"async\" class=\"alignnone\" src=\"http:\/\/kymenlaaksonosakunta.fi\/images\/kyo_images\/kypsa\/kypsa06.1.png\" alt=\"\" width=\"153\" height=\"217\" \/><\/a>\u00a0<a href=\"http:\/\/kymenlaaksonosakunta.fi\/sv\/kypsa\/2006_2_kypsa.pdf\/\"><img loading=\"lazy\" decoding=\"async\" class=\"alignnone\" src=\"http:\/\/kymenlaaksonosakunta.fi\/images\/kyo_images\/kypsa\/kypsa06.2.png\" width=\"153\" height=\"215\" \/><\/a><\/p>","protected":false},"excerpt":{"rendered":"<p>Kyps\u00e4 on osakunnan 30-vuotias j\u00e4senlehti, joka ilmestyy nyky\u00e4\u00e4n s\u00e4hk\u00f6isen\u00e4. Lehte\u00e4 luotsaa p\u00e4\u00e4toimittaja apunaan toimituskunta, mutta kuka tahansa osakuntalainen voi l\u00e4hett\u00e4\u00e4 julkaistavaksi tekstej\u00e4\u00e4n, runojaan, valokuviaan tai piirroksiaan. Kaikki ideat otetaan ilolla vastaan! P\u00e4\u00e4toimittajalta saa juttuideoita, henkist\u00e4 tukea sek\u00e4 kirjoittajaegon p\u00f6nkityst\u00e4. HUOM! Vuoden 2017 alussa poistui k\u00e4yt\u00f6st\u00e4 osoite\u00a0kyo-kyps\u00e4 \u00e4t helsinki.fi, eli p\u00e4\u00e4toimittajan ja toimituskunnan tavoittaa nyky\u00e4\u00e4n p\u00e4\u00e4toimittajan &hellip; <\/p>\n<p class=\"link-more\"><a href=\"http:\/\/kymenlaaksonosakunta.fi\/sv\/kypsalehti\/\" class=\"more-link\">L\u00e4s mer<span class=\"screen-reader-text\"> \u201dKyps\u00e4\u201d<\/span><\/a><\/p>","protected":false},"author":1,"featured_media":0,"parent":0,"menu_order":0,"comment_status":"closed","ping_status":"closed","template":"","meta":{"inspiro_hide_title":false,"footnotes":""},"class_list":["post-34","page","type-page","status-publish","hentry"],"_links":{"self":[{"href":"http:\/\/kymenlaaksonosakunta.fi\/sv\/wp-json\/wp\/v2\/pages\/34","targetHints":{"allow":["GET"]}}],"collection":[{"href":"http:\/\/kymenlaaksonosakunta.fi\/sv\/wp-json\/wp\/v2\/pages"}],"about":[{"href":"http:\/\/kymenlaaksonosakunta.fi\/sv\/wp-json\/wp\/v2\/types\/page"}],"author":[{"embeddable":true,"href":"http:\/\/kymenlaaksonosakunta.fi\/sv\/wp-json\/wp\/v2\/users\/1"}],"replies":[{"embeddable":true,"href":"http:\/\/kymenlaaksonosakunta.fi\/sv\/wp-json\/wp\/v2\/comments?post=34"}],"version-history":[{"count":30,"href":"http:\/\/kymenlaaksonosakunta.fi\/sv\/wp-json\/wp\/v2\/pages\/34\/revisions"}],"predecessor-version":[{"id":1671,"href":"http:\/\/kymenlaaksonosakunta.fi\/sv\/wp-json\/wp\/v2\/pages\/34\/revisions\/1671"}],"wp:attachment":[{"href":"http:\/\/kymenlaaksonosakunta.fi\/sv\/wp-json\/wp\/v2\/media?parent=34"}],"curies":[{"name":"wp","href":"https:\/\/api.w.org\/{rel}","templated":true}]}}