{"id":1478,"date":"2025-03-18T21:30:46","date_gmt":"2025-03-18T19:30:46","guid":{"rendered":"https:\/\/kymenlaaksonosakunta.fi\/?page_id=1478"},"modified":"2025-11-13T13:36:05","modified_gmt":"2025-11-13T11:36:05","slug":"inspinhovi-vuokrauslomake","status":"publish","type":"page","link":"https:\/\/kymenlaaksonosakunta.fi\/sv\/inspinhovi-vuokrauslomake\/","title":{"rendered":"Inspinhovin vuokrauslomake"},"content":{"rendered":"<p><a href=\"http:\/\/kymenlaaksonosakunta.fi\/sv\/inspinhovi\/\" data-type=\"link\" data-id=\"kymenlaaksonosakunta.fi\/inspinhovi\">Takaisin Inspinhoviin<\/a><\/p>\n\n\n<style>.kt-tabs-id1478_729490-fb > .kt-tabs-content-wrap > .wp-block-kadence-tab{border-top:1px solid #bcbcbc;border-right:1px solid #bcbcbc;border-bottom:1px solid #bcbcbc;border-left:1px solid #bcbcbc;border-top-left-radius:0px;border-top-right-radius:0px;border-bottom-right-radius:0px;border-bottom-left-radius:0px;padding-top:var(--global-kb-spacing-sm, 1.5rem);padding-right:var(--global-kb-spacing-sm, 1.5rem);padding-bottom:var(--global-kb-spacing-sm, 1.5rem);padding-left:var(--global-kb-spacing-sm, 1.5rem);background:var(--global-palette9, #ffffff);}.wp-block-kadence-tabs .kt-tabs-id1478_729490-fb > .kt-tabs-title-list li{margin-top:0px;margin-right:8px;margin-bottom:-1px;margin-left:0px;}.wp-block-kadence-tabs .kt-tabs-id1478_729490-fb > .kt-tabs-title-list li:last-child{margin-right:0px;}.wp-block-kadence-tabs .kt-tabs-id1478_729490-fb > .kt-tabs-title-list li .kt-tab-title, .wp-block-kadence-tabs .kt-tabs-id1478_729490-fb > .kt-tabs-content-wrap > .kt-tabs-accordion-title .kt-tab-title{line-height:1.4em;font-weight:regular;font-style:normal;border-top-width:1px;border-right-width:1px;border-bottom-width:0px;border-left-width:1px;border-top-left-radius:4px;border-top-right-radius:4px;border-bottom-right-radius:0px;border-bottom-left-radius:0px;padding-top:8px;padding-right:20px;padding-bottom:8px;padding-left:20px;border-color:var(--global-palette7, #eeeeee);color:var(--global-palette5, #444444);background:var(--global-palette9, #ffffff);}.wp-block-kadence-tabs .kt-tabs-id1478_729490-fb > .kt-tabs-content-wrap > .kt-tabs-accordion-title .kt-tab-title{margin-top:0px;margin-right:8px;margin-bottom:-1px;margin-left:0px;}.wp-block-kadence-tabs .kt-tabs-id1478_729490-fb > .kt-tabs-title-list li .kt-tab-title:hover, .wp-block-kadence-tabs .kt-tabs-id1478_729490-fb > .kt-tabs-content-wrap > .kt-tabs-accordion-title .kt-tab-title:hover{border-color:var(--global-palette8, #F7FAFC);color:var(--global-palette5, #444444);background:var(--global-palette9, #ffffff);}.wp-block-kadence-tabs .kt-tabs-id1478_729490-fb > .kt-tabs-title-list li.kt-tab-title-active .kt-tab-title, .wp-block-kadence-tabs .kt-tabs-id1478_729490-fb > .kt-tabs-content-wrap > .kt-tabs-accordion-title.kt-tab-title-active .kt-tab-title{border-color:#bcbcbc;color:var(--global-palette5, #444444);background:var(--global-palette9, #ffffff);}@media all and (max-width: 1024px){.kt-tabs-id1478_729490-fb > .kt-tabs-content-wrap > .wp-block-kadence-tab{border-top:1px solid #bcbcbc;border-right:1px solid #bcbcbc;border-bottom:1px solid #bcbcbc;border-left:1px solid #bcbcbc;}}@media all and (max-width: 767px){.kt-tabs-id1478_729490-fb > .kt-tabs-content-wrap > .wp-block-kadence-tab{border-top:1px solid #bcbcbc;border-right:1px solid #bcbcbc;border-bottom:1px solid #bcbcbc;border-left:1px solid #bcbcbc;}}<\/style>\n<div class=\"wp-block-kadence-tabs alignnone\"><div class=\"kt-tabs-wrap kt-tabs-id1478_729490-fb kt-tabs-has-2-tabs kt-active-tab-1 kt-tabs-layout-tabs kt-tabs-tablet-layout-inherit kt-tabs-mobile-layout-inherit kt-tab-alignment-left\"><ul class=\"kt-tabs-title-list\"><li id=\"tab-vuokrauslomake\" class=\"kt-title-item kt-title-item-1 kt-tabs-svg-show-always kt-tabs-icon-side-right kt-tab-title-active\"><a href=\"#tab-vuokrauslomake\" data-tab=\"1\" class=\"kt-tab-title kt-tab-title-1\"><span class=\"kt-title-text\">Vuokrauslomake<\/span><\/a><\/li><li id=\"tab-civisvarauslomake\" class=\"kt-title-item kt-title-item-2 kt-tabs-svg-show-always kt-tabs-icon-side-right kt-tab-title-inactive\"><a href=\"#tab-civisvarauslomake\" data-tab=\"2\" class=\"kt-tab-title kt-tab-title-2\"><span class=\"kt-title-text\">Civisvarauslomake<\/span><\/a><\/li><\/ul><div class=\"kt-tabs-content-wrap\">\n<div class=\"wp-block-kadence-tab kt-tab-inner-content kt-inner-tab-1 kt-inner-tabbd9c36-e3\"><div class=\"kt-tab-inner-content-inner\">\n<p>Vuokrauslomake<\/p>\n\n\n<style>.kb-form input.kadence-blocks-field.verify{opacity:0.0;position:absolute;top:0.0;left:0.0;width:0.0;height:0.0;z-index:-1;}<\/style>\n<div class=\"wp-block-kadence-form kadence-form-1478_140265-c3 kb-form-wrap\"><form class=\"kb-form\" action=\"\" method=\"post\" data-error-message=\"Lomake on t\u00e4ytetty virheellisesti\" data-trp-original-action=\"\"><div class=\"kadence-blocks-form-field kb-field-desk-width-100 kb-input-size-standard\"><label for=\"kb_field_1478_140265-c3_0\">Nimi<span class=\"required\">*<\/span><\/label><input name=\"kb_field_0\" id=\"kb_field_1478_140265-c3_0\" data-label=\"Nimi\" type=\"text\" placeholder=\"\" value=\"\" data-type=\"text\" class=\"kb-field kb-text-style-field kb-text-field kb-field-0\" data-required=\"yes\" data-required-message=\"Nimi on pakollinen\"\/><\/div><div class=\"kadence-blocks-form-field kb-form-field-1 kb-field-desk-width-100 kb-input-size-standard\"><label for=\"kb_field_1478_140265-c3_1\">J\u00e4rjest\u00f6<\/label><input name=\"kb_field_1\" id=\"kb_field_1478_140265-c3_1\" data-label=\"J\u00e4rjest\u00f6\" type=\"text\" placeholder=\"\" value=\"\" data-type=\"text\" class=\"kb-field kb-text-style-field kb-text-field kb-field-1\" data-required-message=\"Nimi on pakollinen\"\/><span class=\"kb-field-help\">Mik\u00e4li teet varauksen j\u00e4rjest\u00f6lle, ilmoita j\u00e4rjest\u00f6n nimi<\/span><\/div><div class=\"kadence-blocks-form-field kb-form-field-2 kb-field-desk-width-100 kb-input-size-standard\"><label for=\"kb_field_1478_140265-c3_2\">Puhelinnumero<span class=\"required\">*<\/span><\/label><input name=\"kb_field_2\" id=\"kb_field_1478_140265-c3_2\" data-label=\"Puhelinnumero\" type=\"tel\" placeholder=\"\" value=\"\" data-type=\"tel\" class=\"kb-field kb-text-style-field kb-tel-field kb-field-2\" data-required=\"yes\" data-required-message=\"Puhelinnumero on pakollinen\" data-validation-message=\"Puhelinnumero ei kelpaa\"\/><\/div><div class=\"kadence-blocks-form-field kb-form-field-3 kb-field-desk-width-100 kb-input-size-standard\"><label for=\"kb_field_1478_140265-c3_3\">S\u00e4hk\u00f6posti<span class=\"required\">*<\/span><\/label><input name=\"kb_field_3\" id=\"kb_field_1478_140265-c3_3\" data-label=\"S\u00e4hk\u00f6posti\" type=\"email\" placeholder=\"\" value=\"\" data-type=\"email\" class=\"kb-field kb-text-style-field kb-email-field kb-field-3\" data-required=\"yes\" data-required-message=\"S\u00e4hk\u00f6posti on pakollinen\" data-validation-message=\"S\u00e4hk\u00f6posti ei kelpaa\"\/><\/div><div class=\"kadence-blocks-form-field kb-form-field-4 kb-field-desk-width-100 kb-input-size-standard\"><label for=\"kb_field_1478_140265-c3_4\">K\u00e4yt\u00f6n ajankohta<span class=\"required\">*<\/span><\/label><input name=\"kb_field_4\" id=\"kb_field_1478_140265-c3_4\" data-label=\"K\u00e4yt\u00f6n ajankohta\" type=\"text\" placeholder=\"Alkuaika - loppuaika\" value=\"\" data-type=\"text\" class=\"kb-field kb-text-style-field kb-text-field kb-field-4\" data-required=\"yes\" data-required-message=\"K\u00e4yt\u00f6n ajankohta on pakollinen\"\/><span class=\"kb-field-help\">P\u00e4iv\u00e4m\u00e4\u00e4rin\u00e4, alle vuorokauden mittaisissa varauksissa p\u00e4iv\u00e4m\u00e4\u00e4r\u00e4, alku- ja lopputunti<\/span><\/div><div class=\"kadence-blocks-form-field kb-form-field-5 kb-field-desk-width-100 kb-input-size-standard\"><label for=\"kb_field_1478_140265-c3_5\">K\u00e4ytt\u00f6tarkoitus<span class=\"required\">*<\/span><\/label><input name=\"kb_field_5\" id=\"kb_field_1478_140265-c3_5\" data-label=\"K\u00e4ytt\u00f6tarkoitus\" type=\"text\" placeholder=\"\" value=\"\" data-type=\"text\" class=\"kb-field kb-text-style-field kb-text-field kb-field-5\" data-required=\"yes\" data-required-message=\"K\u00e4ytt\u00f6tarkoitus on pakollinen\"\/><span class=\"kb-field-help\">Mihin tarkoitukseen m\u00f6kki\u00e4 p\u00e4\u00e4s\u00e4\u00e4nt\u00f6isesti varauksen aikana k\u00e4ytet\u00e4\u00e4n<\/span><\/div><div class=\"kadence-blocks-form-field kb-form-field-6 kb-field-desk-width-100 kb-input-size-standard\"><label for=\"kb_field_1478_140265-c3_6\">Olen Kymenlaakson Osakunnan j\u00e4sen<span class=\"required\">*<\/span><\/label><div data-type=\"radio\" data-label=\"Olen Kymenlaakson Osakunnan j\u00e4sen\" id=\"kb_field_1478_140265-c3_6\" class=\"kb-field kb-radio-style-field kb-radio-field kb-field-6 kb-radio-style-normal\" data-required=\"yes\" data-required-message=\"K\u00e4ytt\u00e4j\u00e4lista on pakollinen tieto\"><div data-type=\"radio\" class=\"kb-radio-item kb-radio-item-0\"><input type=\"radio\" name=\"kb_field_6[]\" id=\"kb_field_6_0\" class=\"kb-sub-field kb-radio-style\" value=\"Kyll\u00e4\"\/><label for=\"kb_field_6_0\">Kyll\u00e4<\/label><\/div><div data-type=\"radio\" class=\"kb-radio-item kb-radio-item-1\"><input type=\"radio\" name=\"kb_field_6[]\" id=\"kb_field_6_1\" class=\"kb-sub-field kb-radio-style\" value=\"Ei\"\/><label for=\"kb_field_6_1\">Ei<\/label><\/div><\/div><\/div><div class=\"kadence-blocks-form-field kb-form-field-7 kb-field-desk-width-100 kb-input-size-standard\"><label for=\"kb_field_1478_140265-c3_7\">Lis\u00e4tietoja?<\/label><textarea name=\"kb_field_7\" id=\"kb_field_1478_140265-c3_7\" data-label=\"Lis\u00e4tietoja?\" type=\"textarea\" placeholder=\"Muut tarpeelliset huomiot tai terveiset\" data-type=\"textarea\" class=\"kb-field kb-text-style-field kb-textarea-field kb-field-7\" rows=\"4\"><\/textarea><span class=\"kb-field-help\">Esim. polttopuiden k\u00e4ytt\u00f6<\/span><\/div><div class=\"kadence-blocks-form-field kb-form-field-8 kb-field-desk-width-100 kb-input-size-standard kb-accept-form-field\"><input type=\"checkbox\" name=\"kb_field_8\" id=\"kb_field_1478_140265-c3_8\" class=\"kb-field kb-checkbox-style kb-accept\" value=\"accept\" data-type=\"accept\" data-required=\"yes\" data-required-message=\"Varaus ei ole mahdollinen ilman tietojen k\u00e4sittely\u00e4\"\/><label for=\"kb_field_1478_140265-c3_8\">Hyv\u00e4ksyn tietojeni k\u00e4yt\u00f6n ja s\u00e4ilytt\u00e4misen varauksen k\u00e4sittelyss\u00e4<span class=\"required\">*<\/span><\/label><\/div><div class=\"kadence-blocks-form-field kb-form-field-9 kb-field-desk-width-100 kb-input-size-standard kb-accept-form-field\"><input type=\"checkbox\" name=\"kb_field_9\" id=\"kb_field_1478_140265-c3_9\" class=\"kb-field kb-checkbox-style kb-accept\" value=\"accept\" data-type=\"accept\" data-required=\"yes\" data-required-message=\"K\u00e4ytt\u00f6s\u00e4\u00e4nt\u00f6ihin sitoutuminen on pakollista\"\/><label for=\"kb_field_1478_140265-c3_9\">Sitoudun noudattamaan Inspinhovin k\u00e4ytt\u00f6s\u00e4\u00e4nt\u00f6j\u00e4<span class=\"required\">*<\/span><\/label><\/div><input type=\"hidden\" name=\"_kb_form_id\" value=\"1478_140265-c3\"\/><input type=\"hidden\" name=\"_kb_form_post_id\" value=\"1478\"\/><input type=\"hidden\" name=\"action\" value=\"kb_process_ajax_submit\"\/><label class=\"kadence-verify-label\">Email<input class=\"kadence-blocks-field verify\" type=\"text\" name=\"_kb_verify_email\" autocomplete=\"new-password\" aria-hidden=\"true\" placeholder=\"Email\" tabindex=\"-1\" data-1p-ignore=\"true\" data-lpignore=\"true\" \/><\/label><div class=\"kadence-blocks-form-field kb-submit-field kb-field-desk-width-100\"><button class=\"kb-forms-submit button kb-button-size-standard kb-button-width-auto\">L\u00e4het\u00e4 varauspyynt\u00f6<\/button><\/div><input type=\"hidden\" name=\"trp-form-language\" value=\"sv\"\/><\/form><\/div>\n<noscript><div class=\"kadence-blocks-form-message kadence-blocks-form-warning\">Please enable JavaScript in your browser to submit the form<\/div><style>.kadence-form-1478_140265-c3 .kadence-blocks-form-field.kb-submit-field { display: none; }<\/style><\/noscript><\/div><\/div>\n\n\n\n<div class=\"wp-block-kadence-tab kt-tab-inner-content kt-inner-tab-2 kt-inner-tab9a5eb1-e9\"><div class=\"kt-tab-inner-content-inner\">\n<p>Civisvarauslomake Osakunnan j\u00e4senille<\/p>\n\n\n<style>.kb-form input.kadence-blocks-field.verify{opacity:0.0;position:absolute;top:0.0;left:0.0;width:0.0;height:0.0;z-index:-1;}<\/style>\n<div class=\"wp-block-kadence-form kadence-form-1478_0db071-2c kb-form-wrap\"><form class=\"kb-form\" action=\"\" method=\"post\" data-error-message=\"Lomake on t\u00e4ytetty virheellisesti\" data-trp-original-action=\"\"><div class=\"kadence-blocks-form-field kb-field-desk-width-100 kb-input-size-standard\"><label for=\"kb_field_1478_0db071-2c_0\">Nimi<span class=\"required\">*<\/span><\/label><input name=\"kb_field_0\" id=\"kb_field_1478_0db071-2c_0\" data-label=\"Nimi\" type=\"text\" placeholder=\"\" value=\"\" data-type=\"text\" class=\"kb-field kb-text-style-field kb-text-field kb-field-0\" data-required=\"yes\" data-required-message=\"Nimi on pakollinen\"\/><\/div><div class=\"kadence-blocks-form-field kb-form-field-1 kb-field-desk-width-100 kb-input-size-standard\"><label for=\"kb_field_1478_0db071-2c_1\">Puhelinnumero<span class=\"required\">*<\/span><\/label><input name=\"kb_field_1\" id=\"kb_field_1478_0db071-2c_1\" data-label=\"Puhelinnumero\" type=\"tel\" placeholder=\"\" value=\"\" data-type=\"tel\" class=\"kb-field kb-text-style-field kb-tel-field kb-field-1\" data-required=\"yes\" data-required-message=\"Puhelinnumero on pakollinen\" data-validation-message=\"Puhelinnumero ei kelpaa\"\/><\/div><div class=\"kadence-blocks-form-field kb-form-field-2 kb-field-desk-width-100 kb-input-size-standard\"><label for=\"kb_field_1478_0db071-2c_2\">S\u00e4hk\u00f6posti<span class=\"required\">*<\/span><\/label><input name=\"kb_field_2\" id=\"kb_field_1478_0db071-2c_2\" data-label=\"S\u00e4hk\u00f6posti\" type=\"email\" placeholder=\"\" value=\"\" data-type=\"email\" class=\"kb-field kb-text-style-field kb-email-field kb-field-2\" data-required=\"yes\" data-required-message=\"S\u00e4hk\u00f6posti on pakollinen\" data-validation-message=\"S\u00e4hk\u00f6posti ei kelpaa\"\/><\/div><div class=\"kadence-blocks-form-field kb-form-field-3 kb-field-desk-width-100 kb-input-size-standard\"><label for=\"kb_field_1478_0db071-2c_3\">K\u00e4yt\u00f6n ajankohta<span class=\"required\">*<\/span><\/label><input name=\"kb_field_3\" id=\"kb_field_1478_0db071-2c_3\" data-label=\"K\u00e4yt\u00f6n ajankohta\" type=\"text\" placeholder=\"Alkuaika - loppuaika\" value=\"\" data-type=\"text\" class=\"kb-field kb-text-style-field kb-text-field kb-field-3\" data-required=\"yes\" data-required-message=\"K\u00e4yt\u00f6n ajankohta on pakollinen\"\/><span class=\"kb-field-help\">P\u00e4iv\u00e4m\u00e4\u00e4rin\u00e4, alle vuorokauden mittaisissa varauksissa p\u00e4iv\u00e4m\u00e4\u00e4r\u00e4, alku- ja lopputunti<\/span><\/div><div class=\"kadence-blocks-form-field kb-form-field-4 kb-field-desk-width-100 kb-input-size-standard\"><label for=\"kb_field_1478_0db071-2c_4\">K\u00e4ytt\u00f6tarkoitus<span class=\"required\">*<\/span><\/label><input name=\"kb_field_4\" id=\"kb_field_1478_0db071-2c_4\" data-label=\"K\u00e4ytt\u00f6tarkoitus\" type=\"text\" placeholder=\"\" value=\"\" data-type=\"text\" class=\"kb-field kb-text-style-field kb-text-field kb-field-4\" data-required=\"yes\" data-required-message=\"K\u00e4ytt\u00f6tarkoitus on pakollinen\"\/><span class=\"kb-field-help\">Mihin tarkoitukseen m\u00f6kki\u00e4 p\u00e4\u00e4s\u00e4\u00e4nt\u00f6isesti varauksen aikana k\u00e4ytet\u00e4\u00e4n<\/span><\/div><div class=\"kadence-blocks-form-field kb-form-field-5 kb-field-desk-width-100 kb-input-size-standard\"><label for=\"kb_field_1478_0db071-2c_5\">Muut Osakuntaan kuuluvat k\u00e4ytt\u00e4j\u00e4t<\/label><textarea name=\"kb_field_5\" id=\"kb_field_1478_0db071-2c_5\" data-label=\"Muut Osakuntaan kuuluvat k\u00e4ytt\u00e4j\u00e4t\" type=\"textarea\" placeholder=\"Mik\u00e4li on tiedossa\" data-type=\"textarea\" class=\"kb-field kb-text-style-field kb-textarea-field kb-field-5\" rows=\"4\"><\/textarea><\/div><div class=\"kadence-blocks-form-field kb-form-field-6 kb-field-desk-width-100 kb-input-size-standard\"><label for=\"kb_field_1478_0db071-2c_6\">Osakunnan ulkopuoliset vieraat<\/label><textarea name=\"kb_field_6\" id=\"kb_field_1478_0db071-2c_6\" data-label=\"Osakunnan ulkopuoliset vieraat\" type=\"textarea\" placeholder=\"Mik\u00e4li on\" data-type=\"textarea\" class=\"kb-field kb-text-style-field kb-textarea-field kb-field-6\" rows=\"4\"><\/textarea><span class=\"kb-field-help\">Osakunnan ulkopuoliset vieraat vaativat m\u00f6kkivastaavan erillisen hyv\u00e4ksynn\u00e4n<\/span><\/div><div class=\"kadence-blocks-form-field kb-form-field-7 kb-field-desk-width-100 kb-input-size-standard\"><label for=\"kb_field_1478_0db071-2c_7\">Lis\u00e4tietoja?<\/label><textarea name=\"kb_field_7\" id=\"kb_field_1478_0db071-2c_7\" data-label=\"Lis\u00e4tietoja?\" type=\"textarea\" placeholder=\"Muut tarpeelliset huomiot tai terveiset\" data-type=\"textarea\" class=\"kb-field kb-text-style-field kb-textarea-field kb-field-7\" rows=\"4\"><\/textarea><span class=\"kb-field-help\">Esim. polttopuiden k\u00e4ytt\u00f6<\/span><\/div><div class=\"kadence-blocks-form-field kb-form-field-8 kb-field-desk-width-100 kb-input-size-standard kb-accept-form-field\"><input type=\"checkbox\" name=\"kb_field_8\" id=\"kb_field_1478_0db071-2c_8\" class=\"kb-field kb-checkbox-style kb-accept\" value=\"accept\" data-type=\"accept\" data-required=\"yes\" data-required-message=\"Varaus ei ole mahdollinen ilman tietojen k\u00e4sittely\u00e4\"\/><label for=\"kb_field_1478_0db071-2c_8\">Hyv\u00e4ksyn tietojeni k\u00e4yt\u00f6n ja s\u00e4ilytt\u00e4misen varauksen k\u00e4sittelyss\u00e4<span class=\"required\">*<\/span><\/label><\/div><div class=\"kadence-blocks-form-field kb-form-field-9 kb-field-desk-width-100 kb-input-size-standard kb-accept-form-field\"><input type=\"checkbox\" name=\"kb_field_9\" id=\"kb_field_1478_0db071-2c_9\" class=\"kb-field kb-checkbox-style kb-accept\" value=\"accept\" data-type=\"accept\" data-required=\"yes\" data-required-message=\"K\u00e4ytt\u00f6s\u00e4\u00e4nt\u00f6ihin sitoutuminen on pakollista\"\/><label for=\"kb_field_1478_0db071-2c_9\">Sitoudun noudattamaan Inspinhovin k\u00e4ytt\u00f6s\u00e4\u00e4nt\u00f6j\u00e4<span class=\"required\">*<\/span><\/label><\/div><input type=\"hidden\" name=\"_kb_form_id\" value=\"1478_0db071-2c\"\/><input type=\"hidden\" name=\"_kb_form_post_id\" value=\"1478\"\/><input type=\"hidden\" name=\"action\" value=\"kb_process_ajax_submit\"\/><label class=\"kadence-verify-label\">Email<input class=\"kadence-blocks-field verify\" type=\"text\" name=\"_kb_verify_email\" autocomplete=\"new-password\" aria-hidden=\"true\" placeholder=\"Email\" tabindex=\"-1\" data-1p-ignore=\"true\" data-lpignore=\"true\" \/><\/label><div class=\"kadence-blocks-form-field kb-submit-field kb-field-desk-width-100\"><button class=\"kb-forms-submit button kb-button-size-standard kb-button-width-auto\">L\u00e4het\u00e4 varauspyynt\u00f6<\/button><\/div><input type=\"hidden\" name=\"trp-form-language\" value=\"sv\"\/><\/form><\/div>\n<noscript><div class=\"kadence-blocks-form-message kadence-blocks-form-warning\">Please enable JavaScript in your browser to submit the form<\/div><style>.kadence-form-1478_0db071-2c .kadence-blocks-form-field.kb-submit-field { display: none; }<\/style><\/noscript><\/div><\/div>\n<\/div><\/div><\/div>\n\n\n\n<p>Varauslomakkeen tiedot v\u00e4litet\u00e4\u00e4n Osakunnan m\u00f6kkivastaavalle.<\/p>\n\n\n\n<p>Olemassaolevat varaukset n\u00e4et Inspinhovin <a href=\"https:\/\/kymenlaaksonosakunta.fi\/sv\/mokkivaraus\/\" data-type=\"link\" data-id=\"https:\/\/kymenlaaksonosakunta.fi\/mokkivaraus\/\">varauskalenterista<\/a><\/p>\n\n\n\n<p><a href=\"https:\/\/kyo.fi\/documents\/\/inspinhovi\/kayttosaannot.pdf\" data-type=\"link\" data-id=\"https:\/\/kyo.fi\/documents\/\/inspinhovi\/kayttosaannot.pdf\">K\u00e4ytt\u00f6s\u00e4\u00e4nn\u00f6t<\/a><\/p>\n\n\n\n<p><a href=\"https:\/\/kyo.fi\/documents\/\/inspinhovi\/hinnasto.pdf\" data-type=\"link\" data-id=\"https:\/\/kyo.fi\/documents\/\/inspinhovi\/hinnasto.pdf\">Hinnasto<\/a><\/p>\n\n\n\n<p><a href=\"https:\/\/kyo.fi\/documents\/\/saannot\/Mokkiohjesaanto_2025.pdf\" data-type=\"link\" data-id=\"https:\/\/kyo.fi\/documents\/\/saannot\/Mokkiohjesaanto_2025.pdf\">M\u00f6kkiohjes\u00e4\u00e4nt\u00f6<\/a><\/p>\n\n\n\n<p><\/p>","protected":false},"excerpt":{"rendered":"<p>Takaisin Inspinhoviin Varauslomakkeen tiedot v\u00e4litet\u00e4\u00e4n Osakunnan m\u00f6kkivastaavalle. Olemassaolevat varaukset n\u00e4et Inspinhovin varauskalenterista K\u00e4ytt\u00f6s\u00e4\u00e4nn\u00f6t Hinnasto M\u00f6kkiohjes\u00e4\u00e4nt\u00f6<\/p>","protected":false},"author":1,"featured_media":0,"parent":0,"menu_order":0,"comment_status":"closed","ping_status":"closed","template":"","meta":{"inspiro_hide_title":false,"footnotes":""},"class_list":["post-1478","page","type-page","status-publish","hentry"],"_links":{"self":[{"href":"https:\/\/kymenlaaksonosakunta.fi\/sv\/wp-json\/wp\/v2\/pages\/1478","targetHints":{"allow":["GET"]}}],"collection":[{"href":"https:\/\/kymenlaaksonosakunta.fi\/sv\/wp-json\/wp\/v2\/pages"}],"about":[{"href":"https:\/\/kymenlaaksonosakunta.fi\/sv\/wp-json\/wp\/v2\/types\/page"}],"author":[{"embeddable":true,"href":"https:\/\/kymenlaaksonosakunta.fi\/sv\/wp-json\/wp\/v2\/users\/1"}],"replies":[{"embeddable":true,"href":"https:\/\/kymenlaaksonosakunta.fi\/sv\/wp-json\/wp\/v2\/comments?post=1478"}],"version-history":[{"count":10,"href":"https:\/\/kymenlaaksonosakunta.fi\/sv\/wp-json\/wp\/v2\/pages\/1478\/revisions"}],"predecessor-version":[{"id":2122,"href":"https:\/\/kymenlaaksonosakunta.fi\/sv\/wp-json\/wp\/v2\/pages\/1478\/revisions\/2122"}],"wp:attachment":[{"href":"https:\/\/kymenlaaksonosakunta.fi\/sv\/wp-json\/wp\/v2\/media?parent=1478"}],"curies":[{"name":"wp","href":"https:\/\/api.w.org\/{rel}","templated":true}]}}