{"id":16,"date":"2016-08-22T21:32:22","date_gmt":"2016-08-22T18:32:22","guid":{"rendered":"http:\/\/kymenlaaksonosakunta.fi\/uudetsivut\/?page_id=16"},"modified":"2025-08-24T19:40:09","modified_gmt":"2025-08-24T16:40:09","slug":"jaseneksi","status":"publish","type":"page","link":"https:\/\/kymenlaaksonosakunta.fi\/sv\/jaseneksi\/","title":{"rendered":"Tule mukaan osakuntaan!"},"content":{"rendered":"<p>Kaipaatko kotiseudulle j\u00e4\u00e4nytt\u00e4 murretta? Eik\u00f6 iltojen kuluttaminen pelkkien koulukirjojen parissa kiinnosta? Haluaisitko tutustua oman alasi lis\u00e4ksi my\u00f6s muiden alojen opiskelijoihin? Silloin kannattaa suunnata osakuntaan!<\/p>\n\n\n\n<h3 class=\"wp-block-heading\">Mit\u00e4?<\/h3>\n\n\n\n<p>Kymenlaakson Osakunta yhdist\u00e4\u00e4 p\u00e4\u00e4kaupunkiseudun kymenlaaksohenkiset opiskelijat aina teekkareista valtiotieteilij\u00f6ihin. J\u00e4rjest\u00e4mme bileit\u00e4, juhlia, peli-iltoja, urheilua, kulttuuriekskursioita, kotiseutumatkailua &#8211; poikkitieteellist\u00e4 opiskelijael\u00e4m\u00e4\u00e4. Parasta osakunnassa on, ett\u00e4 jokainen voi olla mukana juuri sen verran kuin haluaa: toiset k\u00e4yv\u00e4t silloin t\u00e4ll\u00f6in juhlissa ja kokouksissa, toiset hoitavat useita virkoja.<\/p>\n\n\n\n<h3 class=\"wp-block-heading\">Miksi kannattaa liitty\u00e4?<\/h3>\n\n\n\n<p>Liittym\u00e4ll\u00e4 osakunnan j\u00e4seneksi saat k\u00e4ytt\u00e4\u00e4 osakunnan Etu-T\u00f6\u00f6l\u00f6ss\u00e4 sijaitsevia tiloja, p\u00e4\u00e4set mukaan monipuoliseen toimintaan, saat alennuksia fuksitapahtumista sek\u00e4 osakunnan j\u00e4rjest\u00e4mist\u00e4 kulttuuri- ja urheiluekskursioista. Lis\u00e4ksi sinulla on mahdollisuus hakea osakunnan <a href=\"http:\/\/kymenlaaksonosakunta.fi\/sv\/uudetsivut\/stipendit\/\">stipendej\u00e4<\/a> ja <a href=\"http:\/\/kymenlaaksonosakunta.fi\/sv\/uudetsivut\/asunnot\/\">asuntoja<\/a>. KyOn osakuntatarra on my\u00f6s avain moniin muiden osakuntien tapahtumiin.<\/p>\n\n\n\n<p>Syksyll\u00e4 osakunnalla j\u00e4rjestet\u00e4\u00e4n paljon ohjelmaa erityisesti uusille opiskelijoille eli fukseille. Kaikki fuksitapahtumat ovat ilmaisia ja niihin voit tulla, vaikka et olisikaan viel\u00e4 liittynyt j\u00e4seneksi. Tapahtumissa mukana on my\u00f6s vanhempia osakuntalaisia.<\/p>\n\n\n\n<p>Uusien illoissa p\u00e4\u00e4set tapaamaan muitakin uusia kym\u00e4l\u00e4isi\u00e4 fukseja sek\u00e4 tutustumaan vanhoihin osakuntalaisiin eli civiksiin.<\/p>\n\n\n\n<p>Fuksien syksyyn mahtuvat my\u00f6s fuksisitsit, joilla p\u00e4\u00e4set tutustumaan akateemiseen sitsiperinteeseen, sek\u00e4 perinteisesti karjalaisten ja wiipurilaisten kanssa j\u00e4rjestetyt fuksiaiset.<\/p>\n\n\n\n<h3 class=\"wp-block-heading\">Miten liityn?<\/h3>\n\n\n\n<p>Fuksitoiminta on aktiivisinta syksyll\u00e4, mutta j\u00e4seneksi voi liitty\u00e4 milloin vain, opiskeluvuosiin katsomatta. J\u00e4seneksi liityt\u00e4\u00e4n maksamalla j\u00e4senmaksu ja l\u00e4hett\u00e4m\u00e4ll\u00e4 yhteystiedot s\u00e4hk\u00f6isen <a href=\"https:\/\/docs.google.com\/forms\/d\/e\/1FAIpQLSftMgs_OehNEoZLhYORDn2SxrjM0oFE6DfBjVrMgXOCaEHiWw\/viewform?c=0&amp;w=1\">j\u00e4sentietolomakkeen<\/a> kautta. Voit my\u00f6s t\u00e4ytt\u00e4\u00e4 paperisen j\u00e4sentietolomakkeen osakunnalla k\u00e4ydess\u00e4si. Muista ilmoittaa my\u00f6s, mik\u00e4li tietosi muuttuvat.<\/p>\n\n\n\n<p>Osakunnan j\u00e4senmaksu on 12 euroa vuodessa. J\u00e4senmaksun voi maksaa osakunnan tilille Nordea FI72 1271 3000 0828 04 viitteell\u00e4 3777. Ilmoita maksusta taloudenhoitajalle (taloudenhoitaja@kymenlaaksonosakunta.fi) Voit my\u00f6s maksaa j\u00e4senmaksun k\u00e4teisell\u00e4 suoraan taloudenhoitajalle. Maksaminen onnistuu my\u00f6s HYY:n j\u00e4senmaksun yhteydess\u00e4 (valitse lomakkeesta KyO).<\/p>\n\n\n\n<p>Voit tulla tutustumaan osakuntaan suoraan mihin tahansa syksyn tapahtumiin! Samalla saat osakuntatarran merkiksi j\u00e4senyydest\u00e4si sek\u00e4 voit kirjoittautua matriikkeliin fuksiohjaajien avustuksella. Muista my\u00f6s liitty\u00e4 s\u00e4hk\u00f6postilistallemme!<\/p>\n\n\n\n<h3 class=\"wp-block-heading\">Kenelt\u00e4 apua?<\/h3>\n\n\n\n<p>Vuoden 2025 fuksiohjaajina toimivat Matias Jerkkola, Eetu Sipil\u00e4 ja Topias Kuoppam\u00e4ki. Meid\u00e4n teht\u00e4v\u00e4mme on auttaa teit\u00e4 p\u00e4\u00e4sem\u00e4\u00e4n mukaan osakunnan menoon ja meihin voikin t\u00f6rm\u00e4t\u00e4 kaikissa syksyn fuksitapahtumissa. Mik\u00e4li sinulla j\u00e4i, tai tulee kysytt\u00e4v\u00e4\u00e4, oli se sitten liittymisest\u00e4, toiminnasta tai muusta, otathan meihin yhteytt\u00e4 matalalla kynnyksell\u00e4! Parhaiten meid\u00e4t tavoitat s\u00e4hk\u00f6postilla osoitteesta <a href=\"mailto:fuksiohjaaja@kymenlaaksonosakunta.fi\">fuksiohjaaja@kymenlaaksonosakunta.fi<\/a> tai <strong>Telegramista<\/strong>. <\/p>\n\n\n\n<p>Matias: @MatsuJ Eetu: @sibbuli ja Topias: @topiaskuoppamaki<br><\/p>\n\n\n\n<h3 class=\"wp-block-heading\">Kuka voi liitty\u00e4?<\/h3>\n\n\n\n<p>Kymenlaakson Osakunnan j\u00e4seneksi voivat liitty\u00e4 kaikki opiskelijat, jotka opiskelevat jossakin p\u00e4\u00e4kaupunkiseudun korkeakoulussa. J\u00e4seneksi voidaan kuraattorin p\u00e4\u00e4t\u00f6ksell\u00e4 hyv\u00e4ksy\u00e4 my\u00f6s muussa Suomen korkeakouluissa opiskeleva henkil\u00f6. Voit kuulua vain yhteen osakuntaan kerrallaan, poikkeuksena Aalto-yliopistossa toimiva Teknologf\u00f6reningen, jonka j\u00e4senet voivat kuulua my\u00f6s johonkin Helsingin yliopiston osakunnista.<\/p>\n\n\n\n<figure class=\"wp-block-image\"><img decoding=\"async\" src=\"http:\/\/kymenlaaksonosakunta.fi\/images\/kyo_images\/kanta-alue.png\" alt=\"\"\/><\/figure>\n\n\n\n<p>Kymenlaakson Osakunnan kanta-alueeseen kuuluvat Iitti, Kouvola, Virolahti, Miehikk\u00e4l\u00e4, Hamina, Kotka, Pyht\u00e4\u00e4 sek\u00e4 Loviisan Ruotsinpyht\u00e4\u00e4n alue. L\u00e4mpim\u00e4t suhteet Kymenlaaksoon yhdist\u00e4v\u00e4t kyolaisia, mutta ne eiv\u00e4t ole vaatimus liittymiselle, vaan KyOon ovat tervetulleita kaikkialta Suomesta ja maailmalta kotoisin olevat opiskelijat.<\/p>\n\n\n\n<p><\/p>","protected":false},"excerpt":{"rendered":"<p>Kaipaatko kotiseudulle j\u00e4\u00e4nytt\u00e4 murretta? Eik\u00f6 iltojen kuluttaminen pelkkien koulukirjojen parissa kiinnosta? Haluaisitko tutustua oman alasi lis\u00e4ksi my\u00f6s muiden alojen opiskelijoihin? Silloin kannattaa suunnata osakuntaan! Mit\u00e4? Kymenlaakson Osakunta yhdist\u00e4\u00e4 p\u00e4\u00e4kaupunkiseudun kymenlaaksohenkiset opiskelijat aina teekkareista valtiotieteilij\u00f6ihin. J\u00e4rjest\u00e4mme bileit\u00e4, juhlia, peli-iltoja, urheilua, kulttuuriekskursioita, kotiseutumatkailua &#8211; poikkitieteellist\u00e4 opiskelijael\u00e4m\u00e4\u00e4. Parasta osakunnassa on, ett\u00e4 jokainen voi olla mukana juuri sen verran &hellip; <\/p>\n<p class=\"link-more\"><a href=\"https:\/\/kymenlaaksonosakunta.fi\/sv\/jaseneksi\/\" class=\"more-link\">Read more<span class=\"screen-reader-text\"> &#8221;Tule mukaan osakuntaan!&#8221;<\/span><\/a><\/p>","protected":false},"author":1,"featured_media":0,"parent":0,"menu_order":0,"comment_status":"closed","ping_status":"closed","template":"","meta":{"inspiro_hide_title":false,"footnotes":""},"class_list":["post-16","page","type-page","status-publish","hentry"],"_links":{"self":[{"href":"https:\/\/kymenlaaksonosakunta.fi\/sv\/wp-json\/wp\/v2\/pages\/16","targetHints":{"allow":["GET"]}}],"collection":[{"href":"https:\/\/kymenlaaksonosakunta.fi\/sv\/wp-json\/wp\/v2\/pages"}],"about":[{"href":"https:\/\/kymenlaaksonosakunta.fi\/sv\/wp-json\/wp\/v2\/types\/page"}],"author":[{"embeddable":true,"href":"https:\/\/kymenlaaksonosakunta.fi\/sv\/wp-json\/wp\/v2\/users\/1"}],"replies":[{"embeddable":true,"href":"https:\/\/kymenlaaksonosakunta.fi\/sv\/wp-json\/wp\/v2\/comments?post=16"}],"version-history":[{"count":34,"href":"https:\/\/kymenlaaksonosakunta.fi\/sv\/wp-json\/wp\/v2\/pages\/16\/revisions"}],"predecessor-version":[{"id":1905,"href":"https:\/\/kymenlaaksonosakunta.fi\/sv\/wp-json\/wp\/v2\/pages\/16\/revisions\/1905"}],"wp:attachment":[{"href":"https:\/\/kymenlaaksonosakunta.fi\/sv\/wp-json\/wp\/v2\/media?parent=16"}],"curies":[{"name":"wp","href":"https:\/\/api.w.org\/{rel}","templated":true}]}}