{"id":20,"date":"2016-08-22T21:37:24","date_gmt":"2016-08-22T18:37:24","guid":{"rendered":"http:\/\/kymenlaaksonosakunta.fi\/uudetsivut\/?page_id=20"},"modified":"2016-09-22T01:44:09","modified_gmt":"2016-09-21T22:44:09","slug":"tilat","status":"publish","type":"page","link":"https:\/\/kymenlaaksonosakunta.fi\/sv\/tilat\/","title":{"rendered":"Tilat"},"content":{"rendered":"<p>KyOn tilat sijaitsevat kolmannella ylioppilastalolla eli Domus Gaudiumilla Helsingin Etu-T\u00f6\u00f6l\u00f6ss\u00e4 osoitteessa Lepp\u00e4suonkatu 11. Tuttavallisemmin Mechelininkadun ja Lepp\u00e4suonkadun risteyksess\u00e4 sijaitseva talo tunnetaan nimell\u00e4 DG. Talon omistavat Helsingin yliopiston ylioppilaskunta ja Helsingin kauppakorkeakoulun tukis\u00e4\u00e4ti\u00f6.<\/p>\n<p>Tarkat saapumisohjeet l\u00f6yd\u00e4t <a href=\"http:\/\/kymenlaaksonosakunta.fi\/sv\/uudetsivut\/yhteystiedot\/\">yhteystietosivulta<\/a>.<\/p>\n<p>Jaamme ensimm\u00e4isen kellarikerroksen Alexander-klusterin tilamme Wiipurilaisen ja Karjalaisen Osakunnan kanssa. Kolme osakuntaa tunnetaan nimell\u00e4 Domus Gaudiumin Osakunnat eli DGO. DG:lt\u00e4 l\u00f6ytyy my\u00f6s muita HYYn j\u00e4rjest\u00f6j\u00e4, kuten lukuisia ainej\u00e4rjest\u00f6j\u00e4 matemaattis-luonnontieteellisest\u00e4, k\u00e4ytt\u00e4ytymistieteellist\u00e4 ja teologisesta tiedekunnasta.<\/p>\n<p><img loading=\"lazy\" decoding=\"async\" class=\"alignnone size-medium\" src=\"http:\/\/kymenlaaksonosakunta.fi\/images\/kyo_images\/sali.JPG\" alt=\"\" width=\"600\" height=\"2448\" \/><\/p>\n<p>Osakuntatiloista l\u00f6ytyy:<\/p>\n<ul>\n<li>suuri, hyvin varusteltu keitti\u00f6, jossa voi l\u00e4mmitt\u00e4\u00e4 my\u00f6s omia ev\u00e4it\u00e4<\/li>\n<li>lehtihuone, jossa on luettavissa l\u00f6ytyv\u00e4t Helsingin Sanomat, useimmat maakuntalehdet, Aku Ankka ja muita aikakauslehti\u00e4. Osakuntalaisten k\u00e4yt\u00f6ss\u00e4 on my\u00f6s TV, PlayStation, l\u00e4pp\u00e4ri sek\u00e4 kaikkien kolmen osakunnan kirjastot.<\/li>\n<li>klubihuone kokousk\u00e4ytt\u00f6\u00f6n<\/li>\n<li>sali, jossa j\u00e4rjestet\u00e4\u00e4n suurempia tilaisuuksia kuten p\u00f6yt\u00e4juhlia ja kuoroharjoituksia<\/li>\n<li>toimisto, jossa s\u00e4ilytet\u00e4\u00e4n osakuntien uusimpia arkistoja ja muuta toimintaan tarvittavaa<\/li>\n<li>Osakuntatiloista l\u00f6ytyv\u00e4t lis\u00e4ksi flyygeli ja langaton nettiyhteys osakuntalaisten k\u00e4ytt\u00f6\u00f6n.<\/li>\n<\/ul>","protected":false},"excerpt":{"rendered":"<p>KyOn tilat sijaitsevat kolmannella ylioppilastalolla eli Domus Gaudiumilla Helsingin Etu-T\u00f6\u00f6l\u00f6ss\u00e4 osoitteessa Lepp\u00e4suonkatu 11. Tuttavallisemmin Mechelininkadun ja Lepp\u00e4suonkadun risteyksess\u00e4 sijaitseva talo tunnetaan nimell\u00e4 DG. Talon omistavat Helsingin yliopiston ylioppilaskunta ja Helsingin kauppakorkeakoulun tukis\u00e4\u00e4ti\u00f6. Tarkat saapumisohjeet l\u00f6yd\u00e4t yhteystietosivulta. Jaamme ensimm\u00e4isen kellarikerroksen Alexander-klusterin tilamme Wiipurilaisen ja Karjalaisen Osakunnan kanssa. Kolme osakuntaa tunnetaan nimell\u00e4 Domus Gaudiumin Osakunnat eli DGO. &hellip; <\/p>\n<p class=\"link-more\"><a href=\"https:\/\/kymenlaaksonosakunta.fi\/sv\/tilat\/\" class=\"more-link\">Read more<span class=\"screen-reader-text\"> &#8221;Tilat&#8221;<\/span><\/a><\/p>","protected":false},"author":1,"featured_media":0,"parent":0,"menu_order":0,"comment_status":"closed","ping_status":"closed","template":"","meta":{"inspiro_hide_title":false,"footnotes":""},"class_list":["post-20","page","type-page","status-publish","hentry"],"_links":{"self":[{"href":"https:\/\/kymenlaaksonosakunta.fi\/sv\/wp-json\/wp\/v2\/pages\/20","targetHints":{"allow":["GET"]}}],"collection":[{"href":"https:\/\/kymenlaaksonosakunta.fi\/sv\/wp-json\/wp\/v2\/pages"}],"about":[{"href":"https:\/\/kymenlaaksonosakunta.fi\/sv\/wp-json\/wp\/v2\/types\/page"}],"author":[{"embeddable":true,"href":"https:\/\/kymenlaaksonosakunta.fi\/sv\/wp-json\/wp\/v2\/users\/1"}],"replies":[{"embeddable":true,"href":"https:\/\/kymenlaaksonosakunta.fi\/sv\/wp-json\/wp\/v2\/comments?post=20"}],"version-history":[{"count":6,"href":"https:\/\/kymenlaaksonosakunta.fi\/sv\/wp-json\/wp\/v2\/pages\/20\/revisions"}],"predecessor-version":[{"id":326,"href":"https:\/\/kymenlaaksonosakunta.fi\/sv\/wp-json\/wp\/v2\/pages\/20\/revisions\/326"}],"wp:attachment":[{"href":"https:\/\/kymenlaaksonosakunta.fi\/sv\/wp-json\/wp\/v2\/media?parent=20"}],"curies":[{"name":"wp","href":"https:\/\/api.w.org\/{rel}","templated":true}]}}