{"id":22,"date":"2016-08-22T21:38:16","date_gmt":"2016-08-22T18:38:16","guid":{"rendered":"http:\/\/kymenlaaksonosakunta.fi\/uudetsivut\/?page_id=22"},"modified":"2026-03-05T12:49:27","modified_gmt":"2026-03-05T10:49:27","slug":"virat","status":"publish","type":"page","link":"https:\/\/kymenlaaksonosakunta.fi\/sv\/virat\/","title":{"rendered":"Virat ja valiokunnat"},"content":{"rendered":"<p>Osakunnan nykyiset&nbsp;virkailijat yhteystietoineen&nbsp;l\u00f6yd\u00e4t <a href=\"https:\/\/kymenlaaksonosakunta.fi\/sv\/virkailijat\/\" data-type=\"page\" data-id=\"1404\">t\u00e4\u00e4lt\u00e4<\/a>. Lis\u00e4\u00e4 tietoa eri virkailijoiden teht\u00e4vist\u00e4 l\u00f6ytyy <a href=\"http:\/\/www.kymenlaaksonosakunta.fi\/wiki\/index.php?title=Virat\">KyOwikist\u00e4<\/a>.<\/p>\n\n\n\n<h3 class=\"wp-block-heading\">Osakunnan virat<\/h3>\n\n\n\n<h4 class=\"wp-block-heading\">Inspehtori<\/h4>\n\n\n\n<p>Inspehtori on Helsingin yliopiston professori, jonka teht\u00e4v\u00e4n\u00e4 on valvoa osakunnan toimintaa ja toimia yhdyssiteen\u00e4 osakunnan ja yliopiston johdon v\u00e4lill\u00e4. Inspehtori osallistuu osakunnan kokouksiin ja juhliin, ja h\u00e4nen kunniateht\u00e4v\u00e4ns\u00e4 on jakaa itsen\u00e4isyysp\u00e4iv\u00e4n\u00e4 fukseille nauhat ja vuosijuhlassa my\u00f6nnetyt akateemiset kunniamerkit ja palkinnot. H\u00e4n on my\u00f6s Kymenlaakson Osakunnan Rahastojen Hoitokunnan puheenjohtaja. Inspehtori valitaan virkaansa toistaiseksi ja pisimmill\u00e4n inspehtori saattaa toimia virassa parikymment\u00e4 vuotta. Tavallinen kauden pituus on kuitenkin noim kymmenen vuotta.<\/p>\n\n\n\n<h4 class=\"wp-block-heading\">Kuraattori<\/h4>\n\n\n\n<p>Kuraattori on yleens\u00e4 valmistunut tai opintojensa loppuvaiheessa oleva osakuntalainen. H\u00e4nen teht\u00e4v\u00e4ns\u00e4 on johtaa osakunnan toimintaa ja hoitaa osakunnan suhteita niin yliopistoon, muihin osakuntiin kuin ulkomaillekin. Kuraattori on usein ehtinyt toimia useassa osakuntavirassa, joten h\u00e4n tiet\u00e4\u00e4, miten asiat on ennen tehty ja miten ne mahdollisesti kannattaisi tehd\u00e4 jatkossa. Yksi kuraattorin t\u00e4rkeimmist\u00e4 teht\u00e4vist\u00e4 onkin varmistaa osakuntatoiminnan jatkuvuus, ett\u00e4 t\u00e4rke\u00e4t perinteet eiv\u00e4t katkea. H\u00e4n johtaa puhetta osakunnan kokouksissa ja toimii kurinpitovaliokunnan puheenjohtajana. Kuraattori kantaa juhlatilaisuuksissa hopeisia kuraattorink\u00e4\u00e4tyj\u00e4. Kuraattorin kausi on kaksivuotinen ja alkaa aina parittoman vuoden aprillip\u00e4iv\u00e4n\u00e4.<\/p>\n\n\n\n<h4 class=\"wp-block-heading\">Hallituksen puheenjohtaja<\/h4>\n\n\n\n<p>Hallituksen puheenjohtaja toimii nimens\u00e4 mukaisesti hallituksen kokoonkutsujana sek\u00e4 kuraattorin oikeana k\u00e4ten\u00e4. H\u00e4n laatii hallituksen kokousten esityslistat ja mm. pit\u00e4\u00e4 huolen, ett\u00e4 muut virkailijat valmistelevat heid\u00e4n vastuulleen kuuluvat asiakirjat. H\u00e4n on&nbsp;my\u00f6s asuntovaliokunnan puheenjohtaja.<\/p>\n\n\n\n<h4 class=\"wp-block-heading\">Hallitus<\/h4>\n\n\n\n<p>Hallituksen j\u00e4senet ovat osakuntatoiminnan ytimess\u00e4. He tekev\u00e4t juoksevat p\u00e4\u00e4t\u00f6kset osakunnan toiminnasta ja rahank\u00e4yt\u00f6st\u00e4. Hallitus my\u00f6s valmistelee osakunnan kokouksen k\u00e4sittelyyn tuotavat asiat. Hallitus kokoontuu lukukauden aikana n. kaksi kertaa kuukaudessa. Hallitukseen kuuluu virkansa puolesta hallituksen puheenjohtaja, sihteeri, taloudenhoitaja ja kuraattori sek\u00e4 viisi vaaleilla valittavaa j\u00e4sent\u00e4. Yleens\u00e4 suositellaan, ett\u00e4 toiminnanohjaaja, tiedotussihteeri, fuksiohjaaja ja em\u00e4nt\u00e4 tai is\u00e4nt\u00e4 kuuluvat hallitukseen.<\/p>\n\n\n\n<h4 class=\"wp-block-heading\">Sihteeri<\/h4>\n\n\n\n<p>Sihteerin teht\u00e4v\u00e4 on pit\u00e4\u00e4 p\u00f6yt\u00e4kirjaa sek\u00e4 osakunnan ett\u00e4 hallituksen kokouksissa. H\u00e4n my\u00f6s vastaanottaa ja l\u00e4hett\u00e4\u00e4 osakunnan postit ja valmistelee vuoden lopuksi toimintakertomuksen.<\/p>\n\n\n\n<h4 class=\"wp-block-heading\">Taloudenhoitaja<\/h4>\n\n\n\n<p>Taloudenhoitaja istuu osakunnan rahakirstun p\u00e4\u00e4ll\u00e4, toisin sanoen huolehtii rahaliikenteest\u00e4 ja antaa lausuntoja talouden tilasta. H\u00e4n tekee kirjanpidon osakunnan tuloista ja menoista sek\u00e4 laatii tilinp\u00e4\u00e4t\u00f6ksen. Taloudenhoitajan virka on kaksivuotinen ja valitaan marraskuun kokouksessa.<\/p>\n\n\n\n<h4 class=\"wp-block-heading\">Toiminnanohjaaja<\/h4>\n\n\n\n<p>Toiminnanohjaajan vastuulla on osakunnan kalenteri: mit\u00e4 tapahtuu, miss\u00e4 tapahtuu ja milloin tapahtuu. H\u00e4n johtaa toimintavaliokuntaa, joka ideoi ja suunnittelee ne osakunnan tapahtumat, joilla ei ole erillist\u00e4 suunnittelutoimikuntaa. Toiminnanohjaaja p\u00e4\u00e4see tekem\u00e4\u00e4n paljon yhteisty\u00f6t\u00e4 karjalaisten ja wiipurilaisten toiminnanohjaajien kanssa, kun j\u00e4rjestet\u00e4\u00e4n&nbsp;DGO:n yhteisi\u00e4 tapahtumia.<\/p>\n\n\n\n<h4 class=\"wp-block-heading\">Em\u00e4nt\u00e4<\/h4>\n\n\n\n<p>Em\u00e4nn\u00e4n valtakunta on osakunnan keitti\u00f6. H\u00e4n suunnittelee ja valmistaa tapahtumien tarjoilut. Em\u00e4nn\u00e4n apuna on henkil\u00f6kunta ja em\u00e4nt\u00e4 kuuluu toimintavaliokuntaan.<\/p>\n\n\n\n<h4 class=\"wp-block-heading\">Is\u00e4nt\u00e4<\/h4>\n\n\n\n<p>Is\u00e4nt\u00e4 on vastuussa osakunnan tiloista, juomatarjoilusta sek\u00e4 turvallisuudesta tapahtumien aikana. H\u00e4n organisoi p\u00e4ivystysvuorot. Is\u00e4nt\u00e4 huolehtii my\u00f6s osakunnan lipusta ja lippuairuiden hankkimisesta, kun tilaisuuden luonne niin vaatii. Is\u00e4nt\u00e4\u00e4 auttaa henkil\u00f6kunta ja is\u00e4nt\u00e4 kuuluu talous- sek\u00e4 toimintavaliokuntaan.<\/p>\n\n\n\n<h4 class=\"wp-block-heading\">Fuksiohjaaja<\/h4>\n\n\n\n<p>Fuksiohjaaja on jokaisen KyOon&nbsp;tulevan fuksin tuki ja turva ja opas osakuntael\u00e4m\u00e4n salohin. H\u00e4n j\u00e4rjest\u00e4\u00e4 yhdess\u00e4 rekrytointivaliokunnan kanssa uusien illat, fuksiaiset, fuksisitsit ja on muutenkin vastuussa osakunnan j\u00e4senrekrytoinnista. Fuksiohjaajan kiireisint\u00e4 aikaa on syksy, jolloin suurin osa uusista fukseista tulee osakuntaan. Virka on usein ollut tapana jakaa, niin ty\u00f6m\u00e4\u00e4r\u00e4 ei ole liian suuri yhdelle virkailijalle.<\/p>\n\n\n\n<h4 class=\"wp-block-heading\">Maakuntasihteeri<\/h4>\n\n\n\n<p>Maakuntasihteerin p\u00e4\u00e4teht\u00e4v\u00e4 on j\u00e4rjest\u00e4\u00e4 vuosittainen kes\u00e4retkin johonkin Kymenlaakson kuntaan. Yhdess\u00e4 maakuntavaliokunan kanssa h\u00e4n voi ideoida ja totetuttaa my\u00f6s muuta kanta-alueeseen liittyv\u00e4\u00e4 toimintaa. Maakuntasihteerin on my\u00f6s hyv\u00e4 pysy\u00e4 k\u00e4rryill\u00e4 maakunnan tapahtumista ja tiedottaa niist\u00e4 osakunnalle.<\/p>\n\n\n\n<h4 class=\"wp-block-heading\">Asuntosihteeri<\/h4>\n\n\n\n<p>Asuntosihteeri vastaa KyOn asuntoihin liittyvist\u00e4 juoksevista asioista, kuten vuokrasopimusten laatimisesta ja asuntohausta tiedottamisesta. H\u00e4n toimii sihteerin\u00e4 asuntovaliokunnassa, joka pisteytt\u00e4\u00e4 hakijat ja jakaa asunnot. Asuntosihteerin virka on kaksivuotinen.<\/p>\n\n\n\n<h4 class=\"wp-block-heading\">Tiedotussihteeri<\/h4>\n\n\n\n<p>Tiedotussihteeri hallinnoi osakunnan nettisivuja, s\u00e4hk\u00f6postilistoja, Instagram-feedi\u00e4 ja Facebook-sivua. H\u00e4n pit\u00e4\u00e4 huolen siit\u00e4, ett\u00e4 osakuntalaiset pysytv\u00e4t k\u00e4rryill\u00e4 siit\u00e4, mit\u00e4 KyOssa tapahtuu.<\/p>\n\n\n\n<h4 class=\"wp-block-heading\">Ulkoasiainsihteeri<\/h4>\n\n\n\n<p>Ulkoasiainsihteeri on huolehtii yhteydenpidosta&nbsp;KyOn ulkomaalaisiin yst\u00e4vyysj\u00e4rjest\u00f6ihin Ruotsissa ja Virossa. H\u00e4n j\u00e4rjest\u00e4\u00e4 tarvittaessa majoituksen Suomeen tuleville vieraille ja muutenkin varmistaa, ett\u00e4 he tuntevat olonsa tervetulleiksi.<\/p>\n\n\n\n<h4 class=\"wp-block-heading\">Kulttuurisihteeri<\/h4>\n\n\n\n<p>Kulttuurisihteeri j\u00e4rjest\u00e4\u00e4 osakuntalaisille mit\u00e4 erilaisimpia kulttuurikokemuksia kuten retki\u00e4 teatteriin, keikalle, taiden\u00e4yttelyyn tai katsomaan stand upia.<\/p>\n\n\n\n<h4 class=\"wp-block-heading\">Liikuntasihteeri<\/h4>\n\n\n\n<p>Liikuntasihteeri pit\u00e4\u00e4 huolta osakuntalaisten kunnosta. H\u00e4nen johdollaan voidaan k\u00e4yd\u00e4 kokeilemassa vaikka Mega Zonea, hot joogaa tai kiipeily\u00e4 seikkailupuistossa. Liikuntasihteeri voi j\u00e4rjest\u00e4\u00e4 my\u00f6s penkkiurheilua.<\/p>\n\n\n\n<h4 class=\"wp-block-heading\">J\u00e4sensihteeri<\/h4>\n\n\n\n<p>J\u00e4sensihteeri yll\u00e4pit\u00e4\u00e4 osakunnan j\u00e4senrekisteri\u00e4.<\/p>\n\n\n\n<h4 class=\"wp-block-heading\">Seniorisihteeri<\/h4>\n\n\n\n<p>Seniorisihteeri toimii linkkin\u00e4 osakunnan ja Kymenlaakson Osakunnan Seniorit ry:n v\u00e4lill\u00e4. Seniorit ovat jo valmistuneita entisi\u00e4 osakunnan j\u00e4seni\u00e4, jotka j\u00e4rjest\u00e4v\u00e4t omaa toimintaa oman yhdistyksens\u00e4 kautta. KyOn Senioreiden tapahtumiin ovat aina my\u00f6s osakuntalaiset tervetulleita. KyOlla ja Senioreilla on my\u00f6s yhteisi\u00e4 tapahtumia, joita seniorisihteeri on mukana toteuttamassa. Seniorisihteeri on usein itsekin l\u00e4hes valmistunut osakuntalainen, mutta se ei ole vaatimus viran saamiselle.<\/p>\n\n\n\n<h4 class=\"wp-block-heading\">Kyps\u00e4n p\u00e4\u00e4toimittaja<\/h4>\n\n\n\n<p>P\u00e4\u00e4toimittaja varmistaa, ett\u00e4 Kyps\u00e4 valmistuu nelj\u00e4 kertaa vuodessa suunnilleen ajallaan ja ett\u00e4 lehdet postitetaan oikeisiin osoitteisiin. H\u00e4n innostaa toimituskunnan ideoimaan ja kirjoittamaan mit\u00e4 erilaisimpia juttuja. P\u00e4\u00e4toimittaja on usein toiminut&nbsp;my\u00f6s taittajana, mutta sen teht\u00e4v\u00e4n voi delegoida my\u00f6s muille toimituskunnan j\u00e4senille.<\/p>\n\n\n\n<h4 class=\"wp-block-heading\">Arkistonhoitaja<\/h4>\n\n\n\n<p>Arkistonhoitaja huolehtii osakunnan arvo-omaisuudesta ja arkistosta. H\u00e4n ottaa talteen s\u00e4ilytt\u00e4misen arvoiset paperit ja toimittaa niit\u00e4 sopivin v\u00e4liajoin p\u00e4\u00e4tearkistoon Kansalliskirjastossa.<\/p>\n\n\n\n<h4 class=\"wp-block-heading\">Laulunjohtaja<\/h4>\n\n\n\n<p>Laulunjohtaja heiluttaa osakunnan juhlissa laulunjohtajan miekkaa, ja pit\u00e4\u00e4 huolen, ett\u00e4 sitseill\u00e4 lauletaan riitt\u00e4v\u00e4sti. H\u00e4n vastaa siit\u00e4, ett\u00e4 jokaisissa juhlissa on joku johtamassa laulua. H\u00e4nen apunaan toimivat varalaulunjohtajat. Virkaan ei tarvita varsinaista laulutaitoa tai s\u00e4velkorvaa, usein riitt\u00e4\u00e4, ett\u00e4 uskaltaa ja haluaa olla \u00e4\u00e4ness\u00e4.<\/p>\n\n\n\n<h4 class=\"wp-block-heading\">Valokuvaaja<\/h4>\n\n\n\n<p>Valokuvaajan l\u00f6yt\u00e4\u00e4 osakunnan juhlissa ja muissa tapahtumissa useimmiten kameran takaa. H\u00e4n huolehtii, ett\u00e4 osakuntalehti Kyps\u00e4\u00e4n, nettisivuille ja sosiaaliseen mediaan riitt\u00e4\u00e4 tarpeeksi materiaalia.<\/p>\n\n\n\n<h4 class=\"wp-block-heading\">Henkil\u00f6kunnan j\u00e4sen, ent. apuem\u00e4nt\u00e4<\/h4>\n\n\n\n<p>Em\u00e4nnist\u00f6n j\u00e4senet toimivat em\u00e4nn\u00e4n apuna keitti\u00f6ss\u00e4 ja p\u00e4\u00e4sev\u00e4t mukaan juhlien j\u00e4rjest\u00e4miseen. Jos kaikkia apuem\u00e4nti\u00e4 ei tarvita juhlan aikana keitti\u00f6ss\u00e4, esivalmisteluissa mukana olleet p\u00e4\u00e4sev\u00e4t p\u00f6yt\u00e4\u00e4n puoleen hintaan. Apuem\u00e4ntien vastuulla on my\u00f6s keskiviikkokahvien ja kokoustarjoiluiden valmistaminen.<\/p>\n\n\n\n<h4 class=\"wp-block-heading\">Henkil\u00f6kunnan j\u00e4sen, ent. apuis\u00e4nt\u00e4<\/h4>\n\n\n\n<p>Is\u00e4nnist\u00f6n j\u00e4senten vastuulla on mm. p\u00e4ivyst\u00e4minen, p\u00f6ytien kattaminen ennen juhlia, tarjoilu ja is\u00e4nn\u00e4n kopista huolehtiminen jatkojen aikana. Samoin kuin apuem\u00e4nnill\u00e4, valmisteluihin osallistuneet apuis\u00e4nn\u00e4t p\u00e4\u00e4sev\u00e4t juhlissa p\u00f6yt\u00e4\u00e4n puoleen hintaan.<\/p>\n\n\n\n<h4 class=\"wp-block-heading\">Kyps\u00e4n toimituskunnan j\u00e4sen<\/h4>\n\n\n\n<p>Osakuntalehti Kyps\u00e4n toimikunnassa p\u00e4\u00e4sev\u00e4t monenlaiset lahjakkuudet esiin. Olitpa sitten aloitteleva&nbsp;kolumnisti, runoilija, tietokirjailija, sarjakuvapiirt\u00e4j\u00e4 tai graafikko, l\u00f6ytyy sinulle toimikunnasta tekemist\u00e4. Kyps\u00e4ss\u00e4 on vuosien varrella julkaistu kaikkea neuvontapalstasta ja drinkkivikeist\u00e4 v\u00e4rityskuviin, joten kaikenlaiset ideat ovat tervetulleita.<\/p>\n\n\n\n<h4 class=\"wp-block-heading\">Vuosijuhlamestari<\/h4>\n\n\n\n<p>Vuosijuhlamestari on p\u00e4\u00e4vastuussa osakunnan helmikuisen vuosijuhlan j\u00e4rjest\u00e4misest\u00e4. H\u00e4n mm. valitsee juhlapaikan sek\u00e4 hoitaa yhteydenpidon ravintolaan ja kutsujen l\u00e4hett\u00e4misen. Vuosijuhlamestarin avuksi valitaan vuosijuhlatoimikunta. Vuosijuhlamestari valitaan syyskuun kokouksessa, tasavuosina usein jo kev\u00e4\u00e4ll\u00e4.<\/p>\n\n\n\n<h4 class=\"wp-block-heading\">Rajanylitysmestari<\/h4>\n\n\n\n<p>Rajanylitysmestari j\u00e4rjest\u00e4\u00e4 osakunnan kakkosjuhlan loka-marraskuussa. H\u00e4n saa sanoa viimeisen sanan teemasta, koristelusta, ohjemasta ja kaikesta muusta juhlaan liittyv\u00e4st\u00e4. My\u00f6s rajanylitysmestarin apuna toimii toimikunta. Rajanylitysmestari valitaan toukokuun kokouksessa.<\/p>\n\n\n\n<h3 class=\"wp-block-heading\">Osakunnan edustajat muualla<\/h3>\n\n\n\n<h4 class=\"wp-block-heading\">Huoneistotoimikunta HTK<\/h4>\n\n\n\n<p>Huoneistotoimikunta on DGO:n yhteinen toimielin, johon jokainen osakunta valitsee kolme j\u00e4sent\u00e4. Jokaisella toimikuntaan valitulla on m\u00e4\u00e4r\u00e4tty vastuualueensa, jotka kiert\u00e4v\u00e4t vuosittain osakunnalta toiselle. HTK:n puheenjohtaja pit\u00e4\u00e4 huolen, ett\u00e4 HTK kokoontuu riitt\u00e4v\u00e4sti ja hoitaa sen vastuulla olevat teht\u00e4v\u00e4t. Puheenjohtajan ollessa estynyt t\u00e4m\u00e4n hoitaa varapuheenjohtaja. Sihteeri laatii kokousten p\u00f6yt\u00e4kirjat. Taloudenhoitaja on vastuussa HTK:n tilist\u00e4 ja tekee kirjanpidon ja tilinp\u00e4\u00e4t\u00f6ksen. Klubiem\u00e4nt\u00e4 ja apuklubiem\u00e4nt\u00e4 ovat vastuussa keitti\u00f6n varustuksesta, Klubimestari taas muista tiloista ja kalusteista. H\u00e4n hoitaa tilavaruskalenteria ja ottaa vastaan ulkopuoliset tilavaraukset. Ymp\u00e4rist\u00f6- ja yhdenvertaisuusvastaava pit\u00e4\u00e4 huolen, ett\u00e4 osakuntatiloissa ei kiusata ket\u00e4\u00e4n ja ett\u00e4 j\u00e4tteet kierr\u00e4tet\u00e4\u00e4n asianmukaisesti.<\/p>\n\n\n\n<h4 class=\"wp-block-heading\">Rahastojen hoitokunta<\/h4>\n\n\n\n<p>Rahastojen hoitokunta pit\u00e4\u00e4 huolen osakunnan sijoitetusta omaisuudesta ja on vastuussa siit\u00e4, ett\u00e4 ne karttuvat ja hy\u00f6dytt\u00e4v\u00e4t tuleviakin osakuntasukupolvia. Rahastojen hoitokuntaan kuuluu rahastojen asiamies, inspehtori, kuraattori, seniorij\u00e4rjest\u00f6 Kymen Lohen veljeskunnan edustaja ja kolme osakunnan valitsemaa opiskelijaj\u00e4sent\u00e4. Rahastojen hoitokunnan j\u00e4senen kausi on kaksivuotinen ja vuorovuosin vapautuu yksi tai kaksi paikkaa. Hoitokuntaan valitaan usein kokeneempia osakuntalaisia.<\/p>\n\n\n\n<h4 class=\"wp-block-heading\">It\u00e4suomalainen valtuuskunta<\/h4>\n\n\n\n<p>It\u00e4suomalainen valtuuskunta on viiden it\u00e4suomalaisen osakunnan (SavO, KO, KyO, WiO ja \u00d6FN) muodostama toimielin, joka on perustettu 2016. Siihen kuuluu automaattisesti kuraattori ja h\u00e4nen lis\u00e4kseen 1-2 muuta j\u00e4sent\u00e4 jokaisesta osakunnasta. Valtuuskunnan t\u00e4rkein teht\u00e4v\u00e4 on j\u00e4rjest\u00e4\u00e4 vuosittan elokuussa It\u00e4suomalainen kes\u00e4juhla. T\u00e4m\u00e4n lis\u00e4ksi voidaan ideoida muuta yhteistoimintaa. Valtuuskunta kokoontuu tarvittaessa eik\u00e4 sill\u00e4 ole m\u00e4\u00e4r\u00e4ttyj\u00e4 virkailijoita.<\/p>\n\n\n\n<h4 class=\"wp-block-heading\">Osakuntalainen Unioni<\/h4>\n\n\n\n<p><a href=\"http:\/\/www.osakuntalainenunioni.fi\/\">Osakuntalainen Unioni <\/a>on Helsingin yliopiston suomenkielisten osakuntien HYY-poliittinen yhteisty\u00f6elin, joka toimii linkkin\u00e4 osakuntien, ylioppilaskunnan ja osakuntien edustajistoryhm\u00e4n v\u00e4lill\u00e4.&nbsp;Yhdistys toimii my\u00f6s Osakuntalaisen vaalirenkaan aliorganisaationa HYYn edustajistovaaleissa. Se siis rekrytoi vaaleihin osakuntien ehdokkaat, j\u00e4rjest\u00e4\u00e4 ehdokaskoulutusta sek\u00e4 tapahtumia, joilla ker\u00e4t\u00e4\u00e4n varoja vaaleja varten. Osakunta valitsee vuosittain edustajan Unionin hallitukseen sek\u00e4 vaalivuosina vaalip\u00e4\u00e4llik\u00f6n, joka toimii yhteisty\u00f6ss\u00e4 muiden osakuntien vaalip\u00e4\u00e4llik\u00f6iden kanssa Unionin kautta.<\/p>\n\n\n\n<h4 class=\"wp-block-heading\">Osakuntien yhteisvaltuuskunta<\/h4>\n\n\n\n<p><a href=\"http:\/\/www.osakunta.fi\">Osakuntien yhteisvaltuuskunta OYV<\/a> on kaikkien p\u00e4\u00e4kaupunkiseudun osakuntien yhteisty\u00f6elin, joka mm. hoitaa osakuntien yhteisen markkinoinnin, tarrojen ja muun materiaalin tilaamisen ja yhteistapahtumien kuten osakuntasuunnistuksen ja aktiivip\u00e4iv\u00e4llisten organisoinnin. OYV pit\u00e4\u00e4 yleens\u00e4 kaksi yleiskokousta vuodessa, joihin osakunta valitsee edustajan k\u00e4ytt\u00e4m\u00e4\u00e4n osakunnan \u00e4\u00e4nivaltaa. OYV valitsee itselleen my\u00f6s hallituksen, johon kannattaa hakeutua, jos yhteisosakuntalainen toiminta kiinnostaa.<\/p>\n\n\n\n<h3 class=\"wp-block-heading\">Valio- ja lautakunnat<\/h3>\n\n\n\n<h4 class=\"wp-block-heading\">Talousvaliokunta<\/h4>\n\n\n\n<h4 class=\"wp-block-heading\">Toimintavaliokunta<\/h4>\n\n\n\n<h4 class=\"wp-block-heading\">Rekrytointivaliokunta<\/h4>\n\n\n\n<h4 class=\"wp-block-heading\">Maakuntavaliokunta<\/h4>\n\n\n\n<h4 class=\"wp-block-heading\">Kurinpitovaliokunta<\/h4>\n\n\n\n<h4 class=\"wp-block-heading\">Harrastusmerkkilautakunta<\/h4>\n\n\n\n<h4 class=\"wp-block-heading\">Ansiomerkkilautakunta<\/h4>","protected":false},"excerpt":{"rendered":"<p>Osakunnan nykyiset&nbsp;virkailijat yhteystietoineen&nbsp;l\u00f6yd\u00e4t t\u00e4\u00e4lt\u00e4. Lis\u00e4\u00e4 tietoa eri virkailijoiden teht\u00e4vist\u00e4 l\u00f6ytyy KyOwikist\u00e4. Osakunnan virat Inspehtori Inspehtori on Helsingin yliopiston professori, jonka teht\u00e4v\u00e4n\u00e4 on valvoa osakunnan toimintaa ja toimia yhdyssiteen\u00e4 osakunnan ja yliopiston johdon v\u00e4lill\u00e4. Inspehtori osallistuu osakunnan kokouksiin ja juhliin, ja h\u00e4nen kunniateht\u00e4v\u00e4ns\u00e4 on jakaa itsen\u00e4isyysp\u00e4iv\u00e4n\u00e4 fukseille nauhat ja vuosijuhlassa my\u00f6nnetyt akateemiset kunniamerkit ja palkinnot. H\u00e4n &hellip; <\/p>\n<p class=\"link-more\"><a href=\"https:\/\/kymenlaaksonosakunta.fi\/sv\/virat\/\" class=\"more-link\">Read more<span class=\"screen-reader-text\"> &#8221;Virat ja valiokunnat&#8221;<\/span><\/a><\/p>","protected":false},"author":1,"featured_media":0,"parent":0,"menu_order":0,"comment_status":"closed","ping_status":"closed","template":"","meta":{"inspiro_hide_title":false,"footnotes":""},"class_list":["post-22","page","type-page","status-publish","hentry"],"_links":{"self":[{"href":"https:\/\/kymenlaaksonosakunta.fi\/sv\/wp-json\/wp\/v2\/pages\/22","targetHints":{"allow":["GET"]}}],"collection":[{"href":"https:\/\/kymenlaaksonosakunta.fi\/sv\/wp-json\/wp\/v2\/pages"}],"about":[{"href":"https:\/\/kymenlaaksonosakunta.fi\/sv\/wp-json\/wp\/v2\/types\/page"}],"author":[{"embeddable":true,"href":"https:\/\/kymenlaaksonosakunta.fi\/sv\/wp-json\/wp\/v2\/users\/1"}],"replies":[{"embeddable":true,"href":"https:\/\/kymenlaaksonosakunta.fi\/sv\/wp-json\/wp\/v2\/comments?post=22"}],"version-history":[{"count":26,"href":"https:\/\/kymenlaaksonosakunta.fi\/sv\/wp-json\/wp\/v2\/pages\/22\/revisions"}],"predecessor-version":[{"id":2294,"href":"https:\/\/kymenlaaksonosakunta.fi\/sv\/wp-json\/wp\/v2\/pages\/22\/revisions\/2294"}],"wp:attachment":[{"href":"https:\/\/kymenlaaksonosakunta.fi\/sv\/wp-json\/wp\/v2\/media?parent=22"}],"curies":[{"name":"wp","href":"https:\/\/api.w.org\/{rel}","templated":true}]}}