{"id":24,"date":"2016-08-22T21:41:25","date_gmt":"2016-08-22T18:41:25","guid":{"rendered":"http:\/\/kymenlaaksonosakunta.fi\/uudetsivut\/?page_id=24"},"modified":"2026-03-19T13:11:05","modified_gmt":"2026-03-19T11:11:05","slug":"tunnukset","status":"publish","type":"page","link":"https:\/\/kymenlaaksonosakunta.fi\/sv\/tunnukset\/","title":{"rendered":"Tunnukset"},"content":{"rendered":"<p>Kymenlaakson Osakunnan v\u00e4rit ovat musta-hopea-musta suhteessa 1:13:5. Hopea symboloi Kymijokea ja musta varjoja sen rannalla.<\/p>\n\n\n\n<figure class=\"wp-block-image\"><img decoding=\"async\" src=\"http:\/\/kymenlaaksonosakunta.fi\/images\/kyo_images\/kyo_varit.png\" alt=\"\"\/><\/figure>\n\n\n\n<p><\/p>\n\n\n\n<p>Samat v\u00e4rit ovat olleet Kymenkartanon l\u00e4\u00e4nin vaakunassa sek\u00e4 Kymenlaakson Suojeluskuntapiirill\u00e4. Osakuntaa perustettaessa maakunnalla ei ollut omia v\u00e4rej\u00e4 tai vaakunaa, siksi KyO ei voinut k\u00e4ytt\u00e4\u00e4 niit\u00e4 mallina omia v\u00e4rej\u00e4 valitessaan.<\/p>\n\n\n\n<h3 class=\"wp-block-heading\">Vaakuna<\/h3>\n\n\n\n<p>Osakunnan vaakunassa on mustassa kent\u00e4ss\u00e4 hopeinen lohi, joka hypp\u00e4\u00e4 esiin hopeisesta kalaverkosta. Useissa yhteyksiss\u00e4 osakunnan vaakunasta k\u00e4ytet\u00e4\u00e4n&nbsp;vain kaksiv\u00e4rinst\u00e4 vaakunakilpe\u00e4, mutta kokonaisuuteen&nbsp;kuuluu my\u00f6s hopeinen kyp\u00e4r\u00e4, jossa on musta-hopeinen kyp\u00e4r\u00e4npeite. Kyp\u00e4r\u00e4nkoristeena on toinen lohi. T\u00e4ydellisess\u00e4 versiossa lohien ev\u00e4t ja kielet ovat kultaiset. Vaakuna muistuttaa paljon Kymenlaakson maakunnan vaakunaa. Molempien pohjana on vanha Kymin kihlakunnan sinetti, jossa on verkosta yl\u00f6sp\u00e4in kohoava lohi.<br>\n<img loading=\"lazy\" decoding=\"async\" class=\"alignnone size-medium\" src=\"http:\/\/kymenlaaksonosakunta.fi\/images\/kyo_images\/kyo_vaakunakilpi_mustavalkoinen.png\" alt=\"\" width=\"300\" height=\"300\"><img loading=\"lazy\" decoding=\"async\" class=\"alignnone size-medium\" src=\"http:\/\/kymenlaaksonosakunta.fi\/images\/kyo_images\/kyo_vaakuna_vari.png\" alt=\"\" width=\"300\" height=\"300\"><\/p>\n\n\n\n<h3 class=\"wp-block-heading\"><\/h3>\n\n\n\n<h3 class=\"wp-block-heading\">Lippu<\/h3>\n\n\n\n<p>Osakunnan lippu on osakunnan n\u00e4kyvin tunnus. Lippua k\u00e4ytet\u00e4\u00e4n KyOn ja Helsingin yliopiston virallisissa tilaisuuksissa, kuten vuosijuhlassa ja lukukauden avajaisissa, itsen\u00e4isyysp\u00e4iv\u00e4n soihtukulkueessa sek\u00e4 kunnianosoituksissa. Lipun pohjav\u00e4ri on sininen, ja siin\u00e4 on kirjottuna osakunnan t\u00e4ydellinen vaakuna kyp\u00e4rineen ja kyp\u00e4r\u00e4npeitteineen. My\u00f6s lippusalon k\u00e4rkikoristeena on hypp\u00e4\u00e4v\u00e4 lohi.<\/p>\n\n\n\n<figure class=\"wp-block-image\"><img decoding=\"async\" src=\"http:\/\/kymenlaaksonosakunta.fi\/images\/kyo_images\/kyo_lippu.jpg\" alt=\"\" style=\"aspect-ratio:3\/2;object-fit:contain\"\/><\/figure>\n\n\n\n<p><\/p>\n\n\n\n<h3 class=\"wp-block-heading\">Osakuntanauha<\/h3>\n\n\n\n<p>Osakunnan j\u00e4senill\u00e4 on Kymenlaakson Osakunnan v\u00e4rienkanto-oikeus. Uudet osakuntalaiset saavat osakuntanauhansa itsen\u00e4isyysp\u00e4iv\u00e4n\u00e4 pidett\u00e4v\u00e4ss\u00e4 juhlassa. Osakuntaan kuulumattomat voivat saada v\u00e4rienkanto-oikeuden hallituksen p\u00e4\u00e4t\u00f6ksell\u00e4.<\/p>\n\n\n\n<p>Osakunnalla on my\u00f6s akateemisiin kunniamerkkeihin luettavia merkkej\u00e4. Merkit jaetaan saajilleen osakunnan vuosijuhlassa. N\u00e4it\u00e4 merkkej\u00e4 ovat<\/p>\n\n\n\n<ul class=\"wp-block-list\">\n<li>harrastusmerkki (musta-hopeinen, osakunnan vaakunaa mukaileva)<\/li>\n\n\n\n<li>ansiomerkki (kultainen, kannetaan ansiomerkkinauhassa)<\/li>\n\n\n\n<li>kunniamerkki (kultainen, kannetaan kunniamerkkinauhassa.)<\/li>\n<\/ul>\n\n\n\n<h4 class=\"wp-block-heading\">Nauhan kantaminen<\/h4>\n\n\n\n<p>Osakuntanauhaa voi kantaa pitk\u00e4n\u00e4, tai siit\u00e4 voi ommella ruusukkeen. Nauha ei saa koskettaa paljasta ihoa.<\/p>\n\n\n\n<p>Lis\u00e4\u00e4 tietoa nauhan ja merkkien kantamisesta voi lukea <a href=\"http:\/\/kymenlaaksonosakunta.fi\/sv\/documents\/saannot\/Nauha_ja_merkkiohjesaanto_2015.pdf\/\">nauha- ja merkkiohjes\u00e4\u00e4nn\u00f6st\u00e4<\/a> sek\u00e4 <a href=\"http:\/\/www.kymenlaaksonosakunta.fi\/wiki\/index.php?title=Tunnukset\">KyOwikist\u00e4<\/a>, josta l\u00f6ytyy tietoa my\u00f6s eri juhlissa k\u00e4ytett\u00e4vist\u00e4 pukukoodeista.<\/p>\n\n\n\n<p>Ruusukkeen teet seuraavalla tavalla:<\/p>\n\n\n\n<p>Leikkaa osakuntanauhasta kaksi palaa, toinen n. 23 cm pala ja toinen n. 5 cm. Taittele pidempi nauha kuvan mukaisesti.<\/p>\n\n\n\n<figure class=\"wp-block-image\"><img decoding=\"async\" src=\"http:\/\/kymenlaaksonosakunta.fi\/images\/kyo_images\/ruusuke1.1.png\" alt=\"\"\/><\/figure>\n\n\n\n<figure class=\"wp-block-image\"><img decoding=\"async\" src=\"http:\/\/kymenlaaksonosakunta.fi\/images\/kyo_images\/ruusuke1.2.png\" alt=\"\"\/><\/figure>\n\n\n\n<p><\/p>\n\n\n\n<p>(Taita nauha kaksinkerroin kahdelle silmukalle. Ohuempi musta reuna on ylh\u00e4\u00e4ll\u00e4. Nauhan p\u00e4\u00e4 j\u00e4\u00e4 keskelle. Taita nauhasta viel\u00e4 kaksi hiukan pienemp\u00e4\u00e4 silmukkaa edellisten p\u00e4\u00e4lle.)<\/p>\n\n\n\n<p>Ompele pienin pistoin kiinni.<\/p>\n\n\n\n<figure class=\"wp-block-image\"><img decoding=\"async\" src=\"http:\/\/kymenlaaksonosakunta.fi\/images\/kyo_images\/ruusuke2.1.png\" alt=\"\"\/><\/figure>\n\n\n\n<figure class=\"wp-block-image\"><img decoding=\"async\" src=\"http:\/\/kymenlaaksonosakunta.fi\/images\/kyo_images\/ruusuke2.2.png\" alt=\"\"\/><\/figure>\n\n\n\n<p><\/p>\n\n\n\n<p>Ota nauhaa viel\u00e4 sen verran, ett\u00e4 saat sen ruusukkeen ymp\u00e4rille. Paksumpi musta reuna j\u00e4\u00e4 oikealle puolelle. Ompele pienin pistoin kiinni. T\u00e4ss\u00e4 vaiheessa kannattaa ommella tai pujottaa v\u00e4liin my\u00f6s hakaneula, jolla ruusuke kiinnitet\u00e4\u00e4n vaatteeseen.<\/p>\n\n\n\n<figure class=\"wp-block-image\"><img decoding=\"async\" src=\"http:\/\/kymenlaaksonosakunta.fi\/images\/kyo_images\/ruusuke3.1.png\" alt=\"\"\/><\/figure>\n\n\n\n<figure class=\"wp-block-image\"><img decoding=\"async\" src=\"http:\/\/kymenlaaksonosakunta.fi\/images\/kyo_images\/ruusuke3.2.png\" alt=\"\"\/><\/figure>\n\n\n\n<p><\/p>","protected":false},"excerpt":{"rendered":"<p>Kymenlaakson Osakunnan v\u00e4rit ovat musta-hopea-musta suhteessa 1:13:5. Hopea symboloi Kymijokea ja musta varjoja sen rannalla. Samat v\u00e4rit ovat olleet Kymenkartanon l\u00e4\u00e4nin vaakunassa sek\u00e4 Kymenlaakson Suojeluskuntapiirill\u00e4. Osakuntaa perustettaessa maakunnalla ei ollut omia v\u00e4rej\u00e4 tai vaakunaa, siksi KyO ei voinut k\u00e4ytt\u00e4\u00e4 niit\u00e4 mallina omia v\u00e4rej\u00e4 valitessaan. Vaakuna Osakunnan vaakunassa on mustassa kent\u00e4ss\u00e4 hopeinen lohi, joka hypp\u00e4\u00e4 esiin &hellip; <\/p>\n<p class=\"link-more\"><a href=\"https:\/\/kymenlaaksonosakunta.fi\/sv\/tunnukset\/\" class=\"more-link\">Read more<span class=\"screen-reader-text\"> &#8221;Tunnukset&#8221;<\/span><\/a><\/p>","protected":false},"author":1,"featured_media":0,"parent":0,"menu_order":0,"comment_status":"closed","ping_status":"closed","template":"","meta":{"inspiro_hide_title":false,"footnotes":""},"class_list":["post-24","page","type-page","status-publish","hentry"],"_links":{"self":[{"href":"https:\/\/kymenlaaksonosakunta.fi\/sv\/wp-json\/wp\/v2\/pages\/24","targetHints":{"allow":["GET"]}}],"collection":[{"href":"https:\/\/kymenlaaksonosakunta.fi\/sv\/wp-json\/wp\/v2\/pages"}],"about":[{"href":"https:\/\/kymenlaaksonosakunta.fi\/sv\/wp-json\/wp\/v2\/types\/page"}],"author":[{"embeddable":true,"href":"https:\/\/kymenlaaksonosakunta.fi\/sv\/wp-json\/wp\/v2\/users\/1"}],"replies":[{"embeddable":true,"href":"https:\/\/kymenlaaksonosakunta.fi\/sv\/wp-json\/wp\/v2\/comments?post=24"}],"version-history":[{"count":16,"href":"https:\/\/kymenlaaksonosakunta.fi\/sv\/wp-json\/wp\/v2\/pages\/24\/revisions"}],"predecessor-version":[{"id":2300,"href":"https:\/\/kymenlaaksonosakunta.fi\/sv\/wp-json\/wp\/v2\/pages\/24\/revisions\/2300"}],"wp:attachment":[{"href":"https:\/\/kymenlaaksonosakunta.fi\/sv\/wp-json\/wp\/v2\/media?parent=24"}],"curies":[{"name":"wp","href":"https:\/\/api.w.org\/{rel}","templated":true}]}}