{"id":39,"date":"2016-08-22T21:59:47","date_gmt":"2016-08-22T18:59:47","guid":{"rendered":"http:\/\/kymenlaaksonosakunta.fi\/uudetsivut\/?page_id=39"},"modified":"2026-04-16T16:49:47","modified_gmt":"2026-04-16T13:49:47","slug":"yhteystiedot","status":"publish","type":"page","link":"https:\/\/kymenlaaksonosakunta.fi\/sv\/yhteystiedot\/","title":{"rendered":"Yhteystiedot"},"content":{"rendered":"<h3 class=\"wp-block-heading\">Postiosoite<\/h3>\n\n\n\n<p>Kymenlaakson Osakunta<br>Lepp\u00e4suonkatu 11<br>00100 Helsinki<\/p>\n\n\n\n<h3 class=\"wp-block-heading\">K\u00e4yntiosoite<\/h3>\n\n\n\n<p>Kymenlaakson Osakunta<\/p>\n\n\n\n<p>Perhonkatu 6, 5. kerros<\/p>\n\n\n\n<p>Osakunnalle osoitetun s\u00e4hk\u00f6postin voi l\u00e4hett\u00e4\u00e4 sihteerille osoitteeseen sihteeri@kymenlaaksonosakunta.fi tai koko hallitukselle hallitus@kymenlaaksonosakunta.fi<\/p>\n\n\n\n<h3 class=\"wp-block-heading\">Pankkiyhteys<\/h3>\n\n\n\n<p>Tilinumero: Nordea FI72 1271 3000 0828 04<\/p>\n\n\n\n<h3 class=\"wp-block-heading\">Saapuminen osakunnalle<\/h3>\n\n\n<style>.kb-google-maps-container39_2bdcda-9a{max-width:995px;height:450px;}<\/style><div class=\"kb-google-maps-container kb-google-maps-container39_2bdcda-9a  wp-block-kadence-googlemaps\" data-mapid=\"39_2bdcda9a\"><iframe width=\"100%\" height=\"100%\"\n\t\t\t\t\t\t\tstyle=\"border:0\" loading=\"lazy\"\n\t\t\t\t\t\t\tsrc=\"https:\/\/www.google.com\/maps\/embed\/v1\/place?key=AIzaSyBAM2o7PiQqwk15LC1XRH2e_KJ-jUa7KYk&#038;zoom=17&#038;maptype=roadmap&#038;q=Casa+Academica\"\n\t\t\t\t\t\t\ttitle=\"Google map of Casa Academica\"><\/iframe><\/div><script>function kb_google_map39_2bdcda9a() { let center = { lat: 37.8201, lng: -122.4781}; let map = new google.maps.Map(document.getElementById(\"kb-google-map39_2bdcda9a\"), {\n\t\t\t\t\t    zoom: 17,\n\t\t\t\t\t    center: center,});let marker = new google.maps.Marker({   position: { lat: 37.8201, lng: -122.4781},    map: map,  });}<\/script>\n\n\n<h3 class=\"wp-block-heading\">Tulo-ohjeet<\/h3>\n\n\n\n<figure class=\"wp-block-image size-large\"><img loading=\"lazy\" decoding=\"async\" width=\"1024\" height=\"768\" src=\"https:\/\/kymenlaaksonosakunta.fi\/uudetsivut\/wp-content\/uploads\/2026\/04\/D77C7DFC-412E-4844-9C44-47B6B9787B41-lg-1024x768.webp\" alt=\"\" class=\"wp-image-2330\" srcset=\"https:\/\/kymenlaaksonosakunta.fi\/uudetsivut\/wp-content\/uploads\/2026\/04\/D77C7DFC-412E-4844-9C44-47B6B9787B41-lg-1024x768.webp 1024w, https:\/\/kymenlaaksonosakunta.fi\/uudetsivut\/wp-content\/uploads\/2026\/04\/D77C7DFC-412E-4844-9C44-47B6B9787B41-lg-300x225.webp 300w, https:\/\/kymenlaaksonosakunta.fi\/uudetsivut\/wp-content\/uploads\/2026\/04\/D77C7DFC-412E-4844-9C44-47B6B9787B41-lg.webp 1400w\" sizes=\"auto, (max-width: 1024px) 100vw, 1024px\" \/><\/figure>\n\n\n\n<p><\/p>\n\n\n\n<p>Osakunta sijaitsee Etu-T\u00f6\u00f6l\u00f6ss\u00e4, tarkemmin sanottuna Casa Academican rakennuksessa, miss\u00e4 on my\u00f6s Keskisuomalainen Osakunta. L\u00e4himm\u00e4s osakuntaa p\u00e4\u00e4set raitiolinjalla 8 (Perhonkadun pys\u00e4kki), raitiolinjalla 2 (Hankenin pys\u00e4kki) tai metrolla (Kamppi). My\u00f6s Rautatieasemalta on k\u00e4velymatka Baanaa pitkin. Tarkemmat julkisen liikenteen reittitiedot l\u00f6yt\u00e4\u00e4 HSL:n reittioppaasta.<\/p>\n\n\n\n<p>Osakunnalle p\u00e4\u00e4see sis\u00e4\u00e4n sinisest\u00e4 rautaportista Perhonkadun ja Lapuankadun kulmasta. Rautaportti aukeaa koodilla tai kulkuluvalla, mutta huomioi, ett\u00e4 p\u00e4\u00e4st\u00e4t sis\u00e4\u00e4n vain tuttuja ihmisi\u00e4 samalla kun saavut. Porttien sis\u00e4alueelle p\u00e4\u00e4set my\u00f6s Perhonkadun puolelta, esimerkiksi saapuessasi Mechelininkadun suunnalta.<\/p>\n\n\n\n<p>Ulko-oven kohdalla on kyltti, jossa lukee &#8221;Keskisuomalainen Osakunta.&#8221; Ovi aukeaa kulkuluvalla ja on usein p\u00e4iv\u00e4saikaan my\u00f6s auki.<\/p>\n\n\n\n<p>Oven j\u00e4lkeen kulje viidenteen kerrokseen. Hissill\u00e4 p\u00e4\u00e4set suoraan, rappusissa on lis\u00e4ksi portti, joka aukeaa kulkuluvalla.<br><br>Viidenness\u00e4 kerroksessa ovi Osakunnalle on merkattu, ovi on vastap\u00e4\u00e4t\u00e4 samassa kerroksessa toimivan NoName-teatterin kanssa. Ovessa on ovikello ja se aukeaa my\u00f6s kulkuluvalla. Olet saapunut Osakunnalle!<\/p>\n\n\n\n<p>&nbsp;<\/p>","protected":false},"excerpt":{"rendered":"<p>Postiosoite Kymenlaakson OsakuntaLepp\u00e4suonkatu 1100100 Helsinki K\u00e4yntiosoite Kymenlaakson Osakunta Perhonkatu 6, 5. kerros Osakunnalle osoitetun s\u00e4hk\u00f6postin voi l\u00e4hett\u00e4\u00e4 sihteerille osoitteeseen sihteeri@kymenlaaksonosakunta.fi tai koko hallitukselle hallitus@kymenlaaksonosakunta.fi Pankkiyhteys Tilinumero: Nordea FI72 1271 3000 0828 04 Saapuminen osakunnalle Tulo-ohjeet Osakunta sijaitsee Etu-T\u00f6\u00f6l\u00f6ss\u00e4, tarkemmin sanottuna Casa Academican rakennuksessa, miss\u00e4 on my\u00f6s Keskisuomalainen Osakunta. L\u00e4himm\u00e4s osakuntaa p\u00e4\u00e4set raitiolinjalla 8 (Perhonkadun pys\u00e4kki), &hellip; <\/p>\n<p class=\"link-more\"><a href=\"https:\/\/kymenlaaksonosakunta.fi\/sv\/yhteystiedot\/\" class=\"more-link\">Read more<span class=\"screen-reader-text\"> &#8221;Yhteystiedot&#8221;<\/span><\/a><\/p>","protected":false},"author":1,"featured_media":0,"parent":0,"menu_order":0,"comment_status":"closed","ping_status":"closed","template":"","meta":{"inspiro_hide_title":false,"footnotes":""},"class_list":["post-39","page","type-page","status-publish","hentry"],"_links":{"self":[{"href":"https:\/\/kymenlaaksonosakunta.fi\/sv\/wp-json\/wp\/v2\/pages\/39","targetHints":{"allow":["GET"]}}],"collection":[{"href":"https:\/\/kymenlaaksonosakunta.fi\/sv\/wp-json\/wp\/v2\/pages"}],"about":[{"href":"https:\/\/kymenlaaksonosakunta.fi\/sv\/wp-json\/wp\/v2\/types\/page"}],"author":[{"embeddable":true,"href":"https:\/\/kymenlaaksonosakunta.fi\/sv\/wp-json\/wp\/v2\/users\/1"}],"replies":[{"embeddable":true,"href":"https:\/\/kymenlaaksonosakunta.fi\/sv\/wp-json\/wp\/v2\/comments?post=39"}],"version-history":[{"count":37,"href":"https:\/\/kymenlaaksonosakunta.fi\/sv\/wp-json\/wp\/v2\/pages\/39\/revisions"}],"predecessor-version":[{"id":2332,"href":"https:\/\/kymenlaaksonosakunta.fi\/sv\/wp-json\/wp\/v2\/pages\/39\/revisions\/2332"}],"wp:attachment":[{"href":"https:\/\/kymenlaaksonosakunta.fi\/sv\/wp-json\/wp\/v2\/media?parent=39"}],"curies":[{"name":"wp","href":"https:\/\/api.w.org\/{rel}","templated":true}]}}