{"id":43,"date":"2016-08-22T22:02:00","date_gmt":"2016-08-22T19:02:00","guid":{"rendered":"http:\/\/kymenlaaksonosakunta.fi\/uudetsivut\/?page_id=43"},"modified":"2026-03-25T19:59:49","modified_gmt":"2026-03-25T17:59:49","slug":"asunnot","status":"publish","type":"page","link":"https:\/\/kymenlaaksonosakunta.fi\/sv\/asunnot\/","title":{"rendered":"Asunnot"},"content":{"rendered":"<div class=\"wp-block-columns is-layout-flex wp-container-core-columns-is-layout-28f84493 wp-block-columns-is-layout-flex\">\n<div class=\"wp-block-column is-layout-flow wp-block-column-is-layout-flow\" style=\"flex-basis:66.66%\">\n<h3 class=\"wp-block-heading has-text-align-left\">Fuksiasunto<\/h3>\n\n\n\n<p>Kymenlaakson Osakunta jakaa joka vuosi yhden fuksiasuntopaikan, joka on yksi\u00f6 Patolassa. Asuntojen vuokrasopimus on m\u00e4\u00e4r\u00e4aikainen syyskuun alusta seuraavan vuoden elokuun loppuun (1.9.-31.8.).<\/p>\n\n\n\n<p>Asuntoon valittavan tulee olla jonkin p\u00e4\u00e4kaupunkiseudun korkeakoulun ensimm\u00e4isen vuoden perustutkinto-opiskelija ja Kymenlaakson Osakunnan j\u00e4sen. Asuntovaliokunta suorittaa asuntovalinnnan l\u00e4hes t\u00e4ysin arpomalla hyv\u00e4ksytysti t\u00e4ytetyist\u00e4 hakemuksista j\u00e4rjestyksen, jossa asuntopaikkaa ryhdyt\u00e4\u00e4n hakijoille tarjoamaan. Jos ensimm\u00e4inen hakija ei vastaanota h\u00e4nelle tarjottua asuntopaikkaa, tarjotaan asuntopaikkaa jonossa seuraavalle.\u00a0<\/p>\n<\/div>\n\n\n\n<div class=\"wp-block-column is-layout-flow wp-block-column-is-layout-flow\" style=\"flex-basis:33.33%\">\n<figure class=\"wp-block-image aligncenter is-resized\"><img loading=\"lazy\" decoding=\"async\" width=\"1024\" height=\"693\" src=\"http:\/\/kymenlaaksonosakunta.fi\/uudetsivut\/wp-content\/uploads\/2021\/06\/raakakuva__1-copy-copy-1024x693.jpg\" alt=\"\" class=\"wp-image-1024\" style=\"aspect-ratio:1.3333333333333333;object-fit:cover;width:1024px;height:auto\" srcset=\"https:\/\/kymenlaaksonosakunta.fi\/uudetsivut\/wp-content\/uploads\/2021\/06\/raakakuva__1-copy-copy-1024x693.jpg 1024w, https:\/\/kymenlaaksonosakunta.fi\/uudetsivut\/wp-content\/uploads\/2021\/06\/raakakuva__1-copy-copy-300x203.jpg 300w, https:\/\/kymenlaaksonosakunta.fi\/uudetsivut\/wp-content\/uploads\/2021\/06\/raakakuva__1-copy-copy-768x519.jpg 768w, https:\/\/kymenlaaksonosakunta.fi\/uudetsivut\/wp-content\/uploads\/2021\/06\/raakakuva__1-copy-copy-2000x1353.jpg 2000w\" sizes=\"auto, (max-width: 1024px) 100vw, 1024px\" \/><figcaption class=\"wp-element-caption\">Maapadontie 7 B Patolassa<\/figcaption><\/figure>\n<\/div>\n<\/div>\n\n\n\n<p><strong>Patolan fuksiyksi\u00f6 <\/strong>on Maapadontie 7 B:ss\u00e4 sijaitseva yhden hengen yksi\u00f6 kolmannessa kerroksessa. Asunnon pinta-ala on 24 m2 ja vuokra yhteens\u00e4 456,00\u20ac\/kk. Vuokraan sis\u00e4ltyv\u00e4t vesi ja nettiyhteys. S\u00e4hk\u00f6sopimuksen vuokralainen tekee itse. Asukkaan velvollisuutena on ottaa kattava kotivakuutus ja toimittaa kopio vakuutuskirjasta asuntosihteerille. Talossa on hissi ja h\u00e4kkivarasto. Taloyhti\u00f6n palveluihin kuuluvat sauna ja pesutupa, joiden k\u00e4ytt\u00f6 varataan varauslistan kautta. Saunavuorot kustantavat taloyhti\u00f6n kulloinkin m\u00e4\u00e4rittelem\u00e4n taksan. Lis\u00e4tietoa palveluista antaa asuntosihteeri.<\/p>\n\n\n\n<p>Maapadontie 7 B sijaitsee K\u00e4skynhaltijantien ja Tuusulanv\u00e4yl\u00e4n kulmauksessa, joten sielt\u00e4 on hyv\u00e4t liikenneyhteydet niin Helsingin keskustaan, Helsinki-Vantaan lentokent\u00e4lle kuin my\u00f6s Otaniemeen ja Viikin ja Kumpulan kampuksille. K\u00e4skynhaltijan tien bussi- ja raitiovaunupys\u00e4kit ovat talon edess\u00e4 ja l\u00e4hiet\u00e4isyydell\u00e4 palvelevat K-market Pikkupekka sek\u00e4 Maunulan puolella S-market. Maapadontien talojen takaa alkaa lenkkipolku ulkoilualueelle ja l\u00e4hist\u00f6ll\u00e4 sijaitsevat my\u00f6s Patolan urheilukent\u00e4t. Maapadontien 7 ja naapuritalot ovat opiskelija-asuntoloita, joten kanssaopiskelijoita l\u00f6ytyy heti samasta pihapiirist\u00e4.<\/p>\n\n\n\n<p>Kaikki kysymykset asuntohausta ja asunnoista asuntosihteerille&nbsp;<em>asuntosihteeri \u00e4t kymenlaaksonosakunta.fi<\/em><\/p>\n\n\n\n<hr class=\"wp-block-separator has-alpha-channel-opacity\"\/>\n\n\n\n<div class=\"wp-block-columns is-layout-flex wp-container-core-columns-is-layout-28f84493 wp-block-columns-is-layout-flex\">\n<div class=\"wp-block-column is-layout-flow wp-block-column-is-layout-flow\" style=\"flex-basis:33.33%\">\n<figure class=\"wp-block-image aligncenter\"><img loading=\"lazy\" decoding=\"async\" width=\"647\" height=\"1024\" src=\"http:\/\/kymenlaaksonosakunta.fi\/uudetsivut\/wp-content\/uploads\/2021\/06\/20210613_201400-647x1024.jpg\" alt=\"\" class=\"wp-image-1020\" style=\"aspect-ratio:4\/3;object-fit:cover\" srcset=\"https:\/\/kymenlaaksonosakunta.fi\/uudetsivut\/wp-content\/uploads\/2021\/06\/20210613_201400-647x1024.jpg 647w, https:\/\/kymenlaaksonosakunta.fi\/uudetsivut\/wp-content\/uploads\/2021\/06\/20210613_201400-190x300.jpg 190w, https:\/\/kymenlaaksonosakunta.fi\/uudetsivut\/wp-content\/uploads\/2021\/06\/20210613_201400-768x1215.jpg 768w\" sizes=\"auto, (max-width: 647px) 100vw, 647px\" \/><figcaption class=\"wp-element-caption\">Kuvaa Patolan fuksiyksi\u00f6st\u00e4. Asunto vuokrataan kalustomattomana.<\/figcaption><\/figure>\n<\/div>\n\n\n\n<div class=\"wp-block-column is-layout-flow wp-container-core-column-is-layout-4f99f99b wp-block-column-is-layout-flow\" style=\"padding-right:var(--wp--preset--spacing--x-small);padding-left:var(--wp--preset--spacing--x-small);flex-basis:66.66%\">\n<h3 class=\"wp-block-heading has-text-align-center\">Asunnot Patolassa<\/h3>\n\n\n\n<p class=\"has-text-align-left\">Kymenlaakson Osakunnalla on fuksiasuntojen lis\u00e4ksi tarjota asunnot viidelle civikselle, eli osakuntalaiselle, joka opiskelee v\u00e4hint\u00e4\u00e4n toista vuotta. Asunnot sijaitsevat osoitteessa Maapadontie 7 B, 00640 Helsinki. Katso asuntojen esittelyaineistoa <a href=\"http:\/\/kymenlaaksonosakunta.fi\/sv\/documents\/asuntosihteeri\/Patola_esittelyaineisto_130508.PDF\/\">t\u00e4\u00e4lt\u00e4<\/a>. Jaossa on&nbsp;<a href=\"https:\/\/kymenlaaksonosakunta.fi\/sv\/documents\/\/saannot\/KyO_asunto_ohjesaanto_2024.pdf\/\">asunto-ohjes\u00e4\u00e4nn\u00f6n<\/a>&nbsp;mukaan ensisijaisesti ensimm\u00e4isen vuoden opiskelijoille yksi soluhuone ja yksi yksi\u00f6 sek\u00e4 kaikille avoimet kaksi kaksiota ja kaksi yksi\u00f6t\u00e4. KyOn asunnot sijaitsevat Maapadontiell\u00e4 kolmannessa kerroksessa. Asunnot ovat kalustamattomia.<\/p>\n\n\n\n<p class=\"has-text-align-left\">Asumisoikeus on perustutkintoa suorittavalla Kymenlaakson Osakunnan j\u00e4senell\u00e4. Pariskunnista riitt\u00e4\u00e4, ett\u00e4 toinen t\u00e4ytt\u00e4\u00e4 t\u00e4m\u00e4n ehdon. Kaveriasunnoissa molempien on oltava perustutkintoa suorittavia osakunnan j\u00e4seni\u00e4. Asukkaaksi ei voida valita henkil\u00f6\u00e4, joka omistaa asunnon p\u00e4\u00e4kaupunkiseudulla. Patolan talo on ARA-kohde.<\/p>\n<\/div>\n<\/div>\n\n\n\n<p>Aloitusvuokrat Maapadontiell\u00e4 huoneistotyypeitt\u00e4in:<\/p>\n\n\n\n<p>\u2013 24 m2 1h+kk 476 \u20ac\/kk. 1 asunto, yksi\u00f6. <br>\u2013 26 m2 1h+kk 513,00 \u20ac\/kk. 2 asuntoa, yksi\u00f6it\u00e4<br>\u2013 38 m2 2h+kk 673,00 \u20ac\/kk. 1 asunto, kaksio (ensisijaisesti kaveruksille tai pariskunnalle, mutta my\u00f6s yhdelle yksin\u00e4\u00e4n on mahdollinen)<br>\u2013 48 m2 2h+k 822,00 \u20ac\/kk. 1 asunto, 2 kpl 15 m2 huonetta (ensisijaisesti kaveri- tai perheasunnoksi, mutta my\u00f6s yhdelle yksin\u00e4\u00e4n on mahdollinen)<\/p>\n\n\n\n<p>Asunnot on nimetty osakunnan kanta-alueen kuntien mukaan suuruusj\u00e4rjestyksess\u00e4 kunnan pinta-alan mukaan, Virolahti, Iitti, Hamina, Kotka ja Kouvola.&nbsp;<\/p>\n\n\n\n<p>Ison kaksion 48 m2 huoneiden koko noin 15 m2. Pienempi kaksio 38 m2 muodostuu keitti\u00f6st\u00e4, olohuoneesta ja liukuovella varustetusta makuuhuoneesta sek\u00e4 kylpyhuoneesta. Vuokravakuus vastaa yhden kuukauden vuokraa ja se maksetaan ennen avainten luovutusta. Vuokravakuus palautetaan vuokrasopimuksen p\u00e4\u00e4tytty\u00e4 ja asunnon kuntotarkastuksen sek\u00e4 avainten palauttamisen j\u00e4lkeen. Vesimaksu ja nettiyhteys sis\u00e4ltyv\u00e4t vuokraan. S\u00e4hk\u00f6sopimuksen tekee vuokralainen. Laajaa kotivakuutusta edellytet\u00e4\u00e4n ja kopio vakuutusvahvistuksesta tulee toimittaa asuntosihteerille. Alustavat erilliskorvaukset: autopaikka 10 \u20ac\/kk, saunamaksu 20 \u20ac\/kk. Varaukset n\u00e4ihin erikseen is\u00e4nn\u00f6itsij\u00e4n kautta.<\/p>\n\n\n\n<p>Patolan talossa on asukkaiden k\u00e4ytett\u00e4viss\u00e4 kattosauna, johon voi varata oman saunavuoron huoltoyhti\u00f6n kautta tai k\u00e4ytt\u00e4\u00e4 yleist\u00e4 lenkkisaunavuoroa. Saunan eteisess\u00e4 on B-portaan pesutupa, josta l\u00f6ytyv\u00e4t pyykkikone ja kuivausrumpu asukkaiden k\u00e4ytt\u00f6\u00f6n. Kummankin varaaminen tapahtuu pesutuvassa olevan listan kautta. Taloyhti\u00f6n asukkaiden yhteinen kerhohuone l\u00f6ytyy A-rapun pohjakerroksesta. Kerhohuoneen eteisess\u00e4 on toinen pesutupa ja kerhohuonetta pystyy varaamaan omaan k\u00e4ytt\u00f6\u00f6n ovessa olevan listan avulla. Kerhohuoneessa on pieni keitti\u00f6, televisio ja grillausmahdollisuus. Tarkempia tietoja kerhohuoneen k\u00e4yt\u00f6st\u00e4 antaa talon asukastoimikunta.<\/p>\n\n\n\n<hr class=\"wp-block-separator has-alpha-channel-opacity\"\/>\n\n\n\n<div class=\"wp-block-columns is-layout-flex wp-container-core-columns-is-layout-28f84493 wp-block-columns-is-layout-flex\">\n<div class=\"wp-block-column is-layout-flow wp-block-column-is-layout-flow\" style=\"flex-basis:66.66%\">\n<p><strong>VARASTOTILAT:<\/strong> Maapadontien 7 asunnoilla on kullakin oma h\u00e4kkivarastonsa talon pohjakerroksen s\u00e4ilytystiloissa. Yksi\u00f6ill\u00e4 h\u00e4kkivarasto on puolitettu eli yksi h\u00e4kkivarasto on jaettu v\u00e4lipohjalla kahtia. Asukkaiden on itse hankittava lukot h\u00e4kkivarastojen oviin ja huolehdittava varastojen tyhjent\u00e4misest\u00e4 muuton yhteydess\u00e4.&nbsp;<\/p>\n\n\n\n<p>Heti Maapadontien talojen takaa alkaa ulkoilureitti Pakilan ulkoilualueelle, ja Oulunkyl\u00e4n urheilupuisto kenttineen on vain parin bussipys\u00e4kin p\u00e4\u00e4ss\u00e4. L\u00e4himm\u00e4t ruokakaupat ovat Mestarintien risteyksen ja K\u00e4pyl\u00e4n aseman K-kaupat. Tuusulanv\u00e4yl\u00e4n l\u00e4nsipuolelta l\u00f6ytyy Maunulan ostoskeskus, jossa ovat mm. S-market ja kirjasto.&nbsp;<\/p>\n\n\n\n<p>Raitiovaunulinjan 15 (Raidejokeri) Kustaankartanon pys\u00e4kki sijaitsee talon edess\u00e4. Raidejokerilla on hyv\u00e4t ja nopeat joukkoliikenneyhteydet Aalto-yliopiston Otaniemen kampusalueelle Espoossa ja Helsingin yliopiston Viikin kampukselle Helsingiss\u00e4. Helsingin yliopiston Keskustakampus ja Kumpulan kampus ovat bussiyhteyden p\u00e4\u00e4ss\u00e4. Tuusulanv\u00e4yl\u00e4n suunnitellun bulevardisoinnin toteutuessa Patolan alueen liikenneyhteyksien parantuminen on odotettavissa.<\/p>\n\n\n\n<p>&nbsp;<\/p>\n\n\n\n<hr class=\"wp-block-separator has-alpha-channel-opacity\"\/>\n\n\n\n<p>Muuta huomioitavaa:<\/p>\n\n\n\n<ul class=\"wp-block-list\">\n<li>kohde on SAVUTON<\/li>\n\n\n\n<li>tupakointi on kielletty huoneistoissa ja muissakin sis\u00e4tiloissa sek\u00e4 parvekkeilla ja terasseilla<\/li>\n\n\n\n<li>tupakointi on sallittu ainoastaan erikseen sit\u00e4 varten varatuilla paikoilla&nbsp;<\/li>\n\n\n\n<li>Parvekkeiden ja ranskalaisten parvekkeiden lasiruutuihin ei saa kiinnitt\u00e4\u00e4 tai roikuttaa mit\u00e4\u00e4n, kuten kukkalaatikoita tms.&nbsp;<\/li>\n\n\n\n<li>Lemmikkiel\u00e4imet ovat sallittuja, mutta asukas vastaa el\u00e4imen mahdollisesti aiheuttamista tuhoista ja vaurioista asunnossa.&nbsp;<\/li>\n\n\n\n<li>Paloturvallisuuden vuoksi rappuk\u00e4yt\u00e4v\u00e4ss\u00e4 ei saa s\u00e4ilytt\u00e4\u00e4 mit\u00e4\u00e4n ylim\u00e4\u00e4r\u00e4ist\u00e4, kuten kynnysmattoja, kenk\u00e4raheja, lastenrattaita yms.&nbsp;<\/li>\n\n\n\n<li>Paloturvallisuuden takia A- ja B-portaiden v\u00e4lisill\u00e4 kulkuk\u00e4yt\u00e4vill\u00e4 ei saa s\u00e4ilytt\u00e4\u00e4 mit\u00e4\u00e4n ja l\u00e4pikulku on kielletty. Matot ja tekstiilit tuuletetaan pihamaalla olevalla telineell\u00e4.&nbsp;<\/li>\n\n\n\n<li>Maapadontie 7&nbsp; kiinteist\u00f6\u00e4 hoitaa Kiinteist\u00f6palvelu Alamaa, jonka kautta mm. ovien avaamiset yms. palvelut tilataan. Asukas maksaa itse syntyneet kustannukset.&nbsp;<\/li>\n<\/ul>\n<\/div>\n\n\n\n<div class=\"wp-block-column is-layout-flow wp-block-column-is-layout-flow\" style=\"flex-basis:33.33%\">\n<figure class=\"wp-block-image aligncenter wp-image-1028 size-large\"><img loading=\"lazy\" decoding=\"async\" width=\"683\" height=\"1024\" src=\"http:\/\/kymenlaaksonosakunta.fi\/uudetsivut\/wp-content\/uploads\/2021\/06\/raakakuva__23-copy-copy-683x1024.jpg\" alt=\"\" class=\"wp-image-1028\" srcset=\"https:\/\/kymenlaaksonosakunta.fi\/uudetsivut\/wp-content\/uploads\/2021\/06\/raakakuva__23-copy-copy-683x1024.jpg 683w, https:\/\/kymenlaaksonosakunta.fi\/uudetsivut\/wp-content\/uploads\/2021\/06\/raakakuva__23-copy-copy-200x300.jpg 200w, https:\/\/kymenlaaksonosakunta.fi\/uudetsivut\/wp-content\/uploads\/2021\/06\/raakakuva__23-copy-copy-768x1152.jpg 768w\" sizes=\"auto, (max-width: 683px) 100vw, 683px\" \/><figcaption class=\"wp-element-caption\">Patolan kattosaunan pesutupa, jossa asukkaiden k\u00e4yt\u00f6ss\u00e4 pyykkikone ja kuivausrumpu.<\/figcaption><\/figure>\n<\/div>\n<\/div>\n\n\n\n<hr class=\"wp-block-separator has-alpha-channel-opacity\"\/>\n\n\n\n<p><\/p>\n\n\n\n<p><a href=\"http:\/\/kymenlaaksonosakunta.fi\/sv\/documents\/asuntosihteeri\/JarjestyssaannotKOyMPT2.pdf\/\">J\u00e4rjestyss\u00e4\u00e4nn\u00f6t<\/a>.<br>Haussa huomioidaan&nbsp;<a href=\"http:\/\/kymenlaaksonosakunta.fi\/sv\/documents\/asuntosihteeri\/ARA_erityisryhmien_asukasvalinnat.pdf\/\">ARAn erityisryhmien asukasvalinta<\/a>.<\/p>\n\n\n\n<div class=\"wp-block-columns is-layout-flex wp-container-core-columns-is-layout-28f84493 wp-block-columns-is-layout-flex\">\n<div class=\"wp-block-column is-layout-flow wp-block-column-is-layout-flow\">\n<p>Patolan asuntojen kylpyhuoneisista l\u00f6ytyy liit\u00e4nn\u00e4t pyykkikoneelle.<\/p>\n<\/div>\n\n\n\n<div class=\"wp-block-column is-layout-flow wp-block-column-is-layout-flow\">\n<figure class=\"wp-block-image aligncenter\"><img loading=\"lazy\" decoding=\"async\" width=\"169\" height=\"300\" src=\"http:\/\/kymenlaaksonosakunta.fi\/uudetsivut\/wp-content\/uploads\/2021\/03\/WP_20170801_19_15_42_Rich-e1616265582795-169x300.jpg\" alt=\"\" class=\"wp-image-996\" srcset=\"https:\/\/kymenlaaksonosakunta.fi\/uudetsivut\/wp-content\/uploads\/2021\/03\/WP_20170801_19_15_42_Rich-e1616265582795-169x300.jpg 169w, https:\/\/kymenlaaksonosakunta.fi\/uudetsivut\/wp-content\/uploads\/2021\/03\/WP_20170801_19_15_42_Rich-e1616265582795-768x1364.jpg 768w, https:\/\/kymenlaaksonosakunta.fi\/uudetsivut\/wp-content\/uploads\/2021\/03\/WP_20170801_19_15_42_Rich-e1616265582795-576x1024.jpg 576w\" sizes=\"auto, (max-width: 169px) 100vw, 169px\" \/><\/figure>\n<\/div>\n\n\n\n<div class=\"wp-block-column is-layout-flow wp-block-column-is-layout-flow\">\n<figure class=\"wp-block-image aligncenter\"><img loading=\"lazy\" decoding=\"async\" width=\"184\" height=\"300\" src=\"http:\/\/kymenlaaksonosakunta.fi\/uudetsivut\/wp-content\/uploads\/2021\/06\/20210613_201826-184x300.jpg\" alt=\"\" class=\"wp-image-1023\" srcset=\"https:\/\/kymenlaaksonosakunta.fi\/uudetsivut\/wp-content\/uploads\/2021\/06\/20210613_201826-184x300.jpg 184w, https:\/\/kymenlaaksonosakunta.fi\/uudetsivut\/wp-content\/uploads\/2021\/06\/20210613_201826-768x1254.jpg 768w, https:\/\/kymenlaaksonosakunta.fi\/uudetsivut\/wp-content\/uploads\/2021\/06\/20210613_201826-627x1024.jpg 627w\" sizes=\"auto, (max-width: 184px) 100vw, 184px\" \/><\/figure>\n<\/div>\n<\/div>\n\n\n\n<hr class=\"wp-block-separator has-alpha-channel-opacity\"\/>\n\n\n\n<p><\/p>\n\n\n\n<h3 class=\"wp-block-heading has-text-align-center\"><strong>Kymenlaakson Osakunnan toiminta-alue<\/strong><\/h3>\n\n\n\n<p>Osakunnan kanta-alue k\u00e4sitt\u00e4\u00e4 Haminan, Kotkan ja Kouvolan kaupungit; Iitin, Miehikk\u00e4l\u00e4n, Pyht\u00e4\u00e4n ja Virolahden kunnat, sek\u00e4 Loviisan kaupungin, joka on yhteisaluetta Etel\u00e4suomalaisen Osakunnan kanssa.<\/p>\n\n\n\n<p>Asunnot jaetaan asunto-ohjes\u00e4\u00e4nn\u00f6n&nbsp;<a href=\"https:\/\/kymenlaaksonosakunta.fi\/sv\/documents\/\/saannot\/KyO_asunto_ohjesaannon_liite_1_2024.pdf\/\">liitteen 1<\/a>&nbsp;pisteytyksen mukaan. Asukasvalinnan tulokset julkaistaan kuukauden kuluessa hakuajan p\u00e4\u00e4ttymisest\u00e4 valituille henkil\u00f6kohtaisesti sek\u00e4 Osakunnan kotisivuilla. Jonotuslistan jonotusnumerot ilmoitetaan hakijoille pyydett\u00e4ess\u00e4. Valitukset seitsem\u00e4n (7) p\u00e4iv\u00e4n sis\u00e4ll\u00e4 tulosten julkistamisen j\u00e4lkeen s\u00e4hk\u00f6postitse osakunnan sihteerille&nbsp;<a href=\"mailto:sihteeri@kymenlaaksonosakunta.fi\"><em>sihteeri@kymenlaaksonosakunta.fi<\/em><\/a><em>.<\/em><\/p>\n\n\n\n<p>Osakunnan asunnot vuokrataan m\u00e4\u00e4r\u00e4ajaksi. Asumisaika alkaa syyskuun alussa ja p\u00e4\u00e4ttyy elokuun lopussa. Asumisaikaa my\u00f6nnet\u00e4\u00e4n normaalisti kerrallaan 1-2 vuotta. Vuokrasopimuksen purkamiseen p\u00e4tee mit\u00e4 laissa m\u00e4\u00e4r\u00e4t\u00e4\u00e4n m\u00e4\u00e4r\u00e4aikaisista vuokrasopimuksista sek\u00e4 muu voimassaoleva lains\u00e4\u00e4d\u00e4nt\u00f6. Yli vuoden pituisissa vuokrasopimuksissa sopimuksen ennenaikainen purkaminen on mahdollista seuraavanlaisesti. Asukkaan tulee ilmoittaa halustaan luopua asuntopaikasta aikaisemmin tekem\u00e4ll\u00e4 kirjallinen ilmoitus asuntosihteerille maaliskuun 15. p\u00e4iv\u00e4\u00e4n menness\u00e4. T\u00e4ll\u00f6in asuntopaikka siirtyy kyseisen vuoden civisasuntohakuun t\u00e4ytett\u00e4v\u00e4ksi ja vuokrasopimus p\u00e4\u00e4tet\u00e4\u00e4n elokuun viimeiseen p\u00e4iv\u00e4\u00e4n.&nbsp;<\/p>\n\n\n\n<div class=\"wp-block-columns is-layout-flex wp-container-core-columns-is-layout-28f84493 wp-block-columns-is-layout-flex\">\n<div class=\"wp-block-column is-layout-flow wp-block-column-is-layout-flow\">\n<figure class=\"wp-block-image aligncenter wp-image-1021 size-large\"><img loading=\"lazy\" decoding=\"async\" width=\"611\" height=\"1024\" src=\"http:\/\/kymenlaaksonosakunta.fi\/uudetsivut\/wp-content\/uploads\/2021\/06\/20210613_201423-611x1024.jpg\" alt=\"\" class=\"wp-image-1021\" style=\"aspect-ratio:4\/3;object-fit:cover\" srcset=\"https:\/\/kymenlaaksonosakunta.fi\/uudetsivut\/wp-content\/uploads\/2021\/06\/20210613_201423-611x1024.jpg 611w, https:\/\/kymenlaaksonosakunta.fi\/uudetsivut\/wp-content\/uploads\/2021\/06\/20210613_201423-179x300.jpg 179w, https:\/\/kymenlaaksonosakunta.fi\/uudetsivut\/wp-content\/uploads\/2021\/06\/20210613_201423-768x1286.jpg 768w\" sizes=\"auto, (max-width: 611px) 100vw, 611px\" \/><figcaption class=\"wp-element-caption\">Patolan fuksiyksi\u00f6t\u00e4.<\/figcaption><\/figure>\n<\/div>\n\n\n\n<div class=\"wp-block-column is-layout-flow wp-block-column-is-layout-flow\">\n<figure class=\"wp-block-image aligncenter\"><img loading=\"lazy\" decoding=\"async\" width=\"678\" height=\"1024\" src=\"http:\/\/kymenlaaksonosakunta.fi\/uudetsivut\/wp-content\/uploads\/2021\/06\/20210613_201341-678x1024.jpg\" alt=\"\" class=\"wp-image-1019\" style=\"aspect-ratio:4\/3;object-fit:cover\" srcset=\"https:\/\/kymenlaaksonosakunta.fi\/uudetsivut\/wp-content\/uploads\/2021\/06\/20210613_201341-678x1024.jpg 678w, https:\/\/kymenlaaksonosakunta.fi\/uudetsivut\/wp-content\/uploads\/2021\/06\/20210613_201341-199x300.jpg 199w, https:\/\/kymenlaaksonosakunta.fi\/uudetsivut\/wp-content\/uploads\/2021\/06\/20210613_201341-768x1160.jpg 768w\" sizes=\"auto, (max-width: 678px) 100vw, 678px\" \/><figcaption class=\"wp-element-caption\">Maapadontien asuntoihin kuuluu hyvin varusteltu keitti\u00f6piste (HUOM! Kohde vuokrataan kalustamattomana!).<\/figcaption><\/figure>\n<\/div>\n<\/div>\n\n\n\n<div class=\"wp-block-columns is-layout-flex wp-container-core-columns-is-layout-28f84493 wp-block-columns-is-layout-flex\">\n<div class=\"wp-block-column is-layout-flow wp-block-column-is-layout-flow\">\n<figure class=\"wp-block-image size-large\"><img loading=\"lazy\" decoding=\"async\" width=\"987\" height=\"1024\" src=\"https:\/\/kymenlaaksonosakunta.fi\/uudetsivut\/wp-content\/uploads\/2025\/11\/WhatsApp-Image-2025-11-28-at-10.42.221-1-987x1024.jpeg\" alt=\"\" class=\"wp-image-2153\" style=\"aspect-ratio:4\/3;object-fit:cover\" srcset=\"https:\/\/kymenlaaksonosakunta.fi\/uudetsivut\/wp-content\/uploads\/2025\/11\/WhatsApp-Image-2025-11-28-at-10.42.221-1-987x1024.jpeg 987w, https:\/\/kymenlaaksonosakunta.fi\/uudetsivut\/wp-content\/uploads\/2025\/11\/WhatsApp-Image-2025-11-28-at-10.42.221-1-289x300.jpeg 289w, https:\/\/kymenlaaksonosakunta.fi\/uudetsivut\/wp-content\/uploads\/2025\/11\/WhatsApp-Image-2025-11-28-at-10.42.221-1.jpeg 1234w\" sizes=\"auto, (max-width: 987px) 100vw, 987px\" \/><figcaption class=\"wp-element-caption\">Patolankulman uusien yksi\u00f6iden WC<\/figcaption><\/figure>\n<\/div>\n\n\n\n<div class=\"wp-block-column is-layout-flow wp-block-column-is-layout-flow\">\n<figure class=\"wp-block-image size-large\"><img loading=\"lazy\" decoding=\"async\" width=\"1024\" height=\"738\" src=\"https:\/\/kymenlaaksonosakunta.fi\/uudetsivut\/wp-content\/uploads\/2025\/11\/WhatsApp-Image-2025-11-28-at-10.42.22-1-1024x738.jpeg\" alt=\"\" class=\"wp-image-2154\" style=\"aspect-ratio:4\/3;object-fit:cover\" srcset=\"https:\/\/kymenlaaksonosakunta.fi\/uudetsivut\/wp-content\/uploads\/2025\/11\/WhatsApp-Image-2025-11-28-at-10.42.22-1-1024x738.jpeg 1024w, https:\/\/kymenlaaksonosakunta.fi\/uudetsivut\/wp-content\/uploads\/2025\/11\/WhatsApp-Image-2025-11-28-at-10.42.22-1-300x216.jpeg 300w, https:\/\/kymenlaaksonosakunta.fi\/uudetsivut\/wp-content\/uploads\/2025\/11\/WhatsApp-Image-2025-11-28-at-10.42.22-1.jpeg 1280w\" sizes=\"auto, (max-width: 1024px) 100vw, 1024px\" \/><figcaption class=\"wp-element-caption\">Patolankulman uusien yksi\u00f6iden keitti\u00f6<\/figcaption><\/figure>\n<\/div>\n<\/div>\n\n\n\n<p><\/p>","protected":false},"excerpt":{"rendered":"<p>Fuksiasunto Kymenlaakson Osakunta jakaa joka vuosi yhden fuksiasuntopaikan, joka on yksi\u00f6 Patolassa. Asuntojen vuokrasopimus on m\u00e4\u00e4r\u00e4aikainen syyskuun alusta seuraavan vuoden elokuun loppuun (1.9.-31.8.). Asuntoon valittavan tulee olla jonkin p\u00e4\u00e4kaupunkiseudun korkeakoulun ensimm\u00e4isen vuoden perustutkinto-opiskelija ja Kymenlaakson Osakunnan j\u00e4sen. Asuntovaliokunta suorittaa asuntovalinnnan l\u00e4hes t\u00e4ysin arpomalla hyv\u00e4ksytysti t\u00e4ytetyist\u00e4 hakemuksista j\u00e4rjestyksen, jossa asuntopaikkaa ryhdyt\u00e4\u00e4n hakijoille tarjoamaan. Jos ensimm\u00e4inen hakija &hellip; <\/p>\n<p class=\"link-more\"><a href=\"https:\/\/kymenlaaksonosakunta.fi\/sv\/asunnot\/\" class=\"more-link\">Read more<span class=\"screen-reader-text\"> &#8221;Asunnot&#8221;<\/span><\/a><\/p>","protected":false},"author":1,"featured_media":0,"parent":0,"menu_order":0,"comment_status":"closed","ping_status":"closed","template":"","meta":{"inspiro_hide_title":false,"footnotes":""},"class_list":["post-43","page","type-page","status-publish","hentry"],"_links":{"self":[{"href":"https:\/\/kymenlaaksonosakunta.fi\/sv\/wp-json\/wp\/v2\/pages\/43","targetHints":{"allow":["GET"]}}],"collection":[{"href":"https:\/\/kymenlaaksonosakunta.fi\/sv\/wp-json\/wp\/v2\/pages"}],"about":[{"href":"https:\/\/kymenlaaksonosakunta.fi\/sv\/wp-json\/wp\/v2\/types\/page"}],"author":[{"embeddable":true,"href":"https:\/\/kymenlaaksonosakunta.fi\/sv\/wp-json\/wp\/v2\/users\/1"}],"replies":[{"embeddable":true,"href":"https:\/\/kymenlaaksonosakunta.fi\/sv\/wp-json\/wp\/v2\/comments?post=43"}],"version-history":[{"count":114,"href":"https:\/\/kymenlaaksonosakunta.fi\/sv\/wp-json\/wp\/v2\/pages\/43\/revisions"}],"predecessor-version":[{"id":2312,"href":"https:\/\/kymenlaaksonosakunta.fi\/sv\/wp-json\/wp\/v2\/pages\/43\/revisions\/2312"}],"wp:attachment":[{"href":"https:\/\/kymenlaaksonosakunta.fi\/sv\/wp-json\/wp\/v2\/media?parent=43"}],"curies":[{"name":"wp","href":"https:\/\/api.w.org\/{rel}","templated":true}]}}