{"id":45,"date":"2016-08-22T22:03:37","date_gmt":"2016-08-22T19:03:37","guid":{"rendered":"http:\/\/kymenlaaksonosakunta.fi\/uudetsivut\/?page_id=45"},"modified":"2022-09-17T11:45:24","modified_gmt":"2022-09-17T08:45:24","slug":"stipendit","status":"publish","type":"page","link":"https:\/\/kymenlaaksonosakunta.fi\/sv\/stipendit\/","title":{"rendered":"Stipendit"},"content":{"rendered":"<p>Kymenlaakson Osakunta jakaa vuosittain helmikuussa pidett\u00e4v\u00e4ss\u00e4 vuosijuhlassa stipendej\u00e4 opinnoissaan menestyneille tai osakunnassa aktiivisille.<\/p>\n<p>Stipendihaku on tammikuussa ja stipendit jaetaan vuosijuhlassa helmikuussa.<\/p>\n<p>Haettavia stipendej\u00e4 on kolme:<\/p>\n<p><strong>Osakuntastipendi\u00e4<\/strong> voivat hakea Kymenlaakson Osakunnan j\u00e4senet. Stipendirahaston hoitokunta p\u00e4\u00e4tt\u00e4\u00e4 jaettavien stipendien lukum\u00e4\u00e4r\u00e4n ja suuruuden kokouksessaan. Viime vuosina stipendien suuruusluokka on ollut useita satoja euroja\/stipendi.<\/p>\n<p>Stipendihakemuksen tulee sis\u00e4lt\u00e4\u00e4 seuraavaa:<\/p>\n<ul>\n<li>opintorekisteriote (s\u00e4hk\u00f6postitse tilattu hyv\u00e4ksyt\u00e4\u00e4n)<\/li>\n<li>oma selvitys osakuntatoiminnasta<\/li>\n<\/ul>\n<p><strong>Alemman korkeakoulututkinnon opinn\u00e4ytestipendi (kandistipendi)\u00a0<\/strong><\/p>\n<p>Hakuohjeet p\u00e4ivittyv\u00e4t.<\/p>\n<p><strong>Ylemm\u00e4n korkeakoulututkinnon opinn\u00e4ytestipendi (gradustipendi)<\/strong><\/p>\n<p>Hakuohjeet p\u00e4ivittyv\u00e4t.<\/p>\n<p>Stipendien jaosta m\u00e4\u00e4r\u00e4\u00e4 Stipendirahaston <a href=\"https:\/\/kymenlaaksonosakunta.fi\/sv\/documents\/saannot\/Kymenlaakson%20Osakunnan%20Stipendirahaston%20stipendiohje.pdf\/\">stipendiohje<\/a><\/p>\n<p>Aapo Jussila<br \/>\nKymenlaakson Osakunnan rahastojen asiamies<\/p>\n<h4>Knut ja Ester Pol\u00f3nin rahasto<\/h4>\n<p>Iitist\u00e4 ja entisen Jaalan kunnan alueelta kotoisin olevat osakuntalaiset voivat hakea my\u00f6s Knut ja Ester Pol\u00f3nin rahaston stipendej\u00e4 jatko-opintoja varten.\u00a0Lis\u00e4tietoa l\u00f6ytyy <a href=\"http:\/\/www.hys.net\/opiskelijapalvelut\/stipendit\">H\u00e4m\u00e4l\u00e4isten ylioppilass\u00e4\u00e4ti\u00f6n sivuilta<\/a>.<\/p>","protected":false},"excerpt":{"rendered":"<p>Kymenlaakson Osakunta jakaa vuosittain helmikuussa pidett\u00e4v\u00e4ss\u00e4 vuosijuhlassa stipendej\u00e4 opinnoissaan menestyneille tai osakunnassa aktiivisille. Stipendihaku on tammikuussa ja stipendit jaetaan vuosijuhlassa helmikuussa. Haettavia stipendej\u00e4 on kolme: Osakuntastipendi\u00e4 voivat hakea Kymenlaakson Osakunnan j\u00e4senet. Stipendirahaston hoitokunta p\u00e4\u00e4tt\u00e4\u00e4 jaettavien stipendien lukum\u00e4\u00e4r\u00e4n ja suuruuden kokouksessaan. Viime vuosina stipendien suuruusluokka on ollut useita satoja euroja\/stipendi. Stipendihakemuksen tulee sis\u00e4lt\u00e4\u00e4 seuraavaa: opintorekisteriote (s\u00e4hk\u00f6postitse &hellip; <\/p>\n<p class=\"link-more\"><a href=\"https:\/\/kymenlaaksonosakunta.fi\/sv\/stipendit\/\" class=\"more-link\">Read more<span class=\"screen-reader-text\"> &#8221;Stipendit&#8221;<\/span><\/a><\/p>","protected":false},"author":1,"featured_media":0,"parent":0,"menu_order":0,"comment_status":"closed","ping_status":"closed","template":"","meta":{"inspiro_hide_title":false,"footnotes":""},"class_list":["post-45","page","type-page","status-publish","hentry"],"_links":{"self":[{"href":"https:\/\/kymenlaaksonosakunta.fi\/sv\/wp-json\/wp\/v2\/pages\/45","targetHints":{"allow":["GET"]}}],"collection":[{"href":"https:\/\/kymenlaaksonosakunta.fi\/sv\/wp-json\/wp\/v2\/pages"}],"about":[{"href":"https:\/\/kymenlaaksonosakunta.fi\/sv\/wp-json\/wp\/v2\/types\/page"}],"author":[{"embeddable":true,"href":"https:\/\/kymenlaaksonosakunta.fi\/sv\/wp-json\/wp\/v2\/users\/1"}],"replies":[{"embeddable":true,"href":"https:\/\/kymenlaaksonosakunta.fi\/sv\/wp-json\/wp\/v2\/comments?post=45"}],"version-history":[{"count":18,"href":"https:\/\/kymenlaaksonosakunta.fi\/sv\/wp-json\/wp\/v2\/pages\/45\/revisions"}],"predecessor-version":[{"id":1173,"href":"https:\/\/kymenlaaksonosakunta.fi\/sv\/wp-json\/wp\/v2\/pages\/45\/revisions\/1173"}],"wp:attachment":[{"href":"https:\/\/kymenlaaksonosakunta.fi\/sv\/wp-json\/wp\/v2\/media?parent=45"}],"curies":[{"name":"wp","href":"https:\/\/api.w.org\/{rel}","templated":true}]}}