{"id":47,"date":"2016-08-22T22:05:49","date_gmt":"2016-08-22T19:05:49","guid":{"rendered":"http:\/\/kymenlaaksonosakunta.fi\/uudetsivut\/?page_id=47"},"modified":"2024-04-12T17:25:35","modified_gmt":"2024-04-12T14:25:35","slug":"tiedotus","status":"publish","type":"page","link":"https:\/\/kymenlaaksonosakunta.fi\/sv\/tiedotus\/","title":{"rendered":"Tiedotus"},"content":{"rendered":"<h3 class=\"wp-block-heading\">S\u00e4hk\u00f6postilista<\/h3>\n\n\n\n<p>Osakunnan virallisena tiedotuskanavana toimii s\u00e4hk\u00f6postilista <em>tiedotus@kymenlaaksonosakunta.fi<\/em>. Listalle kannattaa ehdottomasti liitty\u00e4, sill\u00e4 sen avulla pysyy parhaiten selvill\u00e4 siit\u00e4, mit\u00e4 osakunnalla on meneill\u00e4\u00e4n.<\/p>\n\n\n\n<h4 class=\"wp-block-heading\">Listalle liittyminen<\/h4>\n\n\n\n<p>Listan tilaaminen tapahtuu osoitteessa <a href=\"http:\/\/mail.kymenlaaksonosakunta.fi\/mailman\/listinfo\/tiedotus_kymenlaaksonosakunta.fi\">tiedotus.kymenlaaksonosakunta.fi<\/a>. T\u00e4yt\u00e4 sivulla lomake &#8221;listalle Tiedotus liittyminen&#8221;. Sen j\u00e4lkeen saat s\u00e4hk\u00f6postiisi ohjeet jatkotoimenpiteist\u00e4. Liittymiseen menee korkeintaan muutama minuutti, eik\u00e4 se vaadi teknist\u00e4 osaamista s\u00e4hk\u00f6postin l\u00e4hett\u00e4mist\u00e4 enemp\u00e4\u00e4.<\/p>\n\n\n\n<h3 class=\"wp-block-heading\">Sosiaalinen media<\/h3>\n\n\n\n<p>Kymenlaakson Osakunta l\u00f6ytyy sek\u00e4 <a href=\"https:\/\/www.facebook.com\/kyosakunta\/\">Facebookista<\/a> ett\u00e4 <a href=\"https:\/\/www.instagram.com\/kyosakunta\/\">Instagramista<\/a> nimell\u00e4 @kyosakunta. Seuraa meit\u00e4, niin pysyt ajan tasalla siit\u00e4, mit\u00e4 osakunnassa tapahtuu! Muista my\u00f6s viralliset ja v\u00e4hemm\u00e4n viralliset aihetunnisteet:<\/p>\n\n\n\n<ul class=\"wp-block-list\">\n<li>#kyosakunta<\/li>\n\n\n\n<li>#kyopallo<\/li>\n\n\n\n<li>#kym\u00e4l\u00e4isetedustaa<\/li>\n\n\n\n<li>#herralohi<\/li>\n\n\n\n<li>#jovuodesta1933<\/li>\n<\/ul>\n\n\n\n<p>Osakuntalaisten vapaaseen keskusteluun l\u00f6ytyy tilanteeseen kuin tilanteeseen sopivat alustat\u00a0<a href=\"https:\/\/www.facebook.com\/groups\/kymenlaakson.osakunta\/10153836236458513\/\">Facebook-ryhm\u00e4st\u00e4<\/a> ja WhatsAppista.<\/p>\n\n\n\n<p>Domus Gaudiumin Osakuntien eli DGO:n (KO, KyO &amp; WiO) v\u00e4liseen vapaaseen keskusteluun on oma Facebook-ryhm\u00e4ns\u00e4 <a href=\"https:\/\/www.facebook.com\/groups\/dgosakunnat\/\">DGO:n humppap\u00f6rssi<\/a>, jossa tiedotetaan yhteistapahtumista ja muistakin tiloihin liittyvist\u00e4 asioista. Kaikkien osakuntien yhteisen\u00e4 vapaana keskusteluryhm\u00e4n\u00e4 on Facebookissa <a href=\"https:\/\/www.facebook.com\/groups\/civismaitakiertelee\/\">Civis maita kiertelee<\/a> -ryhm\u00e4.<\/p>","protected":false},"excerpt":{"rendered":"<p>S\u00e4hk\u00f6postilista Osakunnan virallisena tiedotuskanavana toimii s\u00e4hk\u00f6postilista tiedotus@kymenlaaksonosakunta.fi. Listalle kannattaa ehdottomasti liitty\u00e4, sill\u00e4 sen avulla pysyy parhaiten selvill\u00e4 siit\u00e4, mit\u00e4 osakunnalla on meneill\u00e4\u00e4n. Listalle liittyminen Listan tilaaminen tapahtuu osoitteessa tiedotus.kymenlaaksonosakunta.fi. T\u00e4yt\u00e4 sivulla lomake &#8221;listalle Tiedotus liittyminen&#8221;. Sen j\u00e4lkeen saat s\u00e4hk\u00f6postiisi ohjeet jatkotoimenpiteist\u00e4. Liittymiseen menee korkeintaan muutama minuutti, eik\u00e4 se vaadi teknist\u00e4 osaamista s\u00e4hk\u00f6postin l\u00e4hett\u00e4mist\u00e4 enemp\u00e4\u00e4. Sosiaalinen &hellip; <\/p>\n<p class=\"link-more\"><a href=\"https:\/\/kymenlaaksonosakunta.fi\/sv\/tiedotus\/\" class=\"more-link\">L\u00e4s mer<span class=\"screen-reader-text\"> \u201dTiedotus\u201d<\/span><\/a><\/p>","protected":false},"author":1,"featured_media":0,"parent":0,"menu_order":0,"comment_status":"closed","ping_status":"closed","template":"","meta":{"inspiro_hide_title":false,"footnotes":""},"class_list":["post-47","page","type-page","status-publish","hentry"],"_links":{"self":[{"href":"https:\/\/kymenlaaksonosakunta.fi\/sv\/wp-json\/wp\/v2\/pages\/47","targetHints":{"allow":["GET"]}}],"collection":[{"href":"https:\/\/kymenlaaksonosakunta.fi\/sv\/wp-json\/wp\/v2\/pages"}],"about":[{"href":"https:\/\/kymenlaaksonosakunta.fi\/sv\/wp-json\/wp\/v2\/types\/page"}],"author":[{"embeddable":true,"href":"https:\/\/kymenlaaksonosakunta.fi\/sv\/wp-json\/wp\/v2\/users\/1"}],"replies":[{"embeddable":true,"href":"https:\/\/kymenlaaksonosakunta.fi\/sv\/wp-json\/wp\/v2\/comments?post=47"}],"version-history":[{"count":27,"href":"https:\/\/kymenlaaksonosakunta.fi\/sv\/wp-json\/wp\/v2\/pages\/47\/revisions"}],"predecessor-version":[{"id":1673,"href":"https:\/\/kymenlaaksonosakunta.fi\/sv\/wp-json\/wp\/v2\/pages\/47\/revisions\/1673"}],"wp:attachment":[{"href":"https:\/\/kymenlaaksonosakunta.fi\/sv\/wp-json\/wp\/v2\/media?parent=47"}],"curies":[{"name":"wp","href":"https:\/\/api.w.org\/{rel}","templated":true}]}}