{"id":5,"date":"2016-08-22T21:12:55","date_gmt":"2016-08-22T18:12:55","guid":{"rendered":"http:\/\/kymenlaaksonosakunta.fi\/uudetsivut\/?page_id=5"},"modified":"2025-04-26T18:51:14","modified_gmt":"2025-04-26T15:51:14","slug":"historia","status":"publish","type":"page","link":"https:\/\/kymenlaaksonosakunta.fi\/sv\/historia\/","title":{"rendered":"Historia ja vanhat kyps\u00e4t"},"content":{"rendered":"<h2 class=\"wp-block-heading\">Historia<\/h2>\n\n\n<p>Kymenlaaksolainen maakuntaidentiteetti syntyi melko my\u00f6h\u00e4\u00e4n 1800-luvun lopulla. Kymenlaakson asema H\u00e4meest\u00e4 ja Karjalasta erottuvana omana maakuntanaan alkoi korostua uusien teollisuuden keskittymien ja Kotka\u2013Kouvola-junaradan rakentamisen my\u00f6t\u00e4.<\/p>\n<p>Osana maakuntaidentiteetin kehittymist\u00e4 kymenlaaksolaiset ylioppilaat halusivat perustaa Helsingin yliopistoon oman osakunnan. Perinteiset osakunnat paisuivat v\u00e4hitellen liian suuriksi ylioppilaiden m\u00e4\u00e4r\u00e4n kasvaessa, eiv\u00e4tk\u00e4 ne en\u00e4\u00e4 vastanneet pienten maakuntien ylioppilaiden vahvistunutta maakuntaidentiteetti\u00e4. 1900-luvun alussa Helsinkiin syntyikin useita uusia osakuntia. Kymenlaakson Osakunta oli my\u00f6s merkitt\u00e4v\u00e4ss\u00e4 aloitteellisessa roolissa Kymenlaakson maakuntaliiton synnyss\u00e4 vuonna 1936.<\/p>\n<h3>Kymenlaakson Osakunta perustetaan<\/h3>\n<p>Kymenlaakson Osakunta perustettiin vuonna 1933 ja sen kanta-alue lohkaistiin Wiipurilaisen, Etel\u00e4suomalaisen ja H\u00e4m\u00e4l\u00e4is-Osakunnan perinteisist\u00e4 alueista. KyO ei siis varsinaisesti eronnut mist\u00e4\u00e4n osakunnasta, vaan aloitti toimintansa puhtaalta p\u00f6yd\u00e4lt\u00e4. Ennen perustamista kymenlaaksolaiset ylioppilaat kuuluivat p\u00e4\u00e4asiassa WiOon tai H\u00e4mikseen, joten toisinaan KyOn katsotaan eronneen n\u00e4ist\u00e4 kahdesta osakunnasta. T\u00e4st\u00e4 syyst\u00e4 KyO on akateemisessa j\u00e4rjestyksess\u00e4 toisen H\u00e4miksest\u00e4 muutamaa vuotta aiemmin eronneen osakunnan eli Keskisuomalaisen Osakunnan j\u00e4lkeen. Helsingin yliopiston osakuntakartta on pysynyt vuoden 1933 j\u00e4lkeen muuttumattomana, joten Kymenlaakson Osakunta on helsinkil\u00e4isist\u00e4 osakunnista nuorin.<\/p>\n<p>Ensimm\u00e4iseksi nspehtorikseen uusi osakunta valitsi mets\u00e4narvioimistieteen professorin Erik L\u00f6nnrothin. L\u00f6nnroth hoiti inspehtorin virkaa aina siihen saakka, kun h\u00e4net valittiin yliopiston rehtoriksi vuonna 1950. L\u00f6nnroth tuki osakunnan toiminnan muotoutumista 1930-luvulla sek\u00e4 auttoi osakuntaa selviytym\u00e4\u00e4n sota-ajan vaikeuksista 1940-luvun lopulla.<\/p>\n<p><img loading=\"lazy\" decoding=\"async\" class=\"alignnone size-medium\" src=\"http:\/\/kymenlaaksonosakunta.fi\/images\/kyo_images\/kulkue.jpg\" alt=\"\" width=\"600\" height=\"534\" \/><\/p>\n<h3>Liisankadulta Domus Gaudiumille<\/h3>\n<p>Historiansa alkuvuosina Kymenlaakson Osakunta toimi useissa eri tiloissa Uudella ylioppilastalolla. 1970-luvun alussa osakunta osti yhdess\u00e4 Karjalaisen ja Wiipurilaisen osakunnan kanssa oman huoneiston Liisankatu 17:st\u00e4, entisest\u00e4 Karjalaisen osakunnan talosta. Liisankadulla osakunta viihtyi yli kolme vuosikymment\u00e4, kunnes tammikuussa 2009 kolme osakuntaa muuttivat yhdess\u00e4 Helsingin yliopiston ylioppilaskunnan omistamaan huoneistoon vasta rakennettuun kolmanteen ylioppilastaloon. Osalla Liisankadun huoneiston myynnist\u00e4 saaduista varoista pystyttiin osatamaan osakunnan ensimm\u00e4iset omat asunnot, jotka valmistuivat Patolaan vuonna 2013. Loput sijoitettiin turvaamaan tulevien osakuntasukupolvien toimintaa ja kartuttamaan stipendirahastoa.<\/p>\n<h3>Kansainv\u00e4list\u00e4 yhteisty\u00f6t\u00e4<\/h3>\n<p>Osakunnalla on yhteisty\u00f6t\u00e4 ulkomaisten opiskelijaj\u00e4rjest\u00f6jen kanssa sek\u00e4 Ruotsissa ett\u00e4 Virossa. Ruotsissa yst\u00e4vyysosakunnat ovat Kalmar Nation Uppsalassa, jonka kanssa yhteisty\u00f6t\u00e4 on tehty 1940-luvulta l\u00e4htien, sek\u00e4 Hallands Nation Lundissa, johon suhteet loi kunniainspehtori (silloinen insephtori) Johan Wrede af Elimae 1980-luvulla. Virolaisen Korp! Fraternitas Tartuensiksen kanssa yst\u00e4vyyssopimus on solmittu ensimm\u00e4sen kerran vuonna 1936 ja uudistettu Viron itsen\u00e4istyttty\u00e4 1990. Uusin yst\u00e4vyysj\u00e4rjest\u00f6 on Korp! Sororitas Estoniae, jonka j\u00e4senet ovat vierailleet Suomessa ja joiden luona on vierailtu vuodesta 2014 l\u00e4htien. Yst\u00e4vyyssopimusneuvottelut ovat k\u00e4ynniss\u00e4.<\/p>\n<p><img loading=\"lazy\" decoding=\"async\" class=\"alignnone size-medium\" src=\"http:\/\/kymenlaaksonosakunta.fi\/images\/kyo_images\/2016\/vappu_tartossa.jpg\" alt=\"\" width=\"600\" height=\"2304\" \/><\/p>\n<h3>Yli 80 vuotta kymenlaaksolaista opiskelijatoimintaa<\/h3>\n<p>Osakunta on yli 80-vuotisen olemassaolonsa aikana muuttunut vaihtuvien ylioppilassukupolvien mukana. Osakunnan tarkoitus on kuitenkin pysynyt: yhdist\u00e4\u00e4 kymenlaaksolaiset ylioppilaat ja pit\u00e4\u00e4 yll\u00e4 heid\u00e4n siteit\u00e4\u00e4n kotimaakuntaan. Vuonna 1983 juhlittiin n\u00e4ytt\u00e4v\u00e4sti osakunnan 50-vuotista taivalta, ja 1990-luvulla aktivoitui osakunnan seniorij\u00e4rjest\u00f6 Kymenlaakson osakunnan seniorit ry, jossa moni osakuntalainen on jatkanut yhteydenpitoaan entisiin osakuntayst\u00e4viin varsinaisten osakuntavuosien j\u00e4lkeen. KyOn 80-vuotisjuhlaa vietettiin helmikuussa 2013.<\/p>\n<p>KyOn vuosijuhlap\u00e4iv\u00e4 on 26. helmikuuta, jolloin Kymenlaakso mainittiin ensimm\u00e4isen kerran virallisesti; Bo Joninpoika Grip testamenttasi 26.2.1380 vanhassa Pyht\u00e4\u00e4n pit\u00e4j\u00e4ss\u00e4 sijainneen Kymenkartanon lohenkalastusoikeuksineen Vadstenan luostarille.<\/p>\n<p>Lis\u00e4\u00e4 historiatietoa osakunnista tarjoaa Osakuntien yhteisvaltuuskunta OYV.<\/p>\n<h2>Maakunta<\/h2>\n<p><\/p>\n<p>Kymenhlaakson Osakunnan kanta-alueena kattaa Kymijokilaakson, Iitin kunnan P\u00e4ij\u00e4th\u00e4meess\u00e4 sek\u00e4 Loviisan kaupungin yhteisalueena Et\u00e4l\u00e4suomalaisen Osakunnan kanssa. Osakunta ei kuitenkaan ole hirtt\u00e4ytynyt kymenlaaksolaisuuteen vaan toiminnassamme on mukana paljon muitakin kuin kymenlaaksolaisia.<\/p>\n<p> <\/p>\n<p>Kanta-alue ja kotiseutu n\u00e4kyv\u00e4t monin eri tavoin osakunnan toiminnassa, juhlien ruokalajeissa ja lauluissa, kes\u00e4retken kohteissa ja osakunnan tempauksissa. Osakunta on ollut merkitt\u00e4v\u00e4n\u00e4 tahona mukana perustamassa Kymenlaakson maakuntaa ja edelleenkin tekee tiivist\u00e4 yhteisty\u00f6t\u00e4 kotiseudun erilaisten tahojen, kuntien, kaupunkien, museoiden, yritysten ja yhdistysten kanssa.<\/p>\n<p> <\/p>\n<p>Osakunta julkaisee omassa Ankkapurha-julkaisusarjassaan Kymenlaakso k\u00e4sittelevi\u00e4 artikkelikokoelmia, joiden aihekirjo vaihtelee kulloisenkin kirjoittajajoukon tutkimusalojen ja julkaisujen teemojen mukaan.<\/p>\n<p> <\/p>\n<h5 class=\"wp-block-heading\">Kes\u00e4retki<\/h5>\n<p> <\/p>\n<p>Osakunnan ja maakunnan suhteen yll\u00e4pit\u00e4j\u00e4n\u00e4 n\u00e4kyvin ja kuuluvin tapahtuma on KyOn jokakes\u00e4isen kes\u00e4retki kanta-alueelle. Kes\u00e4retken kohteen p\u00e4\u00e4tt\u00e4\u00e4 maakuntasihteeri ja kohteissa pyrit\u00e4\u00e4n vuorottelemaan vuorovuosin etel\u00e4isen ja pohjoisen kanta-alueen v\u00e4lill\u00e4, sek\u00e4 kiert\u00e4m\u00e4\u00e4n mahdollisimman laajasti kanta-alueen eri kyli\u00e4 ja pit\u00e4ji\u00e4. Kes\u00e4retken ohjelma vaihtelee kulloisenkin maakuntasihteerin ja -valiokunnan j\u00e4rjest\u00e4m\u00e4n ohjelman mukaan. Usein ohjelmassa on vierailuja paikallisissa museoissa ja n\u00e4ht\u00e4vyyksill\u00e4, yhdistyksiin ja\/tai yrityksiin tutustumista sek\u00e4 tietysti uimista, saunomista ja yhdess\u00e4oloa. Toisinaan on kes\u00e4retkell\u00e4 vietetty kes\u00e4retkisitsej\u00e4kin.<\/p>\n<p><\/p>\n\n\n<h2 class=\"wp-block-heading\">Vanhat kyps\u00e4t<\/h2>\n\n\n\n<div class=\"wp-block-columns is-layout-flex wp-container-core-columns-is-layout-28f84493 wp-block-columns-is-layout-flex\">\n<div class=\"wp-block-column is-layout-flow wp-block-column-is-layout-flow\" style=\"flex-basis:100%\">\n<p>Kyps\u00e4 on osakunnan 30-vuotias j\u00e4senlehti, joka ilmestyy nyky\u00e4\u00e4n s\u00e4hk\u00f6isen\u00e4. Lehte\u00e4 luotsaa p\u00e4\u00e4toimittaja apunaan toimituskunta, mutta kuka tahansa osakuntalainen voi l\u00e4hett\u00e4\u00e4 julkaistavaksi tekstej\u00e4\u00e4n, runojaan, valokuviaan tai piirroksiaan. Kaikki ideat otetaan ilolla vastaan!<\/p>\n<p>P\u00e4\u00e4toimittajalta saa juttuideoita, henkist\u00e4 tukea sek\u00e4 kirjoittajaegon p\u00f6nkityst\u00e4. P\u00e4\u00e4toimittajan ja toimituskunnan tavoittaa s\u00e4hk\u00f6postiosoitteesta <a href=\"mailto:paatoimittaja@kypsa.kymenlaaksonosakunta.fi\">paatoimittaja@kypsa.kymenlaaksonosakunta.fi<\/a>.<\/p>\n<p>Kyps\u00e4\u00e4 voit lukea sen omilta sivuilta: <a href=\"http:\/\/kypsa.kymenlaaksonosakunta.fi\">kypsa.kymenlaaksonosakunta.fi<\/a>. Vanhoja kyps\u00e4-lehti\u00e4 vuosilta 2006-2017 voit lukea klikkaamalla niiden kansikuvia t\u00e4st\u00e4.<\/p>\n<h4>2017<\/h4>\n<p><a href=\"http:\/\/kymenlaaksonosakunta.fi\/sv\/kypsa\/2017_1_kypsa.pdf\/\"><img loading=\"lazy\" decoding=\"async\" class=\"alignnone\" src=\"http:\/\/kymenlaaksonosakunta.fi\/images\/kyo_images\/kypsa\/kypsa17.1.png\" alt=\"\" width=\"149\" height=\"212\" \/><\/a> <a href=\"http:\/\/kymenlaaksonosakunta.fi\/sv\/kypsa\/2017_2_kypsa.pdf\/\"><img loading=\"lazy\" decoding=\"async\" class=\"alignnone\" src=\"http:\/\/kymenlaaksonosakunta.fi\/images\/kyo_images\/kypsa\/kypsa17.2.png\" alt=\"\" width=\"150\" height=\"213\" \/><\/a> <a href=\"http:\/\/kymenlaaksonosakunta.fi\/sv\/kypsa\/2017_3_kypsa.pdf\/\"><img loading=\"lazy\" decoding=\"async\" class=\"alignnone\" src=\"http:\/\/kymenlaaksonosakunta.fi\/images\/kyo_images\/kypsa\/kypsa17.3.png\" alt=\"\" width=\"150\" height=\"213\" \/><\/a><\/p>\n<h4>2016<\/h4>\n<p><a href=\"http:\/\/kymenlaaksonosakunta.fi\/sv\/kypsa\/2016_1_kypsa.pdf\/\"><img loading=\"lazy\" decoding=\"async\" class=\"alignnone\" src=\"http:\/\/kymenlaaksonosakunta.fi\/images\/kyo_images\/kypsa\/kypsa16.1.jpg\" alt=\"\" width=\"149\" height=\"212\" \/><\/a>\u00a0<a href=\"http:\/\/kymenlaaksonosakunta.fi\/sv\/kypsa\/2016_2_kypsa.pdf\/\"><img loading=\"lazy\" decoding=\"async\" class=\"alignnone\" src=\"http:\/\/kymenlaaksonosakunta.fi\/images\/kyo_images\/kypsa\/kypsa16.2.jpg\" width=\"150\" height=\"212\" \/><\/a>\u00a0<a href=\"http:\/\/kymenlaaksonosakunta.fi\/sv\/kypsa\/2016_3_kypsa.pdf\/\"><img loading=\"lazy\" decoding=\"async\" class=\"alignnone\" src=\"http:\/\/kymenlaaksonosakunta.fi\/images\/kyo_images\/kypsa\/kypsa16.3.jpg\" alt=\"\" width=\"150\" height=\"213\" \/><\/a>\u00a0<a href=\"http:\/\/kymenlaaksonosakunta.fi\/sv\/kypsa\/2016_4_kypsa.pdf\/\"><img loading=\"lazy\" decoding=\"async\" class=\"alignnone\" src=\"http:\/\/kymenlaaksonosakunta.fi\/images\/kyo_images\/kypsa\/kypsa16.4.jpg\" width=\"151\" height=\"214\" \/><\/a><\/p>\n<h4>2015<\/h4>\n<p><a href=\"http:\/\/kymenlaaksonosakunta.fi\/sv\/kypsa\/2015_1_kypsa.pdf\/\"><img loading=\"lazy\" decoding=\"async\" class=\"alignnone\" src=\"http:\/\/kymenlaaksonosakunta.fi\/images\/kyo_images\/kypsa\/kypsa15.1.jpg\" alt=\"\" width=\"149\" height=\"211\" \/><\/a>\u00a0<a href=\"http:\/\/kymenlaaksonosakunta.fi\/sv\/kypsa\/2015_2_kypsa.pdf\/\"><img loading=\"lazy\" decoding=\"async\" class=\"alignnone\" src=\"http:\/\/kymenlaaksonosakunta.fi\/images\/kyo_images\/kypsa\/kypsa15.2.png\" width=\"148\" height=\"210\" \/><\/a>\u00a0<a href=\"http:\/\/kymenlaaksonosakunta.fi\/sv\/kypsa\/2015_3_kypsa.pdf\/\"><img loading=\"lazy\" decoding=\"async\" class=\"alignnone\" src=\"http:\/\/kymenlaaksonosakunta.fi\/images\/kyo_images\/kypsa\/kypsa15.3.jpg\" alt=\"\" width=\"148\" height=\"210\" \/><\/a>\u00a0<a href=\"http:\/\/kymenlaaksonosakunta.fi\/sv\/kypsa\/2015_4_kypsa.pdf\/\"><img loading=\"lazy\" decoding=\"async\" class=\"alignnone\" src=\"http:\/\/kymenlaaksonosakunta.fi\/images\/kyo_images\/kypsa\/kypsa15.4.jpg\" width=\"150\" height=\"213\" \/><\/a><\/p>\n<h4>2014<\/h4>\n<p><a href=\"http:\/\/kymenlaaksonosakunta.fi\/sv\/kypsa\/2014_1_kypsa.pdf\/\"><img loading=\"lazy\" decoding=\"async\" class=\"alignnone\" src=\"http:\/\/kymenlaaksonosakunta.fi\/images\/kyo_images\/kypsa\/kypsa14.1.png\" alt=\"\" width=\"149\" height=\"212\" \/><\/a>\u00a0<a href=\"http:\/\/kymenlaaksonosakunta.fi\/sv\/kypsa\/2014_2_kypsa.pdf\/\"><img loading=\"lazy\" decoding=\"async\" class=\"alignnone\" src=\"http:\/\/kymenlaaksonosakunta.fi\/images\/kyo_images\/kypsa\/kypsa14.2.png\" width=\"150\" height=\"213\" \/><\/a>\u00a0<a href=\"http:\/\/kymenlaaksonosakunta.fi\/sv\/kypsa\/2014_3_kypsa.pdf\/\"><img loading=\"lazy\" decoding=\"async\" class=\"alignnone\" src=\"http:\/\/kymenlaaksonosakunta.fi\/images\/kyo_images\/kypsa\/kypsa14.3.png\" alt=\"\" width=\"149\" height=\"212\" \/><\/a>\u00a0<a href=\"http:\/\/kymenlaaksonosakunta.fi\/sv\/kypsa\/2014_4_kypsa.pdf\/\"><img loading=\"lazy\" decoding=\"async\" class=\"alignnone\" src=\"http:\/\/kymenlaaksonosakunta.fi\/images\/kyo_images\/kypsa\/kypsa14.4.png\" width=\"147\" height=\"209\" \/><\/a><\/p>\n<h4>2013<\/h4>\n<p><a href=\"http:\/\/kymenlaaksonosakunta.fi\/sv\/kypsa\/2013_1_kypsa.pdf\/\"><img loading=\"lazy\" decoding=\"async\" class=\"alignnone\" src=\"http:\/\/kymenlaaksonosakunta.fi\/images\/kyo_images\/kypsa\/kypsa13.1.png\" alt=\"\" width=\"151\" height=\"214\" \/><\/a>\u00a0<a href=\"http:\/\/kymenlaaksonosakunta.fi\/sv\/kypsa\/2013_2_kypsa.pdf\/\"><img loading=\"lazy\" decoding=\"async\" class=\"alignnone\" src=\"http:\/\/kymenlaaksonosakunta.fi\/images\/kyo_images\/kypsa\/kypsa13.2.png\" width=\"146\" height=\"215\" \/><\/a>\u00a0<a href=\"http:\/\/kymenlaaksonosakunta.fi\/sv\/kypsa\/2013_3_kypsa.pdf\/\"><img loading=\"lazy\" decoding=\"async\" class=\"alignnone\" src=\"http:\/\/kymenlaaksonosakunta.fi\/images\/kyo_images\/kypsa\/kypsa13.3.png\" alt=\"\" width=\"152\" height=\"216\" \/><\/a>\u00a0<a href=\"http:\/\/kymenlaaksonosakunta.fi\/sv\/kypsa\/2013_4_kypsa.pdf\/\"><img loading=\"lazy\" decoding=\"async\" class=\"alignnone\" src=\"http:\/\/kymenlaaksonosakunta.fi\/images\/kyo_images\/kypsa\/kypsa13.4.png\" width=\"152\" height=\"216\" \/><\/a><\/p>\n<h4>2012<\/h4>\n<p><a href=\"http:\/\/kymenlaaksonosakunta.fi\/sv\/kypsa\/2012_1_kypsa.pdf\/\"><img loading=\"lazy\" decoding=\"async\" class=\"alignnone\" src=\"http:\/\/kymenlaaksonosakunta.fi\/images\/kyo_images\/kypsa\/kypsa12.1.png\" alt=\"\" width=\"151\" height=\"214\" \/><\/a>\u00a0<a href=\"http:\/\/kymenlaaksonosakunta.fi\/sv\/kypsa\/2012_2_kypsa.pdf\/\"><img loading=\"lazy\" decoding=\"async\" class=\"alignnone\" src=\"http:\/\/kymenlaaksonosakunta.fi\/images\/kyo_images\/kypsa\/kypsa12.2.png\" width=\"151\" height=\"214\" \/><\/a>\u00a0<a href=\"http:\/\/kymenlaaksonosakunta.fi\/sv\/kypsa\/2012_3_kypsa.pdf\/\"><img loading=\"lazy\" decoding=\"async\" class=\"alignnone\" src=\"http:\/\/kymenlaaksonosakunta.fi\/images\/kyo_images\/kypsa\/kypsa12.3.png\" alt=\"\" width=\"151\" height=\"215\" \/><\/a>\u00a0<a href=\"http:\/\/kymenlaaksonosakunta.fi\/sv\/kypsa\/2012_4_kypsa.pdf\/\"><img loading=\"lazy\" decoding=\"async\" class=\"alignnone\" src=\"http:\/\/kymenlaaksonosakunta.fi\/images\/kyo_images\/kypsa\/kypsa12.4.png\" width=\"151\" height=\"214\" \/><\/a><\/p>\n<h4>2011<\/h4>\n<p><a href=\"http:\/\/kymenlaaksonosakunta.fi\/sv\/kypsa\/2011_1_kypsa.pdf\/\"><img loading=\"lazy\" decoding=\"async\" class=\"alignnone\" src=\"http:\/\/kymenlaaksonosakunta.fi\/images\/kyo_images\/kypsa\/kypsa11.1.png\" alt=\"\" width=\"152\" height=\"215\" \/><\/a>\u00a0<a href=\"http:\/\/kymenlaaksonosakunta.fi\/sv\/kypsa\/2011_2_kypsa.pdf\/\"><img loading=\"lazy\" decoding=\"async\" class=\"alignnone\" src=\"http:\/\/kymenlaaksonosakunta.fi\/images\/kyo_images\/kypsa\/kypsa11.2.png\" width=\"152\" height=\"215\" \/><\/a>\u00a0<a href=\"http:\/\/kymenlaaksonosakunta.fi\/sv\/kypsa\/2011_3_kypsa.pdf\/\"><img loading=\"lazy\" decoding=\"async\" class=\"alignnone\" src=\"http:\/\/kymenlaaksonosakunta.fi\/images\/kyo_images\/kypsa\/kypsa11.3.png\" alt=\"\" width=\"152\" height=\"216\" \/><\/a>\u00a0<a href=\"http:\/\/kymenlaaksonosakunta.fi\/sv\/kypsa\/2011_4_kypsa.pdf\/\"><img loading=\"lazy\" decoding=\"async\" class=\"alignnone\" src=\"http:\/\/kymenlaaksonosakunta.fi\/images\/kyo_images\/kypsa\/kypsa11.4.png\" width=\"152\" height=\"216\" \/><\/a><\/p>\n<h4>2010<\/h4>\n<p><a href=\"http:\/\/kymenlaaksonosakunta.fi\/sv\/kypsa\/2010_1_kypsa.pdf\/\"><img loading=\"lazy\" decoding=\"async\" class=\"alignnone\" src=\"http:\/\/kymenlaaksonosakunta.fi\/images\/kyo_images\/kypsa\/kypsa10.1.png\" alt=\"\" width=\"152\" height=\"214\" \/><\/a>\u00a0<a href=\"http:\/\/kymenlaaksonosakunta.fi\/sv\/kypsa\/2010_2_kypsa.pdf\/\"><img loading=\"lazy\" decoding=\"async\" class=\"alignnone\" src=\"http:\/\/kymenlaaksonosakunta.fi\/images\/kyo_images\/kypsa\/kypsa10.2.png\" width=\"152\" height=\"215\" \/><\/a>\u00a0<a href=\"http:\/\/kymenlaaksonosakunta.fi\/sv\/kypsa\/2010_3_kypsa.pdf\/\"><img loading=\"lazy\" decoding=\"async\" class=\"alignnone\" src=\"http:\/\/kymenlaaksonosakunta.fi\/images\/kyo_images\/kypsa\/kypsa10.3.png\" alt=\"\" width=\"153\" height=\"216\" \/><\/a>\u00a0<a href=\"http:\/\/kymenlaaksonosakunta.fi\/sv\/kypsa\/2010_4_kypsa.pdf\/\"><img loading=\"lazy\" decoding=\"async\" class=\"alignnone\" src=\"http:\/\/kymenlaaksonosakunta.fi\/images\/kyo_images\/kypsa\/kypsa10.4.png\" width=\"152\" height=\"216\" \/><\/a><\/p>\n<h4>2009<\/h4>\n<p><a href=\"http:\/\/kymenlaaksonosakunta.fi\/sv\/kypsa\/2009_1_kypsa.pdf\/\"><img loading=\"lazy\" decoding=\"async\" class=\"alignnone\" src=\"http:\/\/kymenlaaksonosakunta.fi\/images\/kyo_images\/kypsa\/kypsa09.1.png\" alt=\"\" width=\"153\" height=\"216\" \/><\/a>\u00a0<a href=\"http:\/\/kymenlaaksonosakunta.fi\/sv\/kypsa\/2009_2_kypsa.pdf\/\"><img loading=\"lazy\" decoding=\"async\" class=\"alignnone\" src=\"http:\/\/kymenlaaksonosakunta.fi\/images\/kyo_images\/kypsa\/kypsa09.2.png\" width=\"153\" height=\"217\" \/><\/a>\u00a0<a href=\"http:\/\/kymenlaaksonosakunta.fi\/sv\/kypsa\/2009_3_kypsa.pdf\/\"><img loading=\"lazy\" decoding=\"async\" class=\"alignnone\" src=\"http:\/\/kymenlaaksonosakunta.fi\/images\/kyo_images\/kypsa\/kypsa09.3.png\" alt=\"\" width=\"153\" height=\"217\" \/><\/a>\u00a0<a href=\"http:\/\/kymenlaaksonosakunta.fi\/sv\/kypsa\/2009_4_kypsa.pdf\/\"><img loading=\"lazy\" decoding=\"async\" class=\"alignnone\" src=\"http:\/\/kymenlaaksonosakunta.fi\/images\/kyo_images\/kypsa\/kypsa09.4.png\" width=\"151\" height=\"214\" \/><\/a><\/p>\n<h4>2008<\/h4>\n<p><a href=\"http:\/\/kymenlaaksonosakunta.fi\/sv\/kypsa\/2008_1_kypsa.pdf\/\"><img loading=\"lazy\" decoding=\"async\" class=\"alignnone\" src=\"http:\/\/kymenlaaksonosakunta.fi\/images\/kyo_images\/kypsa\/kypsa08.1.png\" alt=\"\" width=\"152\" height=\"215\" \/><\/a>\u00a0<a href=\"http:\/\/kymenlaaksonosakunta.fi\/sv\/kypsa\/2008_2_kypsa.pdf\/\"><img loading=\"lazy\" decoding=\"async\" class=\"alignnone\" src=\"http:\/\/kymenlaaksonosakunta.fi\/images\/kyo_images\/kypsa\/kypsa08.2.png\" width=\"152\" height=\"216\" \/><\/a>\u00a0<a href=\"http:\/\/kymenlaaksonosakunta.fi\/sv\/kypsa\/2008_3_kypsa.pdf\/\"><img loading=\"lazy\" decoding=\"async\" class=\"alignnone\" src=\"http:\/\/kymenlaaksonosakunta.fi\/images\/kyo_images\/kypsa\/kypsa08.3.png\" alt=\"\" width=\"151\" height=\"211\" \/><\/a>\u00a0<a href=\"http:\/\/kymenlaaksonosakunta.fi\/sv\/kypsa\/2008_4_kypsa.pdf\/\"><img loading=\"lazy\" decoding=\"async\" class=\"alignnone\" src=\"http:\/\/kymenlaaksonosakunta.fi\/images\/kyo_images\/kypsa\/kypsa08.4.png\" width=\"153\" height=\"217\" \/><\/a><\/p>\n<h4>2007<\/h4>\n<p><a href=\"http:\/\/kymenlaaksonosakunta.fi\/sv\/kypsa\/2007_1_kypsa.pdf\/\"><img loading=\"lazy\" decoding=\"async\" class=\"alignnone\" src=\"http:\/\/kymenlaaksonosakunta.fi\/images\/kyo_images\/kypsa\/kypsa07.1.png\" alt=\"\" width=\"152\" height=\"215\" \/><\/a>\u00a0<a href=\"http:\/\/kymenlaaksonosakunta.fi\/sv\/kypsa\/2007_2_kypsa.pdf\/\"><img loading=\"lazy\" decoding=\"async\" class=\"alignnone\" src=\"http:\/\/kymenlaaksonosakunta.fi\/images\/kyo_images\/kypsa\/kypsa07.2.png\" width=\"152\" height=\"216\" \/><\/a>\u00a0<a href=\"http:\/\/kymenlaaksonosakunta.fi\/sv\/kypsa\/2007_3_kypsa.pdf\/\"><img loading=\"lazy\" decoding=\"async\" class=\"alignnone\" src=\"http:\/\/kymenlaaksonosakunta.fi\/images\/kyo_images\/kypsa\/kypsa07.3.png\" alt=\"\" width=\"153\" height=\"216\" \/><\/a>\u00a0<a href=\"http:\/\/kymenlaaksonosakunta.fi\/sv\/kypsa\/2007_4_kypsa.pdf\/\"><img loading=\"lazy\" decoding=\"async\" class=\"alignnone\" src=\"http:\/\/kymenlaaksonosakunta.fi\/images\/kyo_images\/kypsa\/kypsa07.4.png\" width=\"153\" height=\"217\" \/><\/a><\/p>\n<h4>2006<\/h4>\n<p><a href=\"http:\/\/kymenlaaksonosakunta.fi\/sv\/kypsa\/2006_1_kypsa.pdf\/\"><img loading=\"lazy\" decoding=\"async\" class=\"alignnone\" src=\"http:\/\/kymenlaaksonosakunta.fi\/images\/kyo_images\/kypsa\/kypsa06.1.png\" alt=\"\" width=\"153\" height=\"217\" \/><\/a>\u00a0<a href=\"http:\/\/kymenlaaksonosakunta.fi\/sv\/kypsa\/2006_2_kypsa.pdf\/\"><img loading=\"lazy\" decoding=\"async\" class=\"alignnone\" src=\"http:\/\/kymenlaaksonosakunta.fi\/images\/kyo_images\/kypsa\/kypsa06.2.png\" width=\"153\" height=\"215\" \/><\/a><\/p>\n<\/div>\n<\/div>\n\n\n\n<p><\/p>","protected":false},"excerpt":{"rendered":"<p>Historia Kymenlaaksolainen maakuntaidentiteetti syntyi melko my\u00f6h\u00e4\u00e4n 1800-luvun lopulla. Kymenlaakson asema H\u00e4meest\u00e4 ja Karjalasta erottuvana omana maakuntanaan alkoi korostua uusien teollisuuden keskittymien ja Kotka\u2013Kouvola-junaradan rakentamisen my\u00f6t\u00e4. Osana maakuntaidentiteetin kehittymist\u00e4 kymenlaaksolaiset ylioppilaat halusivat perustaa Helsingin yliopistoon oman osakunnan. Perinteiset osakunnat paisuivat v\u00e4hitellen liian suuriksi ylioppilaiden m\u00e4\u00e4r\u00e4n kasvaessa, eiv\u00e4tk\u00e4 ne en\u00e4\u00e4 vastanneet pienten maakuntien ylioppilaiden vahvistunutta maakuntaidentiteetti\u00e4. 1900-luvun &hellip; <\/p>\n<p class=\"link-more\"><a href=\"https:\/\/kymenlaaksonosakunta.fi\/sv\/historia\/\" class=\"more-link\">Read more<span class=\"screen-reader-text\"> &#8221;Historia ja vanhat kyps\u00e4t&#8221;<\/span><\/a><\/p>","protected":false},"author":1,"featured_media":0,"parent":0,"menu_order":0,"comment_status":"closed","ping_status":"closed","template":"","meta":{"inspiro_hide_title":false,"footnotes":""},"class_list":["post-5","page","type-page","status-publish","hentry"],"_links":{"self":[{"href":"https:\/\/kymenlaaksonosakunta.fi\/sv\/wp-json\/wp\/v2\/pages\/5","targetHints":{"allow":["GET"]}}],"collection":[{"href":"https:\/\/kymenlaaksonosakunta.fi\/sv\/wp-json\/wp\/v2\/pages"}],"about":[{"href":"https:\/\/kymenlaaksonosakunta.fi\/sv\/wp-json\/wp\/v2\/types\/page"}],"author":[{"embeddable":true,"href":"https:\/\/kymenlaaksonosakunta.fi\/sv\/wp-json\/wp\/v2\/users\/1"}],"replies":[{"embeddable":true,"href":"https:\/\/kymenlaaksonosakunta.fi\/sv\/wp-json\/wp\/v2\/comments?post=5"}],"version-history":[{"count":17,"href":"https:\/\/kymenlaaksonosakunta.fi\/sv\/wp-json\/wp\/v2\/pages\/5\/revisions"}],"predecessor-version":[{"id":1679,"href":"https:\/\/kymenlaaksonosakunta.fi\/sv\/wp-json\/wp\/v2\/pages\/5\/revisions\/1679"}],"wp:attachment":[{"href":"https:\/\/kymenlaaksonosakunta.fi\/sv\/wp-json\/wp\/v2\/media?parent=5"}],"curies":[{"name":"wp","href":"https:\/\/api.w.org\/{rel}","templated":true}]}}