{"id":651,"date":"2018-08-16T22:23:35","date_gmt":"2018-08-16T19:23:35","guid":{"rendered":"http:\/\/kymenlaaksonosakunta.fi\/?page_id=651"},"modified":"2025-10-23T12:37:17","modified_gmt":"2025-10-23T09:37:17","slug":"hairintatapauksissa","status":"publish","type":"page","link":"https:\/\/kymenlaaksonosakunta.fi\/sv\/hairintatapauksissa\/","title":{"rendered":"H\u00e4irint\u00e4tapauksissa"},"content":{"rendered":"<p><strong>Kymenlaakson Osakunnan toiminnassa on nollatoleranssi kaikenlaiselle h\u00e4irinn\u00e4lle ja kiusaamiselle<\/strong>. Jos sinuun kuitenkin kohdistetaan tai havaitset h\u00e4irint\u00e4\u00e4 tai muita ongelmatilanteita, ilmoita niist\u00e4 h\u00e4irint\u00e4tilannelomakkeen kautta. Jos sinulla on toiveita asian k\u00e4sittelyn suhteen, j\u00e4t\u00e4th\u00e4n t\u00e4ll\u00f6in yhteystietosi. Lomakkeen voi l\u00e4hett\u00e4\u00e4 my\u00f6s nimett\u00f6m\u00e4n\u00e4, mutta yhteystietojen j\u00e4tt\u00e4minen helpottaa asian k\u00e4sittely\u00e4. Lomakkeella annettuja tietoja k\u00e4sittelev\u00e4t luottamuksella osakunnan kuraattori ja toiminnanohjaaja.<\/p>\n\n\n\n<p>Toistaiseksi Kymenlaakson Osakunnan h\u00e4irint\u00e4tilannelomake l\u00f6ytyy Google Forms -palvelusta.<\/p>\n\n\n\n<p><a href=\"https:\/\/forms.gle\/vujXSB5NsensE2qy6\" data-type=\"link\" data-id=\"https:\/\/forms.gle\/vujXSB5NsensE2qy6\" target=\"_blank\" rel=\"noreferrer noopener\"><strong>H\u00e4irint\u00e4tilannelomake<\/strong><\/a><\/p>\n\n\n\n<p>Voit my\u00f6s ottaa yhteytt\u00e4 suoraan osakunnan kuraattoriin. Kuraattori toimii my\u00f6s kurinpitovaliokunnan puheenjohtajana, jonka teht\u00e4viin tapausten k\u00e4sittely kuuluu. Yhteyden kuraattori Roni Vattoon saa s\u00e4hk\u00f6postitse osoitteessa <strong>kuraattori@kymenlaaksonosakunta.fi<\/strong> tai puhelinnumeroon <strong>+358 40 0344038<\/strong>. Voit ottaa yhteytt\u00e4 my\u00f6s HYYn h\u00e4irint\u00e4yhdyshenkil\u00f6\u00f6n, joka on kaikkien opiskelijoiden k\u00e4ytett\u00e4viss\u00e4. HYYn h\u00e4irint\u00e4yhdyshenkil\u00f6ist\u00e4 lis\u00e4\u00e4 <strong><a href=\"https:\/\/hyy.fi\/fi\/hairintayhdyshenkilot\">t\u00e4\u00e4ll\u00e4<\/a>.<\/strong><\/p>\n\n\n\n<p>Kymenlaakson Osakunnan tapahtumissa noudatetaan Domus Gaudiumin Osakuntien turvallisemman tilan periaatteita. Niihin voit tutustua tarkemmin alla tai lataamalla PDF-tiedoston omalle koneellesi.<\/p>\n\n\n\n<div class=\"wp-block-file\"><a id=\"wp-block-file--media-13fadf7a-3d40-414f-8733-e957d06415e3\" href=\"https:\/\/kymenlaaksonosakunta.fi\/uudetsivut\/wp-content\/uploads\/2024\/05\/Turvallisemman-tilan-periaatteet-HTK.pdf\">Turvallisemman-tilan-periaatteet-HTK<\/a><a href=\"https:\/\/kymenlaaksonosakunta.fi\/uudetsivut\/wp-content\/uploads\/2024\/05\/Turvallisemman-tilan-periaatteet-HTK.pdf\" class=\"wp-block-file__button wp-element-button\" download aria-describedby=\"wp-block-file--media-13fadf7a-3d40-414f-8733-e957d06415e3\">Lataa<\/a><\/div>\n\n\n\n<h2 class=\"wp-block-heading\">Turvallisemman tilan periaatteet<\/h2>\n\n\n\n<p><br>Kaikissa muodoissa toteutuva syrjint\u00e4, rasismi ja h\u00e4irint\u00e4 ovat Domus Gaudiumin Osakuntien<br>tiloissa ehdottomasti kiellettyj\u00e4.<\/p>\n\n\n\n<p><br>Kaikilla on oikeus osallistua tapahtumiin ilman rotuun, v\u00e4riin, sukupuoleen, kieleen, uskontoon,<br>poliittiseen tai muuhun mielipiteeseen, kansalliseen tai yhteiskunnalliseen alkuper\u00e4\u00e4n,<br>omaisuuteen, syntyper\u00e4\u00e4n tai muuhun tekij\u00e4\u00e4n perustuvaa syrjint\u00e4\u00e4.<\/p>\n\n\n\n<p><br>\u00c4l\u00e4 tee oletuksia kenenk\u00e4\u00e4n sukupuolesta, seksuaalisesta suuntautumisesta, toimintakyvyst\u00e4,<br>muista henkil\u00f6kohtaisista ominaisuuksista tai taustasta.<\/p>\n\n\n\n<p><br>Kunnioita jokaisen oikeutta itsem\u00e4\u00e4rittelyyn tai -m\u00e4\u00e4rittelem\u00e4tt\u00f6myyteen. Jos k\u00e4ytet\u00e4\u00e4n kielt\u00e4,<br>jossa k\u00e4yt\u00f6ss\u00e4 ovat sukupuolitetut pronominit, kysy keskustelukumppaniltasi mit\u00e4 pronomineja<br>h\u00e4n toivoo k\u00e4ytett\u00e4v\u00e4n ja kunnioita h\u00e4nen valintaansa.<br><\/p>\n\n\n\n<p>\u00c4l\u00e4 pilkkaa, ivaa, halvenna, sys\u00e4\u00e4 syrj\u00e4\u00e4n tai nolaa ket\u00e4\u00e4n puheillasi, k\u00e4yt\u00f6ksell\u00e4si tai teoillasi.<\/p>\n\n\n\n<p><br>Pit\u00e4ydy ulkon\u00e4\u00f6n arvostelusta, juoruilusta ja stereotypioiden yll\u00e4pit\u00e4misest\u00e4.<\/p>\n\n\n\n<p><br>\u00c4l\u00e4 kuvaa tapahtumaan osallistuvia henkil\u00f6it\u00e4 ilman heid\u00e4n lupaansa. Pyyd\u00e4 lupa kuvissa<br>esiintyvilt\u00e4 henkil\u00f6ilt\u00e4 paitsi kaiken kuvamateriaalin julkaisuun, my\u00f6s henkil\u00f6iden<br>merkitsemiseen sosiaalisessa mediassa.<\/p>\n\n\n\n<p><br>Kunnioita omia ja toisten rajoja \u2013 fyysisi\u00e4, henkisi\u00e4 ja sosiaalisia rajoja.<\/p>\n\n\n\n<p><br>Ei tarkoittaa ei. Lopeta tai muuta k\u00e4yt\u00f6st\u00e4si, jos toinen niin pyyt\u00e4\u00e4.<\/p>\n\n\n\n<p class=\"has-link-color wp-elements-a9896c51cd64c06bdca109223577502f\"><br>Oletuksena on, ett\u00e4 kaikki osallistuvat tapahtumiin ja keskusteluun hyv\u00e4\u00e4 tarkoittaen omista<br>l\u00e4ht\u00f6kohdistaan. Jos olet eri mielt\u00e4, ilmaise se rakentavasti.<\/p>\n\n\n\n<p><br>Kaikki ovat vastuussa turvallisemman tilan luomisesta: jos havaitset h\u00e4irint\u00e4\u00e4 tai asiatonta<br>k\u00e4yt\u00f6st\u00e4, puutu tilanteeseen tai ilmoita siit\u00e4 h\u00e4irint\u00e4yhdyshenkil\u00f6lle. H\u00e4irinn\u00e4st\u00e4 ja<br>asiattomasta k\u00e4yt\u00f6ksest\u00e4 voi ilmoittaa my\u00f6s tapahtuman j\u00e4rjest\u00e4v\u00e4n osakunnan omalla<br>lomakkeella.<\/p>","protected":false},"excerpt":{"rendered":"<p>Kymenlaakson Osakunnan toiminnassa on nollatoleranssi kaikenlaiselle h\u00e4irinn\u00e4lle ja kiusaamiselle. Jos sinuun kuitenkin kohdistetaan tai havaitset h\u00e4irint\u00e4\u00e4 tai muita ongelmatilanteita, ilmoita niist\u00e4 h\u00e4irint\u00e4tilannelomakkeen kautta. Jos sinulla on toiveita asian k\u00e4sittelyn suhteen, j\u00e4t\u00e4th\u00e4n t\u00e4ll\u00f6in yhteystietosi. Lomakkeen voi l\u00e4hett\u00e4\u00e4 my\u00f6s nimett\u00f6m\u00e4n\u00e4, mutta yhteystietojen j\u00e4tt\u00e4minen helpottaa asian k\u00e4sittely\u00e4. Lomakkeella annettuja tietoja k\u00e4sittelev\u00e4t luottamuksella osakunnan kuraattori ja toiminnanohjaaja. Toistaiseksi Kymenlaakson &hellip; <\/p>\n<p class=\"link-more\"><a href=\"https:\/\/kymenlaaksonosakunta.fi\/sv\/hairintatapauksissa\/\" class=\"more-link\">Read more<span class=\"screen-reader-text\"> &#8221;H\u00e4irint\u00e4tapauksissa&#8221;<\/span><\/a><\/p>","protected":false},"author":1,"featured_media":0,"parent":0,"menu_order":0,"comment_status":"closed","ping_status":"closed","template":"","meta":{"inspiro_hide_title":false,"footnotes":""},"class_list":["post-651","page","type-page","status-publish","hentry"],"_links":{"self":[{"href":"https:\/\/kymenlaaksonosakunta.fi\/sv\/wp-json\/wp\/v2\/pages\/651","targetHints":{"allow":["GET"]}}],"collection":[{"href":"https:\/\/kymenlaaksonosakunta.fi\/sv\/wp-json\/wp\/v2\/pages"}],"about":[{"href":"https:\/\/kymenlaaksonosakunta.fi\/sv\/wp-json\/wp\/v2\/types\/page"}],"author":[{"embeddable":true,"href":"https:\/\/kymenlaaksonosakunta.fi\/sv\/wp-json\/wp\/v2\/users\/1"}],"replies":[{"embeddable":true,"href":"https:\/\/kymenlaaksonosakunta.fi\/sv\/wp-json\/wp\/v2\/comments?post=651"}],"version-history":[{"count":19,"href":"https:\/\/kymenlaaksonosakunta.fi\/sv\/wp-json\/wp\/v2\/pages\/651\/revisions"}],"predecessor-version":[{"id":2007,"href":"https:\/\/kymenlaaksonosakunta.fi\/sv\/wp-json\/wp\/v2\/pages\/651\/revisions\/2007"}],"wp:attachment":[{"href":"https:\/\/kymenlaaksonosakunta.fi\/sv\/wp-json\/wp\/v2\/media?parent=651"}],"curies":[{"name":"wp","href":"https:\/\/api.w.org\/{rel}","templated":true}]}}