{"id":85,"date":"2016-08-23T01:04:46","date_gmt":"2016-08-22T22:04:46","guid":{"rendered":"http:\/\/kymenlaaksonosakunta.fi\/uudetsivut\/?page_id=85"},"modified":"2022-05-11T16:19:13","modified_gmt":"2022-05-11T13:19:13","slug":"svenska","status":"publish","type":"page","link":"https:\/\/kymenlaaksonosakunta.fi\/sv\/svenska\/","title":{"rendered":"V\u00e4lkommen till Kymenlaakson Osakunta!"},"content":{"rendered":"<p>Kymenlaakson Osakunta (KyO) \u00e4r en studentorganisation f\u00f6r h\u00f6gskolestuderande i Helsingforsregionen. St\u00f6rsta delen av v\u00e5ra medlemmar har r\u00f6tter i landskapet Kymmenedalen i Syd\u00f6stra Finland. Helsingfors universitet \u00e4r den andra gemensamma n\u00e4mnaren, men \u00e4ven andra universitet och h\u00f6gskolor \u00e4r representerade. KyO bjuder p\u00e5 ett m\u00e5ngfald aktiviteter \u00e5t sina medlemmar och allt \u00e4r organiserat av medlemmarna sj\u00e4lva. Sitser, ekskursioner, kulturaktiviteter, sport, resor och fria f\u00f6reningar h\u00f6r nationslivet till. Nationstidningen Kyps\u00e4 utkommer flera g\u00e5nger om \u00e5ret. I februari arrangeras den traditionella balen f\u00f6r att hedra KyO:s \u00e5rsdag. P\u00e5 senh\u00f6sten \u00e4r det dags f\u00f6r fest nummer tv\u00e5 i rangordningen, n\u00e4mligen Rajanylitys, vars tema varierar fr\u00e5n \u00e5r till \u00e5r. Nationens sommartr\u00e4ff ordnas alltid i Kymmenedalen f\u00f6r att uppeh\u00e5lla relationerna till moderlandskapet.<\/p>\n<h3>\u00d6ver 85 \u00e5r av nationsliv p\u00e5 KyO<\/h3>\n<p>\u00c5r 1933 uttr\u00e4dde kymmenedalingarna ur Wiipurilainen Osakunta och H\u00e4m\u00e4l\u00e4is-Osakunta, och besl\u00f6t att grunda en egen nation, Kymenlaakson Osakunta. Fr\u00e5n och med 1970-talet har nationen varit verksam i gemensamma utrymmen med Wiipurilainen och Karjalainen Osakunta samarbetet mellan dessa nationer florerar \u00e4ven p\u00e5 andra fronter. I dagsl\u00e4get befinner vi oss i HUS:s tredje studenthus Domus Gaudium som st\u00e5tt f\u00e4rdigt sedan 2009.<\/p>\n<h3>V\u00e4nnationer i Sverige, Estland och \u00c5bo<\/h3>\n<p>KyO har flera v\u00e4nnationer i utlandet. I Sverige \u00e4r de tv\u00e5: Kalmar Nation vid Uppsala universitet och Hallands Nation vid Lunds Universitet. V\u00e5r v\u00e4nnationer i Estland heter Korporatsioon Fraternitas Tartuensis och Korporatsioon Sororitas Estoniae, och \u00e4r bel\u00e4get i Tartu (Dorpat) och ocks\u00e5 Tallinn. I hemlandet v\u00e5r v\u00e4nnation i \u00c5bo\/Turku \u00e4r Savo-Karjalainen Osakunta. V\u00e4nnationerna \u00e4r alltid varmt v\u00e4lkomna till \u00e5rsfesten och Rajanylitys. Ifall du \u00e4r medlem av n\u00e5gon av dessa nationer och skulle ha lust att delta, tag d\u00e5 kontakt med v\u00e5r externansvarig som g\u00e4rna ber\u00e4ttar mer.<\/p>\n<h1>Kontaktuppgifter<\/h1>\n<p>Kurator (fin. kuraattori)<br \/>\n<i>kuraattori@kymenlaaksonosakunta.fi<br \/>\nKurator \u00e4r nationens ordf\u00f6rande, Q1.<\/p>\n<p><\/i><\/p>\n<p>Styrelseordf\u00f6rande (fin. hallituksen puheenjohtaja)<br \/>\n<em>puheenjohtaja@kymenlaaksonosakunta.fi<\/em><br \/>\nDen andra position i nationen.<\/p>\n<p>Externansvarig\u00a0 (fin. ulkoasiainsihteeri)<br \/>\n<em>ulkoasiainsihteeri@kymenlaaksonosakunta.fi\u00a0<\/em><br \/>\nHens uppgift \u00e4r att ha kontakt med v\u00e5ra v\u00e4nner utomlands.<\/p>\n<p>Sekriterare (fin. sihteeri)<br \/>\nsihteeri@kymenlaaksonosakunta.fi<br \/>\nHen mottagar all inbjuder.<\/p>\n<p>Kymenlaakson Osakunta<br \/>\nLepp\u00e4suonkatu 11<br \/>\n00100 HELSINKI<br \/>\nFINLAND<\/p>\n<p>Kymenlaakson Osakunta<br \/>\nAlk\u00e4rrsgatan 11<br \/>\n00100 HELSINGFORS<br \/>\nFINLAND<\/p>","protected":false},"excerpt":{"rendered":"<p>Kymenlaakson Osakunta (KyO) \u00e4r en studentorganisation f\u00f6r h\u00f6gskolestuderande i Helsingforsregionen. St\u00f6rsta delen av v\u00e5ra medlemmar har r\u00f6tter i landskapet Kymmenedalen i Syd\u00f6stra Finland. Helsingfors universitet \u00e4r den andra gemensamma n\u00e4mnaren, men \u00e4ven andra universitet och h\u00f6gskolor \u00e4r representerade. KyO bjuder p\u00e5 ett m\u00e5ngfald aktiviteter \u00e5t sina medlemmar och allt \u00e4r organiserat av medlemmarna sj\u00e4lva. Sitser, &hellip; <\/p>\n<p class=\"link-more\"><a href=\"https:\/\/kymenlaaksonosakunta.fi\/sv\/svenska\/\" class=\"more-link\">Read more<span class=\"screen-reader-text\"> &#8221;V\u00e4lkommen till Kymenlaakson Osakunta!&#8221;<\/span><\/a><\/p>","protected":false},"author":1,"featured_media":0,"parent":0,"menu_order":0,"comment_status":"closed","ping_status":"closed","template":"","meta":{"inspiro_hide_title":false,"footnotes":""},"class_list":["post-85","page","type-page","status-publish","hentry"],"_links":{"self":[{"href":"https:\/\/kymenlaaksonosakunta.fi\/sv\/wp-json\/wp\/v2\/pages\/85","targetHints":{"allow":["GET"]}}],"collection":[{"href":"https:\/\/kymenlaaksonosakunta.fi\/sv\/wp-json\/wp\/v2\/pages"}],"about":[{"href":"https:\/\/kymenlaaksonosakunta.fi\/sv\/wp-json\/wp\/v2\/types\/page"}],"author":[{"embeddable":true,"href":"https:\/\/kymenlaaksonosakunta.fi\/sv\/wp-json\/wp\/v2\/users\/1"}],"replies":[{"embeddable":true,"href":"https:\/\/kymenlaaksonosakunta.fi\/sv\/wp-json\/wp\/v2\/comments?post=85"}],"version-history":[{"count":14,"href":"https:\/\/kymenlaaksonosakunta.fi\/sv\/wp-json\/wp\/v2\/pages\/85\/revisions"}],"predecessor-version":[{"id":1132,"href":"https:\/\/kymenlaaksonosakunta.fi\/sv\/wp-json\/wp\/v2\/pages\/85\/revisions\/1132"}],"wp:attachment":[{"href":"https:\/\/kymenlaaksonosakunta.fi\/sv\/wp-json\/wp\/v2\/media?parent=85"}],"curies":[{"name":"wp","href":"https:\/\/api.w.org\/{rel}","templated":true}]}}